{"id":23786,"date":"2021-04-21T11:32:47","date_gmt":"2021-04-21T11:32:47","guid":{"rendered":"https:\/\/sacredeasttravel.com\/?page_id=23786"},"modified":"2021-04-21T11:32:47","modified_gmt":"2021-04-21T11:32:47","slug":"mausoleum-of-said-allauddin","status":"publish","type":"page","link":"https:\/\/sacredeasttravel.com\/fr\/uzbekistan\/khiva\/mausoleum-of-said-allauddin\/","title":{"rendered":"Mausol\u00e9e Sayid Allauddin"},"content":{"rendered":"<div class=\"vc_row wpb_row vc_row-fluid\"><div class=\"wpb_column vc_column_container vc_col-sm-12\"><div class=\"vc_column-inner\"><div class=\"wpb_wrapper\">\n\t<div  class=\"wpb_single_image wpb_content_element vc_align_left\">\n\t\t\n\t\t<figure class=\"wpb_wrapper vc_figure\">\n\t\t\t<div class=\"vc_single_image-wrapper   vc_box_border_grey\"><img width=\"900\" height=\"600\" src=\"https:\/\/sacredeasttravel.com\/wp-content\/uploads\/2021\/04\/800px-Sayid_Alaouddine_mausoleum_general_view_from_outside.jpg\" class=\"vc_single_image-img attachment-full\" alt=\"\" decoding=\"async\" loading=\"lazy\" srcset=\"https:\/\/sacredeasttravel.com\/wp-content\/uploads\/2021\/04\/800px-Sayid_Alaouddine_mausoleum_general_view_from_outside.jpg 900w, https:\/\/sacredeasttravel.com\/wp-content\/uploads\/2021\/04\/800px-Sayid_Alaouddine_mausoleum_general_view_from_outside-300x200.jpg 300w, https:\/\/sacredeasttravel.com\/wp-content\/uploads\/2021\/04\/800px-Sayid_Alaouddine_mausoleum_general_view_from_outside-768x512.jpg 768w, https:\/\/sacredeasttravel.com\/wp-content\/uploads\/2021\/04\/800px-Sayid_Alaouddine_mausoleum_general_view_from_outside-16x12.jpg 16w, https:\/\/sacredeasttravel.com\/wp-content\/uploads\/2021\/04\/800px-Sayid_Alaouddine_mausoleum_general_view_from_outside-600x400.jpg 600w\" sizes=\"(max-width: 900px) 100vw, 900px\" \/><\/div>\n\t\t<\/figure>\n\t<\/div>\n\n\t<div class=\"wpb_text_column wpb_content_element\" >\n\t\t<div class=\"wpb_wrapper\">\n\t\t\t<h2><strong>Mausol\u00e9e Sayid Allauddin<\/strong><\/h2>\n<hr class=\"divider active horizontal-break small\" \/>\n\n\t\t<\/div>\n\t<\/div>\n\n\t<div class=\"wpb_text_column wpb_content_element\" >\n\t\t<div class=\"wpb_wrapper\">\n\t\t\t<p>Dans la partie historique de Khiva, Itchan-kala, il y a l'un des anciens b\u00e2timents de la ville - le mausol\u00e9e de Sayid-Allauddin, caveau fun\u00e9raire du c\u00e9l\u00e8bre saint oriental et du cheikh soufi. Pour l'histoire s\u00e9culaire de l'existence, il a \u00e9t\u00e9 restaur\u00e9 \u00e0 plusieurs reprises et la date exacte de la construction est inconnue, mais selon les historiens, la construction a \u00e9t\u00e9 termin\u00e9e dans la seconde moiti\u00e9 du XIVe si\u00e8cle.<\/p>\n<p>Sayid Allauddin, \u00e9tant le parent du proph\u00e8te Muhammad, a pr\u00each\u00e9 l'Islam \u00e0 Khiva \u00e0 la fin du XIIIe si\u00e8cle. Il mourut en 1303 et cinquante ans plus tard, le mausol\u00e9e fut \u00e9rig\u00e9 sur la tombe du saint. Depuis ce temps, ce site est devenu l'un des centres de p\u00e8lerinage pour les croyants du monde entier. Amir Kulyal est consid\u00e9r\u00e9 comme l'architecte du mausol\u00e9e.<\/p>\n<p>L'architecture du mausol\u00e9e ne se distingue pas par une riche ornementation: murs de briques et d\u00f4mes, sans aucun visage. Le b\u00e2timent est de style asc\u00e9tique sans \u00e9l\u00e9ments pittoresques. Un petit b\u00e2timent carr\u00e9 (ziyarat-khona) a \u00e9t\u00e9 attach\u00e9 au mausol\u00e9e au XIXe si\u00e8cle. Cela a fait que l'entr\u00e9e du mausol\u00e9e est situ\u00e9e du nord. Le b\u00e2timent initial avait probablement des ornements (certains \u00e9l\u00e9ments ont \u00e9t\u00e9 trouv\u00e9s au cours de fouilles), mais en raison du grand nombre de reconstructions, ils n'ont pas \u00e9t\u00e9 pr\u00e9serv\u00e9s. Malgr\u00e9 l'apparence simple du b\u00e2timent, des milliers de p\u00e8lerins d'Ouzb\u00e9kistan et d'autres pays le visitent chaque ann\u00e9e.<\/p>\n\n\t\t<\/div>\n\t<\/div>\n<\/div><\/div><\/div><\/div><div class=\"vc_row wpb_row vc_row-fluid\"><div class=\"wpb_column vc_column_container vc_col-sm-12\"><div class=\"vc_column-inner\"><div class=\"wpb_wrapper\"><\/div><\/div><\/div><\/div>","protected":false},"excerpt":{"rendered":"Mausoleum of Said Allauddin In the historical part of Khiva, Itchan-kala, there is one of the ancient buildings of the city \u2013 Mausoleum of Sayid-Allauddin,...","protected":false},"author":1,"featured_media":0,"parent":23451,"menu_order":0,"comment_status":"closed","ping_status":"closed","template":"","meta":[],"_links":{"self":[{"href":"https:\/\/sacredeasttravel.com\/fr\/wp-json\/wp\/v2\/pages\/23786"}],"collection":[{"href":"https:\/\/sacredeasttravel.com\/fr\/wp-json\/wp\/v2\/pages"}],"about":[{"href":"https:\/\/sacredeasttravel.com\/fr\/wp-json\/wp\/v2\/types\/page"}],"author":[{"embeddable":true,"href":"https:\/\/sacredeasttravel.com\/fr\/wp-json\/wp\/v2\/users\/1"}],"replies":[{"embeddable":true,"href":"https:\/\/sacredeasttravel.com\/fr\/wp-json\/wp\/v2\/comments?post=23786"}],"version-history":[{"count":1,"href":"https:\/\/sacredeasttravel.com\/fr\/wp-json\/wp\/v2\/pages\/23786\/revisions"}],"predecessor-version":[{"id":23788,"href":"https:\/\/sacredeasttravel.com\/fr\/wp-json\/wp\/v2\/pages\/23786\/revisions\/23788"}],"up":[{"embeddable":true,"href":"https:\/\/sacredeasttravel.com\/fr\/wp-json\/wp\/v2\/pages\/23451"}],"wp:attachment":[{"href":"https:\/\/sacredeasttravel.com\/fr\/wp-json\/wp\/v2\/media?parent=23786"}],"curies":[{"name":"wp","href":"https:\/\/api.w.org\/{rel}","templated":true}]}}