{"id":23792,"date":"2021-04-21T11:37:51","date_gmt":"2021-04-21T11:37:51","guid":{"rendered":"https:\/\/sacredeasttravel.com\/?page_id=23792"},"modified":"2021-04-21T11:37:51","modified_gmt":"2021-04-21T11:37:51","slug":"tash-hauli-palace","status":"publish","type":"page","link":"https:\/\/sacredeasttravel.com\/fr\/uzbekistan\/khiva\/tash-hauli-palace\/","title":{"rendered":"Palais de Tash-Khovli"},"content":{"rendered":"<div class=\"vc_row wpb_row vc_row-fluid\"><div class=\"wpb_column vc_column_container vc_col-sm-12\"><div class=\"vc_column-inner\"><div class=\"wpb_wrapper\">\n\t<div  class=\"wpb_single_image wpb_content_element vc_align_left\">\n\t\t\n\t\t<figure class=\"wpb_wrapper vc_figure\">\n\t\t\t<div class=\"vc_single_image-wrapper   vc_box_border_grey\"><img width=\"900\" height=\"600\" src=\"https:\/\/sacredeasttravel.com\/wp-content\/uploads\/2021\/04\/8a7b4a607cb6eaf28374751673c93833.jpg\" class=\"vc_single_image-img attachment-full\" alt=\"\" decoding=\"async\" loading=\"lazy\" srcset=\"https:\/\/sacredeasttravel.com\/wp-content\/uploads\/2021\/04\/8a7b4a607cb6eaf28374751673c93833.jpg 900w, https:\/\/sacredeasttravel.com\/wp-content\/uploads\/2021\/04\/8a7b4a607cb6eaf28374751673c93833-300x200.jpg 300w, https:\/\/sacredeasttravel.com\/wp-content\/uploads\/2021\/04\/8a7b4a607cb6eaf28374751673c93833-768x512.jpg 768w, https:\/\/sacredeasttravel.com\/wp-content\/uploads\/2021\/04\/8a7b4a607cb6eaf28374751673c93833-16x12.jpg 16w, https:\/\/sacredeasttravel.com\/wp-content\/uploads\/2021\/04\/8a7b4a607cb6eaf28374751673c93833-600x400.jpg 600w\" sizes=\"(max-width: 900px) 100vw, 900px\" \/><\/div>\n\t\t<\/figure>\n\t<\/div>\n\n\t<div class=\"wpb_text_column wpb_content_element\" >\n\t\t<div class=\"wpb_wrapper\">\n\t\t\t<h2><strong>Palais de Tash-Khovli<\/strong><\/h2>\n<hr class=\"divider active horizontal-break small\" \/>\n\n\t\t<\/div>\n\t<\/div>\n\n\t<div class=\"wpb_text_column wpb_content_element\" >\n\t\t<div class=\"wpb_wrapper\">\n\t\t\t<p>Dans la premi\u00e8re moiti\u00e9 du XIXe si\u00e8cle, le palais Tash-Khovli (domaine en pierre) a \u00e9t\u00e9 construit dans la partie orientale du centre-ville. Ce complexe d'un b\u00e2timent de trois m\u00e8tres a un plan rectangulaire, dans la partie sud se trouvent la cour de r\u00e9ception, Arz-Khovli, et une cour de divertissement, Ishrat-Khovli. La partie nord est occup\u00e9e par un harem. Des labyrinthes de couloirs rejoignent les cours et les b\u00e2timents. Les fr\u00e8res et parents du khan vivaient dans le palais. Les deux portes font face \u00e0 l'ouest et au sud. Toutes les constructions ont \u00e9t\u00e9 construites \u00e0 partir de briques de haute qualit\u00e9. Les murs de cl\u00f4ture du palais se retrouvent avec des rouages \u200b\u200bfigur\u00e9s. De la plan\u00e9it\u00e9 du mur, les hautes tours bien port\u00e9es se d\u00e9tachent.<\/p>\n<p>Arz-khovli et Ishrat-Khovli ont un plan identique. Autour de la partie sud des cours carr\u00e9es, de hauts aivans \u00e0 un seul pilier sont construits avec les maisons principales derri\u00e8re eux. De l'autre c\u00f4t\u00e9 se trouvent les chambres pour les h\u00f4tes avec de petites fourgonnettes au deuxi\u00e8me \u00e9tage. Cinq excellents aivans se succ\u00e8dent dans le harern. Ils sont ouverts pour affronter les vents du nord. Deux salles ont \u00e9t\u00e9 construites derri\u00e8re les fourgons \u00e0 travers une entr\u00e9e principale en majolique avec un plafond peint. Ce sont des habitations simplement d\u00e9cor\u00e9es.<br><br>Tous les \u00e9l\u00e9ments de l'architecture sont efficaces et \u00e9l\u00e9gants. Les fa\u00e7ades ext\u00e9rieures ne sont pas recouvertes, mais les murs des cours sont s\u00e9par\u00e9s en panneaux s\u00e9par\u00e9s et d\u00e9cor\u00e9s avec de la majolique d'un motif de tapis. Les hauts aivans ont conserv\u00e9 leur design d\u00e9coratif. Les plafonds suspendus d\u00e9coratifs ont \u00e9t\u00e9 install\u00e9s. Les d\u00e9corations g\u00e9om\u00e9triques et v\u00e9g\u00e9tales sur les bases en marbre sculpt\u00e9 et les piliers en bois, et les dalles de majolique sont remplies de r\u00e9cits \u00e9pigraphiques sur l'histoire de Khiva Khans. Les balustrades du deuxi\u00e8me \u00e9tage repr\u00e9sentent un ensemble de cl\u00f4tures (panjar-as). Les plafonds d\u00e9cor\u00e9s sont de couleur rouge dor\u00e9. Le parement des int\u00e9rieurs est assez simple. Des arbres en fleurs dans des couleurs noires et bleues sobres sont repr\u00e9sent\u00e9s de mani\u00e8re pittoresque sur les murs.<br><br>\n\nLe chantier de Tash-Khovli est c\u00e9l\u00e8bre pour sa conception r\u00e9fl\u00e9chie. Le contraste des structures ouvertes et ferm\u00e9es et l'utilisation cr\u00e9ative de la lumi\u00e8re et de l'ombre a attir\u00e9 un commentaire particulier. La synth\u00e8se originale de l'architecture et de l'art d\u00e9coratif monumental dans le travail cr\u00e9atif des ma\u00eetres Khorezm est repr\u00e9sent\u00e9e de mani\u00e8re vivante par ce palais.<br><br>Le commerce a prosp\u00e9r\u00e9 aux portes de Pahla-van-darvaza \u00e0 travers les \u00e2ges. De petits \u00e9tals de rue vendant de la nourriture ont toujours \u00e9t\u00e9 l\u00e0, dans les ann\u00e9es 1830, sur ordre d'Alla-Kuli-khan, un caravans\u00e9rail a \u00e9t\u00e9 construit \u00e0 proximit\u00e9 et des marchandises ont \u00e9t\u00e9 apport\u00e9es ici par des caravanes de nombreux pays.\n\nLa planification du caravans\u00e9rail est simple et confortable. C'est un b\u00e2timent rectangulaire sym\u00e9trique avec une cour, sur le p\u00e9rim\u00e8tre de laquelle se trouvent des salles vo\u00fbt\u00e9es \u00e0 deux \u00e9tages. Traditionnellement, un portail s\u00e9pare la sortie et le niveau de la cour est abaiss\u00e9 au centre, ce qui \u00e9tait confortable pour le d\u00e9chargement des b\u00eates de somme. Les marchands sont rest\u00e9s ici et les marchandises ont \u00e9t\u00e9 conserv\u00e9es et \u00e9chang\u00e9es ici.\n\nPr\u00e8s de la fa\u00e7ade principale, orient\u00e9e au sud, un bazar couvert (tim) a \u00e9t\u00e9 construit; maintenant le tim et le caravans\u00e9rail constituent une seule zone. Le bazar couvert est une composition \u00e0 plusieurs coupoles s'\u00e9tendant le long d'un axe ouest-est. Il y a une salle au centre menant au caravans\u00e9rail. Le trading se d\u00e9roule sur les \u00e9tals lat\u00e9raux. Au cours des si\u00e8cles pr\u00e9c\u00e9dents, on pouvait acheter des marchandises import\u00e9es de Chine, d'Angleterre et du khanat de Boukhara.<\/p>\n\n\t\t<\/div>\n\t<\/div>\n<\/div><\/div><\/div><\/div><div class=\"vc_row wpb_row vc_row-fluid\"><div class=\"wpb_column vc_column_container vc_col-sm-12\"><div class=\"vc_column-inner\"><div class=\"wpb_wrapper\"><\/div><\/div><\/div><\/div>","protected":false},"excerpt":{"rendered":"Tash Hauli Palace The palace is situated in the eastern part of Khiva, and was built by Alla-Kuli-khan. The construction had taken about 8 years,...","protected":false},"author":1,"featured_media":0,"parent":23451,"menu_order":0,"comment_status":"closed","ping_status":"closed","template":"","meta":[],"_links":{"self":[{"href":"https:\/\/sacredeasttravel.com\/fr\/wp-json\/wp\/v2\/pages\/23792"}],"collection":[{"href":"https:\/\/sacredeasttravel.com\/fr\/wp-json\/wp\/v2\/pages"}],"about":[{"href":"https:\/\/sacredeasttravel.com\/fr\/wp-json\/wp\/v2\/types\/page"}],"author":[{"embeddable":true,"href":"https:\/\/sacredeasttravel.com\/fr\/wp-json\/wp\/v2\/users\/1"}],"replies":[{"embeddable":true,"href":"https:\/\/sacredeasttravel.com\/fr\/wp-json\/wp\/v2\/comments?post=23792"}],"version-history":[{"count":1,"href":"https:\/\/sacredeasttravel.com\/fr\/wp-json\/wp\/v2\/pages\/23792\/revisions"}],"predecessor-version":[{"id":23794,"href":"https:\/\/sacredeasttravel.com\/fr\/wp-json\/wp\/v2\/pages\/23792\/revisions\/23794"}],"up":[{"embeddable":true,"href":"https:\/\/sacredeasttravel.com\/fr\/wp-json\/wp\/v2\/pages\/23451"}],"wp:attachment":[{"href":"https:\/\/sacredeasttravel.com\/fr\/wp-json\/wp\/v2\/media?parent=23792"}],"curies":[{"name":"wp","href":"https:\/\/api.w.org\/{rel}","templated":true}]}}