{"id":23795,"date":"2021-04-21T11:40:36","date_gmt":"2021-04-21T11:40:36","guid":{"rendered":"https:\/\/sacredeasttravel.com\/?page_id=23795"},"modified":"2021-04-21T11:40:36","modified_gmt":"2021-04-21T11:40:36","slug":"%d1%81omplex-of-pahlavan-mahmud","status":"publish","type":"page","link":"https:\/\/sacredeasttravel.com\/fr\/uzbekistan\/khiva\/%d1%81omplex-of-pahlavan-mahmud\/","title":{"rendered":"Mausol\u00e9e de Makhmud Pakhlavan"},"content":{"rendered":"<div class=\"vc_row wpb_row vc_row-fluid\"><div class=\"wpb_column vc_column_container vc_col-sm-12\"><div class=\"vc_column-inner\"><div class=\"wpb_wrapper\">\n\t<div  class=\"wpb_single_image wpb_content_element vc_align_left\">\n\t\t\n\t\t<figure class=\"wpb_wrapper vc_figure\">\n\t\t\t<div class=\"vc_single_image-wrapper   vc_box_border_grey\"><img width=\"900\" height=\"600\" src=\"https:\/\/sacredeasttravel.com\/wp-content\/uploads\/2021\/04\/makhmud-pakhlavan1.jpg\" class=\"vc_single_image-img attachment-full\" alt=\"\" decoding=\"async\" loading=\"lazy\" srcset=\"https:\/\/sacredeasttravel.com\/wp-content\/uploads\/2021\/04\/makhmud-pakhlavan1.jpg 900w, https:\/\/sacredeasttravel.com\/wp-content\/uploads\/2021\/04\/makhmud-pakhlavan1-300x200.jpg 300w, https:\/\/sacredeasttravel.com\/wp-content\/uploads\/2021\/04\/makhmud-pakhlavan1-768x512.jpg 768w, https:\/\/sacredeasttravel.com\/wp-content\/uploads\/2021\/04\/makhmud-pakhlavan1-16x12.jpg 16w, https:\/\/sacredeasttravel.com\/wp-content\/uploads\/2021\/04\/makhmud-pakhlavan1-600x400.jpg 600w\" sizes=\"(max-width: 900px) 100vw, 900px\" \/><\/div>\n\t\t<\/figure>\n\t<\/div>\n\n\t<div class=\"wpb_text_column wpb_content_element\" >\n\t\t<div class=\"wpb_wrapper\">\n\t\t\t<h2><strong>Mausol\u00e9e de Makhmud Pakhlavan<\/strong><\/h2>\n<hr class=\"divider active horizontal-break small\" \/>\n\n\t\t<\/div>\n\t<\/div>\n\n\t<div class=\"wpb_text_column wpb_content_element\" >\n\t\t<div class=\"wpb_wrapper\">\n\t\t\t<p>Si les d\u00f4mes bleus en tant que symbole de l'architecture orientale se trouvent souvent \u00e0 Samarkand et \u00e0 Boukhara, il n'y a qu'un seul d\u00f4me bleu \u00e0 Khiva. Il d\u00e9core la tombe de Makhmud Pahlavan, c\u00e9l\u00e8bre po\u00e8te et guerrier du XIVe si\u00e8cle. Il y a beaucoup de l\u00e9gendes sur sa force et son courage. L'une des l\u00e9gendes raconte que Pahlavan a conquis le souverain indien, et ce dernier a accept\u00e9 de le r\u00e9compenser avec tout ce que le h\u00e9ros souhaiterait. Puis Pahlavan Makhmud a dit: \u00abLib\u00e9rez mes compatriotes de prison.\u00bb Et quand le dirigeant a demand\u00e9 combien de personnes il devait lib\u00e9rer, Pakhlavan a dit \u00e0 tous ceux qui entreraient dans une peau de vache. Il a coup\u00e9 la peau en fines lani\u00e8res, les a attach\u00e9es en une seule grande ceinture et a envelopp\u00e9 tous les prisonniers avec la ceinture. Alors Makhmud a sauv\u00e9 de nombreuses personnes de l'esclavage. Apr\u00e8s sa mort, le clerg\u00e9 musulman l'a canonis\u00e9.<br><br>Le complexe n'a \u00e9t\u00e9 construit qu'en 1701, selon l'inscription sur les portes en pierre. Le d\u00f4me du mausol\u00e9e est recouvert de carreaux \u00e9maill\u00e9s bleus avec un dessus dor\u00e9 scintillant. \u00c0 l'origine, le mausol\u00e9e \u00e9tait petit et modeste, mais il est rapidement devenu un lieu de p\u00e8lerinage avec de nombreux hujras, khanakas et mosqu\u00e9es. Les murs du mausol\u00e9e sont d\u00e9cor\u00e9s de majolique magnifique. Dans le mausol\u00e9e de Pahlavan Mahmud, les gens prient et boivent l'eau b\u00e9nite.<\/p>\n\n\t\t<\/div>\n\t<\/div>\n<\/div><\/div><\/div><\/div><div class=\"vc_row wpb_row vc_row-fluid\"><div class=\"wpb_column vc_column_container vc_col-sm-12\"><div class=\"vc_column-inner\"><div class=\"wpb_wrapper\"><\/div><\/div><\/div><\/div>","protected":false},"excerpt":{"rendered":"\u0421omplex of Pahlavan Mahmud The complex of the Pahlavan Mahmud mausoleum was built only in 1701, as evidenced by the engraving on the stone gates....","protected":false},"author":1,"featured_media":0,"parent":23451,"menu_order":0,"comment_status":"closed","ping_status":"closed","template":"","meta":[],"_links":{"self":[{"href":"https:\/\/sacredeasttravel.com\/fr\/wp-json\/wp\/v2\/pages\/23795"}],"collection":[{"href":"https:\/\/sacredeasttravel.com\/fr\/wp-json\/wp\/v2\/pages"}],"about":[{"href":"https:\/\/sacredeasttravel.com\/fr\/wp-json\/wp\/v2\/types\/page"}],"author":[{"embeddable":true,"href":"https:\/\/sacredeasttravel.com\/fr\/wp-json\/wp\/v2\/users\/1"}],"replies":[{"embeddable":true,"href":"https:\/\/sacredeasttravel.com\/fr\/wp-json\/wp\/v2\/comments?post=23795"}],"version-history":[{"count":1,"href":"https:\/\/sacredeasttravel.com\/fr\/wp-json\/wp\/v2\/pages\/23795\/revisions"}],"predecessor-version":[{"id":23797,"href":"https:\/\/sacredeasttravel.com\/fr\/wp-json\/wp\/v2\/pages\/23795\/revisions\/23797"}],"up":[{"embeddable":true,"href":"https:\/\/sacredeasttravel.com\/fr\/wp-json\/wp\/v2\/pages\/23451"}],"wp:attachment":[{"href":"https:\/\/sacredeasttravel.com\/fr\/wp-json\/wp\/v2\/media?parent=23795"}],"curies":[{"name":"wp","href":"https:\/\/api.w.org\/{rel}","templated":true}]}}