{"id":23801,"date":"2021-04-21T11:44:51","date_gmt":"2021-04-21T11:44:51","guid":{"rendered":"https:\/\/sacredeasttravel.com\/?page_id=23801"},"modified":"2021-04-21T11:44:51","modified_gmt":"2021-04-21T11:44:51","slug":"complex-islom-khoja","status":"publish","type":"page","link":"https:\/\/sacredeasttravel.com\/fr\/uzbekistan\/khiva\/complex-islom-khoja\/","title":{"rendered":"Complexe Islam Khoja"},"content":{"rendered":"<div class=\"vc_row wpb_row vc_row-fluid\"><div class=\"wpb_column vc_column_container vc_col-sm-12\"><div class=\"vc_column-inner\"><div class=\"wpb_wrapper\">\n\t<div  class=\"wpb_single_image wpb_content_element vc_align_left\">\n\t\t\n\t\t<figure class=\"wpb_wrapper vc_figure\">\n\t\t\t<div class=\"vc_single_image-wrapper   vc_box_border_grey\"><img width=\"900\" height=\"600\" src=\"https:\/\/sacredeasttravel.com\/wp-content\/uploads\/2021\/04\/islam-khoja-complex1.jpg\" class=\"vc_single_image-img attachment-full\" alt=\"\" decoding=\"async\" loading=\"lazy\" srcset=\"https:\/\/sacredeasttravel.com\/wp-content\/uploads\/2021\/04\/islam-khoja-complex1.jpg 900w, https:\/\/sacredeasttravel.com\/wp-content\/uploads\/2021\/04\/islam-khoja-complex1-300x200.jpg 300w, https:\/\/sacredeasttravel.com\/wp-content\/uploads\/2021\/04\/islam-khoja-complex1-768x512.jpg 768w, https:\/\/sacredeasttravel.com\/wp-content\/uploads\/2021\/04\/islam-khoja-complex1-16x12.jpg 16w, https:\/\/sacredeasttravel.com\/wp-content\/uploads\/2021\/04\/islam-khoja-complex1-600x400.jpg 600w\" sizes=\"(max-width: 900px) 100vw, 900px\" \/><\/div>\n\t\t<\/figure>\n\t<\/div>\n\n\t<div class=\"wpb_text_column wpb_content_element\" >\n\t\t<div class=\"wpb_wrapper\">\n\t\t\t<h2><strong>Complexe Islam Khoja<\/strong><\/h2>\n<hr class=\"divider active horizontal-break small\" \/>\n\n\t\t<\/div>\n\t<\/div>\n\n\t<div class=\"wpb_text_column wpb_content_element\" >\n\t\t<div class=\"wpb_wrapper\">\n\t\t\t<p>Ce complexe presque moderne remonte au d\u00e9but du XXe si\u00e8cle. Il comprend un minaret et une mosqu\u00e9e. Le complexe est appel\u00e9 en l'honneur d'Islam Khoja, Premier ministre d'Isfandiar Khan. Le minaret de l'Islam Khoja est appel\u00e9 le symbole de Khiva.\n\nIl est r\u00e9tr\u00e9ci vers le haut, qui remonte aux premiers exemples de l'architecture du XIVe si\u00e8cle. La ma\u00e7onnerie alterne avec des bandes de motifs vitr\u00e9s sur le minaret. La hauteur du minaret 56.6 m\u00e8tres, le diam\u00e8tre du fond est de 9.5 \u00e0 la base.<br><br>L'Islam Khoja Madrasah est situ\u00e9 derri\u00e8re le minaret. Il se compose de 42 hujras et d'une grande salle en forme de d\u00f4me. Les comp\u00e9tences des constructeurs sont illustr\u00e9es par des combinaisons contrast\u00e9es de formes architecturales habilement utilis\u00e9es dans un espace limit\u00e9. La niche Mihrab est d\u00e9cor\u00e9e de majolique et de ganch. La fa\u00e7ade est d\u00e9cor\u00e9e de gla\u00e7ure.\n\nLe minaret de l'Islam Khoja, construit pr\u00e8s de la madrasah, est la plus haute structure de Khiva et en est devenu le symbole. Le minaret est \u00e0 44 m. haute; le diam\u00e8tre sur la fondation est d'environ 10 m. L'arbre du minaret diminue de son diam\u00e8tre \u00e0 mesure qu'il s'\u00e9l\u00e8ve et produit une impression inhabituelle.\n\nDes ceintures d\u00e9coratives de c\u00e9ramiques bleues et blanches altern\u00e9es avec des briques ocres ornent le minaret. Il est surmont\u00e9 d'une lanterne cintr\u00e9e et d'une couronne dor\u00e9e.\n\nLe minaret domine sa partie de la ville et concentre autour de lui des milliers de coupoles et de constructions vo\u00fbt\u00e9es. Les diff\u00e9rentes tailles des b\u00e2timents \u00e0 l'approche du minaret de l'Islam Khoja contrastent avec sa masse, montrant l'habilet\u00e9 d'urbanisme des architectes de Khorezm.<\/p>\n\n\t\t<\/div>\n\t<\/div>\n<\/div><\/div><\/div><\/div><div class=\"vc_row wpb_row vc_row-fluid\"><div class=\"wpb_column vc_column_container vc_col-sm-12\"><div class=\"vc_column-inner\"><div class=\"wpb_wrapper\"><\/div><\/div><\/div><\/div>","protected":false},"excerpt":{"rendered":"Complex Islom Khoja This almost modern complex, Dating back to the beginning of the XX century, includes a minaret and madrasah, United under the name...","protected":false},"author":1,"featured_media":0,"parent":23451,"menu_order":0,"comment_status":"closed","ping_status":"closed","template":"","meta":[],"_links":{"self":[{"href":"https:\/\/sacredeasttravel.com\/fr\/wp-json\/wp\/v2\/pages\/23801"}],"collection":[{"href":"https:\/\/sacredeasttravel.com\/fr\/wp-json\/wp\/v2\/pages"}],"about":[{"href":"https:\/\/sacredeasttravel.com\/fr\/wp-json\/wp\/v2\/types\/page"}],"author":[{"embeddable":true,"href":"https:\/\/sacredeasttravel.com\/fr\/wp-json\/wp\/v2\/users\/1"}],"replies":[{"embeddable":true,"href":"https:\/\/sacredeasttravel.com\/fr\/wp-json\/wp\/v2\/comments?post=23801"}],"version-history":[{"count":1,"href":"https:\/\/sacredeasttravel.com\/fr\/wp-json\/wp\/v2\/pages\/23801\/revisions"}],"predecessor-version":[{"id":23803,"href":"https:\/\/sacredeasttravel.com\/fr\/wp-json\/wp\/v2\/pages\/23801\/revisions\/23803"}],"up":[{"embeddable":true,"href":"https:\/\/sacredeasttravel.com\/fr\/wp-json\/wp\/v2\/pages\/23451"}],"wp:attachment":[{"href":"https:\/\/sacredeasttravel.com\/fr\/wp-json\/wp\/v2\/media?parent=23801"}],"curies":[{"name":"wp","href":"https:\/\/api.w.org\/{rel}","templated":true}]}}