{"id":23835,"date":"2021-04-21T14:53:42","date_gmt":"2021-04-21T14:53:42","guid":{"rendered":"https:\/\/sacredeasttravel.com\/?page_id=23835"},"modified":"2021-06-28T18:35:17","modified_gmt":"2021-06-28T18:35:17","slug":"archaeological-museum-of-termez","status":"publish","type":"page","link":"https:\/\/sacredeasttravel.com\/fr\/uzbekistan\/termez\/archaeological-museum-of-termez\/","title":{"rendered":"Mus\u00e9e arch\u00e9ologique de Termez"},"content":{"rendered":"<div class=\"vc_row wpb_row vc_row-fluid\"><div class=\"wpb_column vc_column_container vc_col-sm-12\"><div class=\"vc_column-inner\"><div class=\"wpb_wrapper\">\n\t<div  class=\"wpb_single_image wpb_content_element vc_align_left\">\n\t\t\n\t\t<figure class=\"wpb_wrapper vc_figure\">\n\t\t\t<div class=\"vc_single_image-wrapper   vc_box_border_grey\"><img width=\"900\" height=\"600\" src=\"https:\/\/sacredeasttravel.com\/wp-content\/uploads\/2021\/04\/archaeological-museum.jpg\" class=\"vc_single_image-img attachment-full\" alt=\"\" decoding=\"async\" loading=\"lazy\" srcset=\"https:\/\/sacredeasttravel.com\/wp-content\/uploads\/2021\/04\/archaeological-museum.jpg 900w, https:\/\/sacredeasttravel.com\/wp-content\/uploads\/2021\/04\/archaeological-museum-300x200.jpg 300w, https:\/\/sacredeasttravel.com\/wp-content\/uploads\/2021\/04\/archaeological-museum-768x512.jpg 768w, https:\/\/sacredeasttravel.com\/wp-content\/uploads\/2021\/04\/archaeological-museum-16x12.jpg 16w, https:\/\/sacredeasttravel.com\/wp-content\/uploads\/2021\/04\/archaeological-museum-600x400.jpg 600w\" sizes=\"(max-width: 900px) 100vw, 900px\" \/><\/div>\n\t\t<\/figure>\n\t<\/div>\n\n\t<div class=\"wpb_text_column wpb_content_element\" >\n\t\t<div class=\"wpb_wrapper\">\n\t\t\t<h2>Mus\u00e9e arch\u00e9ologique de Termez<\/h2>\n<hr class=\"divider active horizontal-break small\" \/>\n\n\t\t<\/div>\n\t<\/div>\n\n\t<div class=\"wpb_text_column wpb_content_element\" >\n\t\t<div class=\"wpb_wrapper\">\n\t\t\t<p>Termez est l'une des villes les plus anciennes d'Asie centrale. Des monuments architecturaux uniques de la p\u00e9riode Kushan, en particulier le complexe de temples bouddhistes Airatam, l'un des joyaux architecturaux de l'Asie centrale de la p\u00e9riode Kushan, sont situ\u00e9s \u00e0 Termez. De nombreuses fouilles y ont r\u00e9v\u00e9l\u00e9 d'anciennes d\u00e9couvertes arch\u00e9ologiques des p\u00e9riodes gr\u00e9co-bactrienne et kushan de l'histoire de l'Asie centrale, qui, apr\u00e8s de nombreux examens, ont \u00e9t\u00e9 d\u00e9pos\u00e9es au mus\u00e9e d'histoire de l'Ouzb\u00e9kistan et au mus\u00e9e arch\u00e9ologique de Termez.<\/p>\n<p>L'ouverture du mus\u00e9e le 2 avril 2002 a comm\u00e9mor\u00e9 le 2500e anniversaire de Termez. Contrairement au mus\u00e9e d'histoire, ce mus\u00e9e a une sp\u00e9cialisation \u00e9troite. La plupart des artefacts sont des vestiges arch\u00e9ologiques ou des objets li\u00e9s d'une mani\u00e8re ou d'une autre \u00e0 l'arch\u00e9ologie. Ce mus\u00e9e est unique dans toute l'Asie centrale.<\/p>\n<p>Le fonds du mus\u00e9e arch\u00e9ologique de Termez r\u00e9pertorie plus de 27,000 XNUMX expositions. Ils comprennent des articles m\u00e9nagers: vaisselle, ustensiles et bien d'autres choses; des armes, \u00e0 la fois anciennes et m\u00e9di\u00e9vales, des pi\u00e8ces de monnaie et des timbres de dirigeants, etc. En outre, il existe une \u00e9norme collection de peintures et de sculptures antiques. Ce ne sont pas seulement des sculptures de la p\u00e9riode gr\u00e9co-bactrienne, mais aussi des statues bouddhistes d\u00e9couvertes dans des monast\u00e8res en ruine de la p\u00e9riode Kushan.<\/p>\n<p>Dans les salles principales du mus\u00e9e, toutes les expositions sont rassembl\u00e9es et class\u00e9es par p\u00e9riode, \u00e0 partir de l'\u00e2ge de pierre jusqu'\u00e0 l'\u00e9poque des khanats. Toutes les expositions sont bien syst\u00e9matis\u00e9es et catalogu\u00e9es, de sorte que tout visiteur puisse facilement trouver l'objet d'int\u00e9r\u00eat.<\/p>\n<p>Le fonds du mus\u00e9e comprend \u00e9galement des sources \u00e9crites: livres, correspondance des dirigeants, documents \u00e9conomiques. Tous ces objets sont conserv\u00e9s dans la biblioth\u00e8que du mus\u00e9e d'environ 16,000 XNUMX livres et documents. En gros, toute la litt\u00e9rature est en arabe et en persan, datant de la p\u00e9riode du Moyen \u00c2ge.<\/p>\n<p>Le mus\u00e9e arch\u00e9ologique de Termez est l'un des rares mus\u00e9es \u00e0 proposer \u00e0 ses visiteurs de d\u00e9couvrir une telle vari\u00e9t\u00e9 d'expositions de la p\u00e9riode ancienne en Asie centrale. De nombreuses d\u00e9couvertes sont uniques. Les visiteurs du mus\u00e9e appr\u00e9cieront un voyage dans le monde de l'arch\u00e9ologie.<\/p>\n<p>In addition, the Termez Archeological Museum actively participates in republican international exhibitions. Thus, in 2008, 32 local exhibits relating to the culture of Buddhism were demonstrated with great success in museums in 8 Japanese cities.<\/p>\n\n\t\t<\/div>\n\t<\/div>\n<\/div><\/div><\/div><\/div><div class=\"vc_row wpb_row vc_row-fluid\"><div class=\"wpb_column vc_column_container vc_col-sm-12\"><div class=\"vc_column-inner\"><div class=\"wpb_wrapper\"><\/div><\/div><\/div><\/div>","protected":false},"excerpt":{"rendered":"Termez Archaeological Museum The Termez Archeological Museum was built and opened in 2002 to celebrate the 2500th anniversary of the city of Termez. Today it...","protected":false},"author":1,"featured_media":0,"parent":23577,"menu_order":0,"comment_status":"closed","ping_status":"closed","template":"","meta":[],"_links":{"self":[{"href":"https:\/\/sacredeasttravel.com\/fr\/wp-json\/wp\/v2\/pages\/23835"}],"collection":[{"href":"https:\/\/sacredeasttravel.com\/fr\/wp-json\/wp\/v2\/pages"}],"about":[{"href":"https:\/\/sacredeasttravel.com\/fr\/wp-json\/wp\/v2\/types\/page"}],"author":[{"embeddable":true,"href":"https:\/\/sacredeasttravel.com\/fr\/wp-json\/wp\/v2\/users\/1"}],"replies":[{"embeddable":true,"href":"https:\/\/sacredeasttravel.com\/fr\/wp-json\/wp\/v2\/comments?post=23835"}],"version-history":[{"count":2,"href":"https:\/\/sacredeasttravel.com\/fr\/wp-json\/wp\/v2\/pages\/23835\/revisions"}],"predecessor-version":[{"id":24565,"href":"https:\/\/sacredeasttravel.com\/fr\/wp-json\/wp\/v2\/pages\/23835\/revisions\/24565"}],"up":[{"embeddable":true,"href":"https:\/\/sacredeasttravel.com\/fr\/wp-json\/wp\/v2\/pages\/23577"}],"wp:attachment":[{"href":"https:\/\/sacredeasttravel.com\/fr\/wp-json\/wp\/v2\/media?parent=23835"}],"curies":[{"name":"wp","href":"https:\/\/api.w.org\/{rel}","templated":true}]}}