{"id":23853,"date":"2021-04-21T15:06:07","date_gmt":"2021-04-21T15:06:07","guid":{"rendered":"https:\/\/sacredeasttravel.com\/?page_id=23853"},"modified":"2021-04-21T17:25:24","modified_gmt":"2021-04-21T17:25:24","slug":"ayaz-kala","status":"publish","type":"page","link":"https:\/\/sacredeasttravel.com\/fr\/uzbekistan\/nukus\/ayaz-kala\/","title":{"rendered":"Ayaz-Kala"},"content":{"rendered":"<div class=\"vc_row wpb_row vc_row-fluid\"><div class=\"wpb_column vc_column_container vc_col-sm-12\"><div class=\"vc_column-inner\"><div class=\"wpb_wrapper\">\n\t<div  class=\"wpb_single_image wpb_content_element vc_align_left\">\n\t\t\n\t\t<figure class=\"wpb_wrapper vc_figure\">\n\t\t\t<div class=\"vc_single_image-wrapper   vc_box_border_grey\"><img width=\"900\" height=\"600\" src=\"https:\/\/sacredeasttravel.com\/wp-content\/uploads\/2021\/04\/ayaz-kala.jpg\" class=\"vc_single_image-img attachment-full\" alt=\"\" decoding=\"async\" loading=\"lazy\" srcset=\"https:\/\/sacredeasttravel.com\/wp-content\/uploads\/2021\/04\/ayaz-kala.jpg 900w, https:\/\/sacredeasttravel.com\/wp-content\/uploads\/2021\/04\/ayaz-kala-300x200.jpg 300w, https:\/\/sacredeasttravel.com\/wp-content\/uploads\/2021\/04\/ayaz-kala-768x512.jpg 768w, https:\/\/sacredeasttravel.com\/wp-content\/uploads\/2021\/04\/ayaz-kala-16x12.jpg 16w, https:\/\/sacredeasttravel.com\/wp-content\/uploads\/2021\/04\/ayaz-kala-600x400.jpg 600w\" sizes=\"(max-width: 900px) 100vw, 900px\" \/><\/div>\n\t\t<\/figure>\n\t<\/div>\n\n\t<div class=\"wpb_text_column wpb_content_element\" >\n\t\t<div class=\"wpb_wrapper\">\n\t\t\t<h2><strong>Ayaz-Kala <\/strong><\/h2>\n<hr class=\"divider active horizontal-break small\" \/>\n\n\t\t<\/div>\n\t<\/div>\n\n\t<div class=\"wpb_text_column wpb_content_element\" >\n\t\t<div class=\"wpb_wrapper\">\n\t\t\t<p>Sur les falaises color\u00e9es de l'un des \u00e9perons orientaux de Sultauizdag, dans le d\u00e9sert de Kyzylkoum, ont surv\u00e9cu les ruines de l'un des plus grands ch\u00e2teaux de l'ancien Khorezm- Ayaz-Kala. Ayaz-Kala est un monument de la p\u00e9riode des Kuchans dans l\u2019histoire de l\u2019Asie Centrale.<\/p>\n<p>Les l\u00e9gendes populaires associent le nom de la citadelle avec le nom du l\u00e9gendaire guerrier-esclave Ayaz. Ayaz est un h\u00e9ros du folklore turc d'Asie Centrale. Le h\u00e9ros semi-mythique, selon une l\u00e9gende, s'est jet\u00e9 sur une princesse amazonienne qui vivait dans la forteresse de Kirk-Kiz.<\/p>\n<p>Les arch\u00e9ologues affirment que la citadelle Ayaz-Kala appartient au IIe si\u00e8cle apr\u00e8s J.-C. - une \u00e9poque faste de l'empire Kuchan. S'\u00e9tendant en une cha\u00eene d'est en ouest elle faisait partie d'un syst\u00e8me de fronti\u00e8res, construit pour prot\u00e9ger l'oasis au bord du d\u00e9sert. Toutes les forteresses \u00e9taient situ\u00e9es \u00e0 une distance visible les unes des autres, probablement pour faciliter la transmission des signaux de l'ennemi en approche.<\/p>\n<p>Contrairement aux autres citadelles de l'ancien Khorezm le complexe Ayaz -Kala est tr\u00e8s int\u00e9ressant. Elle comporte des \u00e9tablissements ruraux non fortifi\u00e9s - un ensemble de b\u00e2timents r\u00e9sidentiels, chacun avec une grande cour, entour\u00e9s d'un muret de briques et plant\u00e9s, apparemment, de jardins et de vergers \u00e0 l'\u00e9poque. Sur l'un des murs de la cour se trouve une maison individuelle relativement petite de 15 pi\u00e8ces ce qui indique que le processus de s\u00e9paration du m\u00e9nage individuel d'une communaut\u00e9 tribale avait d\u00e9j\u00e0 commenc\u00e9 \u00e0 cette \u00e9poque-l\u00e0. Probablement c\u2019\u00e9tait la maison d'un riche fonctionnaire ou d'un commandant de garnison.<\/p>\n<p>Parmi les dizaines de fermes non fortifi\u00e9es du complexe Ayaz-Kala, trois b\u00e2timents-forteresses se distinguent par leur taille importante. Il s'agit d'Ayaz-3, une forteresse g\u00e9ante avec une grande cour entour\u00e9e de solides murs avec des tours et un labyrinthe pr\u00e8s de la porte. Pr\u00e8s de ses angles nord-est et nord-ouest, on trouve des maisons de 40 pi\u00e8ces qui se croisent avec des couloirs.<\/p>\n<p>Les ruines d'Ayaz-2 ont \u00e9t\u00e9 construites sur un rocher datant \u00e9galement de la p\u00e9riode Kuchan, mais reconstruites par les Afriguides aux V-VII si\u00e8cles. Sur le plateau de la falaise \u00e0 c\u00f4t\u00e9 de la colonie se trouve Ayaz-1 avec ses tours semi-circulaires, un labyrinthe pr\u00e8s de la porte, une galerie arqu\u00e9e dans la base du mur et un puits, creus\u00e9 au centre du rocher qui \u00e9tait un lieu de rassemblement pour le b\u00e9tail - la principale richesse des habitants. Au nord-est d'Ayaz-1, il y a les restes d'une tour de guet.<\/p>\n<p>Ainsi, Ayaz-Kala n'\u00e9tait ni une ville ni une colonie, mais un complexe de forteresses qui a accueilli des d\u00e9tachements frontaliers de Kuchan il y a pr\u00e8s de 19 si\u00e8cles.<\/p>\n<p>Les ruines d'Ayaz-Kala ont \u00e9t\u00e9 cach\u00e9es avec les sables pendant des mill\u00e9naires mais aujourd'hui, gr\u00e2ce \u00e0 de nombreuses fouilles arch\u00e9ologiques, nous pouvons toucher \u00e0 son histoire ancienne.<\/p>\n\n\t\t<\/div>\n\t<\/div>\n<\/div><\/div><\/div><\/div><div class=\"vc_row wpb_row vc_row-fluid\"><div class=\"wpb_column vc_column_container vc_col-sm-12\"><div class=\"vc_column-inner\"><div class=\"wpb_wrapper\"><\/div><\/div><\/div><\/div>","protected":false},"excerpt":{"rendered":"Ayaz-Kala On the colorful cliffs of one the Sultauizdag eastern spurs, in the KyzylKum desert there survived ruins of one of the largest castles of...","protected":false},"author":1,"featured_media":0,"parent":23564,"menu_order":0,"comment_status":"closed","ping_status":"closed","template":"","meta":[],"_links":{"self":[{"href":"https:\/\/sacredeasttravel.com\/fr\/wp-json\/wp\/v2\/pages\/23853"}],"collection":[{"href":"https:\/\/sacredeasttravel.com\/fr\/wp-json\/wp\/v2\/pages"}],"about":[{"href":"https:\/\/sacredeasttravel.com\/fr\/wp-json\/wp\/v2\/types\/page"}],"author":[{"embeddable":true,"href":"https:\/\/sacredeasttravel.com\/fr\/wp-json\/wp\/v2\/users\/1"}],"replies":[{"embeddable":true,"href":"https:\/\/sacredeasttravel.com\/fr\/wp-json\/wp\/v2\/comments?post=23853"}],"version-history":[{"count":0,"href":"https:\/\/sacredeasttravel.com\/fr\/wp-json\/wp\/v2\/pages\/23853\/revisions"}],"up":[{"embeddable":true,"href":"https:\/\/sacredeasttravel.com\/fr\/wp-json\/wp\/v2\/pages\/23564"}],"wp:attachment":[{"href":"https:\/\/sacredeasttravel.com\/fr\/wp-json\/wp\/v2\/media?parent=23853"}],"curies":[{"name":"wp","href":"https:\/\/api.w.org\/{rel}","templated":true}]}}