{"id":23856,"date":"2021-04-21T17:28:42","date_gmt":"2021-04-21T17:28:42","guid":{"rendered":"https:\/\/sacredeasttravel.com\/?page_id=23856"},"modified":"2021-04-21T17:28:42","modified_gmt":"2021-04-21T17:28:42","slug":"toprak-kala","status":"publish","type":"page","link":"https:\/\/sacredeasttravel.com\/fr\/uzbekistan\/nukus\/toprak-kala\/","title":{"rendered":"Toprak-Kala"},"content":{"rendered":"<div class=\"vc_row wpb_row vc_row-fluid\"><div class=\"wpb_column vc_column_container vc_col-sm-12\"><div class=\"vc_column-inner\"><div class=\"wpb_wrapper\">\n\t<div  class=\"wpb_single_image wpb_content_element vc_align_left\">\n\t\t\n\t\t<figure class=\"wpb_wrapper vc_figure\">\n\t\t\t<div class=\"vc_single_image-wrapper   vc_box_border_grey\"><img width=\"900\" height=\"600\" src=\"https:\/\/sacredeasttravel.com\/wp-content\/uploads\/2021\/04\/toprak-kala2.jpg\" class=\"vc_single_image-img attachment-full\" alt=\"\" decoding=\"async\" loading=\"lazy\" srcset=\"https:\/\/sacredeasttravel.com\/wp-content\/uploads\/2021\/04\/toprak-kala2.jpg 900w, https:\/\/sacredeasttravel.com\/wp-content\/uploads\/2021\/04\/toprak-kala2-300x200.jpg 300w, https:\/\/sacredeasttravel.com\/wp-content\/uploads\/2021\/04\/toprak-kala2-768x512.jpg 768w, https:\/\/sacredeasttravel.com\/wp-content\/uploads\/2021\/04\/toprak-kala2-16x12.jpg 16w, https:\/\/sacredeasttravel.com\/wp-content\/uploads\/2021\/04\/toprak-kala2-600x400.jpg 600w\" sizes=\"(max-width: 900px) 100vw, 900px\" \/><\/div>\n\t\t<\/figure>\n\t<\/div>\n\n\t<div class=\"wpb_text_column wpb_content_element\" >\n\t\t<div class=\"wpb_wrapper\">\n\t\t\t<h2><strong>Toprak-Kala <\/strong><\/h2>\n<hr class=\"divider active horizontal-break small\" \/>\n\n\t\t<\/div>\n\t<\/div>\n\n\t<div class=\"wpb_text_column wpb_content_element\" >\n\t\t<div class=\"wpb_wrapper\">\n\t\t\t<p>L'ancienne citadelle Toprak-Kala est un monument culturel exceptionnel de Khorezm datant du Ier au VIe si\u00e8cle de notre \u00e8re. La capitale de Khorezm se trouvait ici au IIIe si\u00e8cle de notre \u00e8re. Toprak-kala a \u00e9t\u00e9 d\u00e9couverte par l'exp\u00e9dition au Khorezm sous la direction de l\u2019arch\u00e9ologue S.P.Tolstov en 1938. D'apr\u00e8s le plan la ville avait la forme d'un rectangle correct. Le palais du gouverneur en forme d\u2019un \u00e9norme ch\u00e2teau avec trois tours \u00e9tait situ\u00e9 dans un coin nord-ouest. Le temple du feu se trouvait au sud-est du ch\u00e2teau. Une longue rue divisant la ville en deux parties menait du temple du feu vers le sud. Les voies qui en partaient s\u00e9paraient des maisons massives en blocs formant la capitale du Khorezm ancien propri\u00e9taire d'esclaves. Construite au IIIe si\u00e8cle, la forteresse a servi de r\u00e9sidence aux khorezmchakhs - les gouverneurs du pays jusqu'en 305 de notre \u00e8re. De nombreuses guerres agressives ont forc\u00e9 les gouverneurs \u00e0 quitter la r\u00e9sidence et la ville est progressivement tomb\u00e9e en d\u00e9cr\u00e9pitude.<br><br>Des pi\u00e8ces de monnaie, des fragments d'ossuaires (jarres canopes de Zoroastrien), de magnifiques \u00e9chantillons de culture artistique ont \u00e9t\u00e9 trouv\u00e9s lors de fouilles arch\u00e9ologiques. Les savants ont trouv\u00e9 aussi : fines c\u00e9ramiques manufactur\u00e9es, tissus en laine et en soie, ornements en or et un collier de 300 perles de verre, de la p\u00e2te, de l'ambre, des coraux, des bols.<br><br>\n\nLes arch\u00e9ologues ont \u00e9galement d\u00e9couvert des ateliers de fabrication d'arcs qui ont rendu Khorezm c\u00e9l\u00e8bre. L'architecture du monument est un exemple remarquable de l'art de l'urbanisme et de la fortification de l'ancien Khorezm. Le palais du gouverneur avec ses trois tours est particuli\u00e8rement int\u00e9ressant. Trois tours grandioses avec des salles \u00e0 l'int\u00e9rieur mont\u00e9es \u00e0 30 m\u00e8tres de hauteur, leur hauteur de 25 m\u00e8tres aujourd'hui est un t\u00e9moignage du niveau avanc\u00e9 du d\u00e9veloppement de l'architecture \u00e0 Khorezm.<br><br>\n\nCependant l\u2019ancienne citadelle Toprak-Kala est c\u00e9l\u00e8bre non seulement pour son architecture inhabituelle, mais aussi pour ses trouvailles uniques des \u00e9critures en langue khorezmienne ancienne, d\u00e9couvertes dans quatre b\u00e2timents de la partie sud-est du palais. Les arch\u00e9ologues ont trouv\u00e9 116 documents \u00e9crits \u00e0 l'encre noire sur des plaques de bois et sur des rouleaux de cuir. Dix-huit documents en bois sont rest\u00e9s en tr\u00e8s bon \u00e9tat. Bien que les documents ne soient pas encore compl\u00e8tement lus, leur nature est d\u00e9j\u00e0 d\u00e9finie. Il s'agit de documents \u00e9conomiques provenant des archives du palais. Trois des documents trouv\u00e9s portent des dates fix\u00e9es : 207, 231 et 232 de notre \u00e8re.<br><br>Outre les archives, les sculptures et la peinture suscitent \u00e9galement de l'int\u00e9r\u00eat. Ce n'est pas sans raison que le Toprak-Kala est nomm\u00e9 mus\u00e9e des beaux-arts de l'ancien Khorezm. Il s'agit de l'unique monument d'architecture de Khorezm enti\u00e8rement creus\u00e9. Les dimensions et le g\u00e9nie d'une conception architecturale font de Toprak-Kala l'un des monuments les plus uniques du Khorezm.<\/p>\n\n\t\t<\/div>\n\t<\/div>\n<\/div><\/div><\/div><\/div><div class=\"vc_row wpb_row vc_row-fluid\"><div class=\"wpb_column vc_column_container vc_col-sm-12\"><div class=\"vc_column-inner\"><div class=\"wpb_wrapper\"><\/div><\/div><\/div><\/div>","protected":false},"excerpt":{"rendered":"Toprak-Kala Toprak-Kala fortress is located in the ellikkalinsky district of the Republic of Karakalpakstan, 12 km from the village of Buston( 27 km from Biruni)...","protected":false},"author":1,"featured_media":0,"parent":23564,"menu_order":0,"comment_status":"closed","ping_status":"closed","template":"","meta":[],"_links":{"self":[{"href":"https:\/\/sacredeasttravel.com\/fr\/wp-json\/wp\/v2\/pages\/23856"}],"collection":[{"href":"https:\/\/sacredeasttravel.com\/fr\/wp-json\/wp\/v2\/pages"}],"about":[{"href":"https:\/\/sacredeasttravel.com\/fr\/wp-json\/wp\/v2\/types\/page"}],"author":[{"embeddable":true,"href":"https:\/\/sacredeasttravel.com\/fr\/wp-json\/wp\/v2\/users\/1"}],"replies":[{"embeddable":true,"href":"https:\/\/sacredeasttravel.com\/fr\/wp-json\/wp\/v2\/comments?post=23856"}],"version-history":[{"count":0,"href":"https:\/\/sacredeasttravel.com\/fr\/wp-json\/wp\/v2\/pages\/23856\/revisions"}],"up":[{"embeddable":true,"href":"https:\/\/sacredeasttravel.com\/fr\/wp-json\/wp\/v2\/pages\/23564"}],"wp:attachment":[{"href":"https:\/\/sacredeasttravel.com\/fr\/wp-json\/wp\/v2\/media?parent=23856"}],"curies":[{"name":"wp","href":"https:\/\/api.w.org\/{rel}","templated":true}]}}