{"id":23862,"date":"2021-04-21T17:33:11","date_gmt":"2021-04-21T17:33:11","guid":{"rendered":"https:\/\/sacredeasttravel.com\/?page_id=23862"},"modified":"2021-04-21T17:33:11","modified_gmt":"2021-04-21T17:33:11","slug":"mizdakhkan","status":"publish","type":"page","link":"https:\/\/sacredeasttravel.com\/fr\/uzbekistan\/nukus\/mizdakhkan\/","title":{"rendered":"N\u00e9cropole Mizdakhan"},"content":{"rendered":"<div class=\"vc_row wpb_row vc_row-fluid\"><div class=\"wpb_column vc_column_container vc_col-sm-12\"><div class=\"vc_column-inner\"><div class=\"wpb_wrapper\">\n\t<div  class=\"wpb_single_image wpb_content_element vc_align_left\">\n\t\t\n\t\t<figure class=\"wpb_wrapper vc_figure\">\n\t\t\t<div class=\"vc_single_image-wrapper   vc_box_border_grey\"><img width=\"900\" height=\"600\" src=\"https:\/\/sacredeasttravel.com\/wp-content\/uploads\/2021\/04\/mizdakhan2.jpg\" class=\"vc_single_image-img attachment-full\" alt=\"\" decoding=\"async\" loading=\"lazy\" srcset=\"https:\/\/sacredeasttravel.com\/wp-content\/uploads\/2021\/04\/mizdakhan2.jpg 900w, https:\/\/sacredeasttravel.com\/wp-content\/uploads\/2021\/04\/mizdakhan2-300x200.jpg 300w, https:\/\/sacredeasttravel.com\/wp-content\/uploads\/2021\/04\/mizdakhan2-768x512.jpg 768w, https:\/\/sacredeasttravel.com\/wp-content\/uploads\/2021\/04\/mizdakhan2-16x12.jpg 16w, https:\/\/sacredeasttravel.com\/wp-content\/uploads\/2021\/04\/mizdakhan2-600x400.jpg 600w\" sizes=\"(max-width: 900px) 100vw, 900px\" \/><\/div>\n\t\t<\/figure>\n\t<\/div>\n\n\t<div class=\"wpb_text_column wpb_content_element\" >\n\t\t<div class=\"wpb_wrapper\">\n\t\t\t<h2><strong>N\u00e9cropole Mizdakhan <\/strong><\/h2>\n<hr class=\"divider active horizontal-break small\" \/>\n\n\t\t<\/div>\n\t<\/div>\n\n\t<div class=\"wpb_text_column wpb_content_element\" >\n\t\t<div class=\"wpb_wrapper\">\n\t\t\t<p class=\" translation-block\">La n\u00e9cropole de Mizdakhan, ancien cimeti\u00e8re, situ\u00e9 \u00e0 c\u00f4t\u00e9 des vestiges de la forteresse de Gyaur-Kala est l'un des sites de p\u00e8lerinage les plus anciens et les plus visit\u00e9s du Karakalpakistan. La forteresse a re\u00e7u son nom pendant la conqu\u00eate arabe et signifie \"une forteresse d'infid\u00e8les\" car les arch\u00e9ologues et les scientifiques ont d\u00e9couvert que les habitants de la forteresse \u00e9taient des Zoroastriens avant la conqu\u00eate arabe.<\/p>\n<p>L'ensemble du complexe de monuments est situ\u00e9 sur trois collines \u00e0 3-4 km au sud de la ville de Khodjeyli au Karakalpakistan. On peut poser une question int\u00e9ressante : Comment Mizdakhan est-elle devenue un lieu de p\u00e8lerinage pour les musulmans ? Tr\u00e8s probablement Gyaur Kala est apparu en premier. Son apparition remonte au IVe si\u00e8cle avant notre \u00e8re et la puissance de ses murs de dix m\u00e8tres d'\u00e9paisseur fait forte impression. Ses vestiges continuent de prot\u00e9ger les ruines des deux citadelles de la ville dont l'une comme le croient les arch\u00e9ologues \u00e9tait une construction du palais et l'autre - le Temple du feu.<\/p>\n<p>Le plus probable l'autre colline, en face de la forteresse, \u00e9tait \u00e0 l'origine un lieu pour le cimeti\u00e8re zoroastrien o\u00f9 les habitants de la forteresse enterraient leurs morts. Les ossuaires (r\u00e9cipients pour l'enterrement) d\u00e9couverts par les arch\u00e9ologues en sont la preuve, ainsi qu'une sorte de dakhma - une tour \u00e0 toit plat, o\u00f9 les Zoroastriens laissaient leurs morts. Les oiseaux m\u00e2chent leurs os et les parents ramassent les os et les empilent dans des ossuaires.<\/p>\n<p>\u00c9videmment au VIIIe si\u00e8cle, apr\u00e8s la prise de la forteresse par les Arabes la religion du zoroastrisme a \u00e9t\u00e9 d\u00e9truite dans tous les espaces ouverts d'Asie Centrale et les morts ont \u00e9t\u00e9 enterr\u00e9s selon des rites musulmans. Il existe une l\u00e9gende qui raconte que la tombe d'Adam situait dans la n\u00e9cropole Mizdakhan, c'est ce qui a contribu\u00e9 au fait que la n\u00e9cropole a \u00e9t\u00e9 transform\u00e9e en un lieu saint. De plus un mausol\u00e9e qui a \u00e9t\u00e9 \u00e9rig\u00e9 sur la tombe imaginaire d'Adam a une signification religieuse particuli\u00e8re. Il s'agit de ce qu'on appelle des \"horloges de l'apocalypse\" et d'un sablier. Chaque ann\u00e9e une brique tombe des murs d'un b\u00e2timent, selon la l\u00e9gende, lorsque la derni\u00e8re brique tombera, la fin du monde commencera. Les p\u00e8lerins essaient donc de remettre les briques en place, croyant que Dieu entend leurs pri\u00e8res et les sauve.<\/p>\n\n\t\t<\/div>\n\t<\/div>\n<\/div><\/div><\/div><\/div><div class=\"vc_row wpb_row vc_row-fluid\"><div class=\"wpb_column vc_column_container vc_col-sm-12\"><div class=\"vc_column-inner\"><div class=\"wpb_wrapper\"><\/div><\/div><\/div><\/div>","protected":false},"excerpt":{"rendered":"Mizdakhkan Mizdakhan necropolis, ancient cemetery, located next to the remains of the\u00a0Gyaur-Kala\u00a0fortress, is one of the oldest and most visited pilgrimage sites of Karakalpakstan. The...","protected":false},"author":1,"featured_media":0,"parent":23564,"menu_order":0,"comment_status":"closed","ping_status":"closed","template":"","meta":[],"_links":{"self":[{"href":"https:\/\/sacredeasttravel.com\/fr\/wp-json\/wp\/v2\/pages\/23862"}],"collection":[{"href":"https:\/\/sacredeasttravel.com\/fr\/wp-json\/wp\/v2\/pages"}],"about":[{"href":"https:\/\/sacredeasttravel.com\/fr\/wp-json\/wp\/v2\/types\/page"}],"author":[{"embeddable":true,"href":"https:\/\/sacredeasttravel.com\/fr\/wp-json\/wp\/v2\/users\/1"}],"replies":[{"embeddable":true,"href":"https:\/\/sacredeasttravel.com\/fr\/wp-json\/wp\/v2\/comments?post=23862"}],"version-history":[{"count":0,"href":"https:\/\/sacredeasttravel.com\/fr\/wp-json\/wp\/v2\/pages\/23862\/revisions"}],"up":[{"embeddable":true,"href":"https:\/\/sacredeasttravel.com\/fr\/wp-json\/wp\/v2\/pages\/23564"}],"wp:attachment":[{"href":"https:\/\/sacredeasttravel.com\/fr\/wp-json\/wp\/v2\/media?parent=23862"}],"curies":[{"name":"wp","href":"https:\/\/api.w.org\/{rel}","templated":true}]}}