{"id":23865,"date":"2021-04-21T17:36:56","date_gmt":"2021-04-21T17:36:56","guid":{"rendered":"https:\/\/sacredeasttravel.com\/?page_id=23865"},"modified":"2021-04-21T17:36:56","modified_gmt":"2021-04-21T17:36:56","slug":"chilpik","status":"publish","type":"page","link":"https:\/\/sacredeasttravel.com\/fr\/uzbekistan\/nukus\/chilpik\/","title":{"rendered":"Chilpik"},"content":{"rendered":"<div class=\"vc_row wpb_row vc_row-fluid\"><div class=\"wpb_column vc_column_container vc_col-sm-12\"><div class=\"vc_column-inner\"><div class=\"wpb_wrapper\">\n\t<div  class=\"wpb_single_image wpb_content_element vc_align_left\">\n\t\t\n\t\t<figure class=\"wpb_wrapper vc_figure\">\n\t\t\t<div class=\"vc_single_image-wrapper   vc_box_border_grey\"><img width=\"900\" height=\"600\" src=\"https:\/\/sacredeasttravel.com\/wp-content\/uploads\/2021\/04\/28056008531_0fbb011836_k.jpg\" class=\"vc_single_image-img attachment-full\" alt=\"\" decoding=\"async\" loading=\"lazy\" srcset=\"https:\/\/sacredeasttravel.com\/wp-content\/uploads\/2021\/04\/28056008531_0fbb011836_k.jpg 900w, https:\/\/sacredeasttravel.com\/wp-content\/uploads\/2021\/04\/28056008531_0fbb011836_k-300x200.jpg 300w, https:\/\/sacredeasttravel.com\/wp-content\/uploads\/2021\/04\/28056008531_0fbb011836_k-768x512.jpg 768w, https:\/\/sacredeasttravel.com\/wp-content\/uploads\/2021\/04\/28056008531_0fbb011836_k-16x12.jpg 16w, https:\/\/sacredeasttravel.com\/wp-content\/uploads\/2021\/04\/28056008531_0fbb011836_k-600x400.jpg 600w\" sizes=\"(max-width: 900px) 100vw, 900px\" \/><\/div>\n\t\t<\/figure>\n\t<\/div>\n\n\t<div class=\"wpb_text_column wpb_content_element\" >\n\t\t<div class=\"wpb_wrapper\">\n\t\t\t<h2><strong>Chilpik <\/strong><\/h2>\n<hr class=\"divider active horizontal-break small\" \/>\n\n\t\t<\/div>\n\t<\/div>\n\n\t<div class=\"wpb_text_column wpb_content_element\" >\n\t\t<div class=\"wpb_wrapper\">\n\t\t\t<p>L'\u00e2ge de cet ancien monument zoroastrien - dakhma Tchilpik (Shylpyk, Chilpak Kala) - est de plus de 2200 ans. Tchilpik est une tour ronde sans toit, haute de 15 m\u00e8tres et d'un diam\u00e8tre de 65 m\u00e8tres, construite au sommet d'une colline naturelle arrondie, plus exactement \u00e0 43 km de Nukus. Apparemment les Zoroastriens l'utilisaient pour l'enterrement des morts. Les restes des d\u00e9funts \u00e9taient jet\u00e9s dans la tour aux oiseaux de proie. Plus tard, les os \u00e9taient recueillis dans des r\u00e9cipients en terre cuite - des ossuaires - et creus\u00e9s dans le sol. Ce mode d'\u00e9limination \u00e9tait li\u00e9 \u00e0 la philosophie zoroastrienne qui interdisait de souiller la terre avec des corps corrompus.\n\n\u00c0 l'origine la tour avait un escalier de 20 m\u00e8tres avec des marches taill\u00e9es \u00e0 m\u00eame la colline. De la base de la tour il y avait un passage menant \u00e0 la rivi\u00e8re. Autour de la tour et \u00e0 l'int\u00e9rieur de celle-ci on a trouv\u00e9 des ossuaires d'argile et de pierre dont certains sont aujourd'hui expos\u00e9s dans les mus\u00e9es de Nukus et de Tachkent.<\/p>\n<p>Avec l'arriv\u00e9e des Arabes sur ces terres (le VIIe si\u00e8cle), la tour a \u00e9t\u00e9 reconstruite pour la premi\u00e8re fois, puis \u00e0 nouveau \u00e0 l'apog\u00e9e de l'ancien Khorezm aux IXe-Xe si\u00e8cles. Il est \u00e0 noter que certains chercheurs pensent que les Khorezmiens ont utilis\u00e9 Tchilpyk comme une tour de signalisation et de d\u00e9fense avec d'autres forteresses de l'\u00c9tat du Khorezm des ennemies. Tchilpyk est l'un des points de rep\u00e8re lumineux du Karakalpakistan. Il est m\u00eame repr\u00e9sent\u00e9 sur les armoiries de la R\u00e9publique.\n\nIl est pr\u00e9f\u00e9rable de visiter Tchilpyk t\u00f4t le matin jusqu'\u00e0 ce que le soleil se couche. La forteresse offre une excellente vue sur les environs : l'Amou-Daria, \u00e9tincelant et chatoyant au soleil et entour\u00e9 de champs et de jardins verdoyants, ainsi que juste \u00e0 c\u00f4t\u00e9, des terres incultes s\u00e9ch\u00e9es au soleil et couvertes de taches d'arbustes verts et rouge\u00e2tres et de marais salants. Le dakhma zoroastrien Tchilpyk a install\u00e9 un tr\u00e9pied pour marquer le point culminant de la campagne ; il est enti\u00e8rement recouvert de rubans de tissu - les habitants les ont nou\u00e9s pour la chance et le bonheur.<\/p>\n\n\t\t<\/div>\n\t<\/div>\n<\/div><\/div><\/div><\/div><div class=\"vc_row wpb_row vc_row-fluid\"><div class=\"wpb_column vc_column_container vc_col-sm-12\"><div class=\"vc_column-inner\"><div class=\"wpb_wrapper\"><\/div><\/div><\/div><\/div>","protected":false},"excerpt":{"rendered":"Chilpik Ring-shaped religious building Chilpik is located 43 km from Nukus on a 35-40 meters towering conic hill. In the II-IV centuries it was built...","protected":false},"author":1,"featured_media":0,"parent":23564,"menu_order":0,"comment_status":"closed","ping_status":"closed","template":"","meta":[],"_links":{"self":[{"href":"https:\/\/sacredeasttravel.com\/fr\/wp-json\/wp\/v2\/pages\/23865"}],"collection":[{"href":"https:\/\/sacredeasttravel.com\/fr\/wp-json\/wp\/v2\/pages"}],"about":[{"href":"https:\/\/sacredeasttravel.com\/fr\/wp-json\/wp\/v2\/types\/page"}],"author":[{"embeddable":true,"href":"https:\/\/sacredeasttravel.com\/fr\/wp-json\/wp\/v2\/users\/1"}],"replies":[{"embeddable":true,"href":"https:\/\/sacredeasttravel.com\/fr\/wp-json\/wp\/v2\/comments?post=23865"}],"version-history":[{"count":0,"href":"https:\/\/sacredeasttravel.com\/fr\/wp-json\/wp\/v2\/pages\/23865\/revisions"}],"up":[{"embeddable":true,"href":"https:\/\/sacredeasttravel.com\/fr\/wp-json\/wp\/v2\/pages\/23564"}],"wp:attachment":[{"href":"https:\/\/sacredeasttravel.com\/fr\/wp-json\/wp\/v2\/media?parent=23865"}],"curies":[{"name":"wp","href":"https:\/\/api.w.org\/{rel}","templated":true}]}}