{"id":23868,"date":"2021-04-21T17:39:58","date_gmt":"2021-04-21T17:39:58","guid":{"rendered":"https:\/\/sacredeasttravel.com\/?page_id=23868"},"modified":"2021-05-01T09:59:18","modified_gmt":"2021-05-01T09:59:18","slug":"janbas-kala","status":"publish","type":"page","link":"https:\/\/sacredeasttravel.com\/fr\/uzbekistan\/nukus\/janbas-kala\/","title":{"rendered":"Djanbas kala"},"content":{"rendered":"<div class=\"vc_row wpb_row vc_row-fluid\"><div class=\"wpb_column vc_column_container vc_col-sm-12\"><div class=\"vc_column-inner\"><div class=\"wpb_wrapper\">\n\t<div  class=\"wpb_single_image wpb_content_element vc_align_left\">\n\t\t\n\t\t<figure class=\"wpb_wrapper vc_figure\">\n\t\t\t<div class=\"vc_single_image-wrapper   vc_box_border_grey\"><img width=\"900\" height=\"600\" src=\"https:\/\/sacredeasttravel.com\/wp-content\/uploads\/2021\/05\/janbas-kala4.jpg\" class=\"vc_single_image-img attachment-full\" alt=\"\" decoding=\"async\" loading=\"lazy\" srcset=\"https:\/\/sacredeasttravel.com\/wp-content\/uploads\/2021\/05\/janbas-kala4.jpg 900w, https:\/\/sacredeasttravel.com\/wp-content\/uploads\/2021\/05\/janbas-kala4-300x200.jpg 300w, https:\/\/sacredeasttravel.com\/wp-content\/uploads\/2021\/05\/janbas-kala4-768x512.jpg 768w, https:\/\/sacredeasttravel.com\/wp-content\/uploads\/2021\/05\/janbas-kala4-16x12.jpg 16w, https:\/\/sacredeasttravel.com\/wp-content\/uploads\/2021\/05\/janbas-kala4-600x400.jpg 600w\" sizes=\"(max-width: 900px) 100vw, 900px\" \/><\/div>\n\t\t<\/figure>\n\t<\/div>\n\n\t<div class=\"wpb_text_column wpb_content_element\" >\n\t\t<div class=\"wpb_wrapper\">\n\t\t\t<h2><strong>Djanbas kala<\/strong><\/h2>\n<hr class=\"divider active horizontal-break small\" \/>\n\n\t\t<\/div>\n\t<\/div>\n\n\t<div class=\"wpb_text_column wpb_content_element\" >\n\t\t<div class=\"wpb_wrapper\">\n\t\t\t<p class=\" translation-block\">Les fortifications frontali\u00e8res de Djanbas Kala remontent au IVe si\u00e8cle avant J.-C. \u2013 Ie si\u00e8cle apr\u00e8s J.-C. Elles sont aujourd\u2019hui connues pour \u00eatre des ruines grandioses et magnifiques, situ\u00e9es \u00e0 flanc de colline et surplombant l\u2019ancien bras de l\u2019Amou-Daria. Un grand nombre de monuments datant de l\u2019\u00e2ge de bronze a \u00e9t\u00e9 d\u00e9couvert \u00e0 proximit\u00e9 de Djanbas Kala. Le site se trouve sur le versant nord-ouest du plateau pierreux de Djanbas Kala, \u00e0 l\u2019extr\u00e9mit\u00e9 de la cha\u00eene de collines s\u2019\u00e9tendant vers le sud-est \u00e0 partir des montagnes Soultan Ways.<\/p>\n<p>L\u2019absence de tours diff\u00e9rencie Djanbas Kala de la majorit\u00e9 des forteresses khorezmiennes. Le mur d\u2019enceinte ext\u00e9rieur est perc\u00e9 de meurtri\u00e8res \u00e9troites en forme de haute fl\u00e8che dispos\u00e9es en dents de scie.<\/p>\n<p>En l\u2019absence de tours, la d\u00e9fense lat\u00e9rale \u00e9tait assur\u00e9e par un syst\u00e8me de triples meurtri\u00e8res, positionn\u00e9es apr\u00e8s chaque 20e \u00e0 25e meurtri\u00e8re ordinaire, dans les niches vo\u00fbt\u00e9es situ\u00e9es sur la fa\u00e7ade interne du mur d\u2019enceinte ext\u00e9rieur. Les angles du b\u00e2timent \u00e9taient prot\u00e9g\u00e9s par des meurtri\u00e8res obliques. Une vaste route de 30 m\u00e8tres de large reliait les portes de la forteresse au mur d\u2019enceinte sud-est. Des zones r\u00e9sidentielles se situaient sur les deux c\u00f4t\u00e9s de la route.<\/p>\n<p>The peculiarity of the Janbas-Kala architecture which distinguishes it from the other fortresses is a full absence of corner towers, that is unusual for the East. Another its peculiarity is a structure preserved up to date in front of its gates. This peculiarity allowed the defenders of the Fortress to force the invaders in the narrow corridor connecting this structure in front of the Fortress with the gates and shoot the enemies from above.<\/p>\n<p>Un four en argile en forme de ruche sculpt\u00e9 dans une paroi angulaire a \u00e9t\u00e9 d\u00e9couvert dans une des pi\u00e8ces. Ce four \u00e9tait consid\u00e9r\u00e9 comme un sanctuaire du feu tandis que le b\u00e2timent entier faisait office de \u00ab caserne \u00bb dans la ville.<\/p>\n\n\t\t<\/div>\n\t<\/div>\n<\/div><\/div><\/div><\/div><div class=\"vc_row wpb_row vc_row-fluid\"><div class=\"wpb_column vc_column_container vc_col-sm-12\"><div class=\"vc_column-inner\"><div class=\"wpb_wrapper\"><\/div><\/div><\/div><\/div>","protected":false},"excerpt":{"rendered":"Janbas-Kala The time of foundation of the Janbas-Kala settlement dates from the antique period of the\u00a0history of Ancient Khorezm, so-called the period of the existence...","protected":false},"author":1,"featured_media":0,"parent":23564,"menu_order":0,"comment_status":"closed","ping_status":"closed","template":"","meta":[],"_links":{"self":[{"href":"https:\/\/sacredeasttravel.com\/fr\/wp-json\/wp\/v2\/pages\/23868"}],"collection":[{"href":"https:\/\/sacredeasttravel.com\/fr\/wp-json\/wp\/v2\/pages"}],"about":[{"href":"https:\/\/sacredeasttravel.com\/fr\/wp-json\/wp\/v2\/types\/page"}],"author":[{"embeddable":true,"href":"https:\/\/sacredeasttravel.com\/fr\/wp-json\/wp\/v2\/users\/1"}],"replies":[{"embeddable":true,"href":"https:\/\/sacredeasttravel.com\/fr\/wp-json\/wp\/v2\/comments?post=23868"}],"version-history":[{"count":0,"href":"https:\/\/sacredeasttravel.com\/fr\/wp-json\/wp\/v2\/pages\/23868\/revisions"}],"up":[{"embeddable":true,"href":"https:\/\/sacredeasttravel.com\/fr\/wp-json\/wp\/v2\/pages\/23564"}],"wp:attachment":[{"href":"https:\/\/sacredeasttravel.com\/fr\/wp-json\/wp\/v2\/media?parent=23868"}],"curies":[{"name":"wp","href":"https:\/\/api.w.org\/{rel}","templated":true}]}}