{"id":23871,"date":"2021-04-21T17:44:27","date_gmt":"2021-04-21T17:44:27","guid":{"rendered":"https:\/\/sacredeasttravel.com\/?page_id=23871"},"modified":"2021-06-29T18:43:47","modified_gmt":"2021-06-29T18:43:47","slug":"gyaur-kala","status":"publish","type":"page","link":"https:\/\/sacredeasttravel.com\/fr\/uzbekistan\/nukus\/gyaur-kala\/","title":{"rendered":"Gyaur-Kala"},"content":{"rendered":"<div class=\"vc_row wpb_row vc_row-fluid\"><div class=\"wpb_column vc_column_container vc_col-sm-12\"><div class=\"vc_column-inner\"><div class=\"wpb_wrapper\">\n\t<div  class=\"wpb_single_image wpb_content_element vc_align_left\">\n\t\t\n\t\t<figure class=\"wpb_wrapper vc_figure\">\n\t\t\t<div class=\"vc_single_image-wrapper   vc_box_border_grey\"><img width=\"900\" height=\"600\" src=\"https:\/\/sacredeasttravel.com\/wp-content\/uploads\/2021\/04\/gyaur-kala_nukus_3.jpg\" class=\"vc_single_image-img attachment-full\" alt=\"\" decoding=\"async\" loading=\"lazy\" srcset=\"https:\/\/sacredeasttravel.com\/wp-content\/uploads\/2021\/04\/gyaur-kala_nukus_3.jpg 900w, https:\/\/sacredeasttravel.com\/wp-content\/uploads\/2021\/04\/gyaur-kala_nukus_3-300x200.jpg 300w, https:\/\/sacredeasttravel.com\/wp-content\/uploads\/2021\/04\/gyaur-kala_nukus_3-768x512.jpg 768w, https:\/\/sacredeasttravel.com\/wp-content\/uploads\/2021\/04\/gyaur-kala_nukus_3-16x12.jpg 16w, https:\/\/sacredeasttravel.com\/wp-content\/uploads\/2021\/04\/gyaur-kala_nukus_3-600x400.jpg 600w\" sizes=\"(max-width: 900px) 100vw, 900px\" \/><\/div>\n\t\t<\/figure>\n\t<\/div>\n\n\t<div class=\"wpb_text_column wpb_content_element\" >\n\t\t<div class=\"wpb_wrapper\">\n\t\t\t<h2>Gyaur-Kala<\/h2>\n<hr class=\"divider active horizontal-break small\" \/>\n\n\t\t<\/div>\n\t<\/div>\n\n\t<div class=\"wpb_text_column wpb_content_element\" >\n\t\t<div class=\"wpb_wrapper\">\n\t\t\t<p>\u00ab La forteresse des infid\u00e8les \u00bb - c'est ainsi que se traduit le nom de cette ancienne colonie. Cette forteresse a \u00e9t\u00e9 construite environ au IVe si\u00e8cle avant J.-C. Ses murs de dix m\u00e8tres de haut impressionnent par leur puissance. Ils entourent les ruines de deux citadelles qui pourraient \u00eatre des constructions de temples et de palais. L'une des citadelles pourrait servir de construction de protection et de temple. Ce n'est pas surprenant, car ce quartier est consid\u00e9r\u00e9 comme la terre natale des plus anciens textes de l'Avesta - Gathas, \u00e9crits par Zarathoustra. Les nombreuses ruines des centres sont la preuve que les habitants de Gyaur-Kala \u00e9taient des Zoroastriens qui v\u00e9n\u00e9raient le feu, plus simplement les adorateurs du feu.<\/p>\n<p>Il est \u00e0 pr\u00e9ciser qu\u2019apparemment que l'autre citadelle \u00e9tait le palais du gouverneur. Bien s\u00fbr, ce fondement comprenait la cour, un certain nombre de d\u00e9pendances, les locaux d'habitation d\u00e9cor\u00e9s de sculptures et de peintures. Les arch\u00e9ologues y ont trouv\u00e9 d'autres vestiges de produits de luxe : divers ornements, les tissus d\u00e9cor\u00e9s de coutures en or, et bien d'autres choses encore, t\u00e9moignant que des repr\u00e9sentants du domaine sup\u00e9rieur y vivaient.<\/p>\n<p>La forteresse de Gyaur-Kala se trouvait au croisement des voies commerciales. La branche nord de la Grande Route de la Soie ne se trouvait pas tr\u00e8s loin et elle a largement contribu\u00e9 \u00e0 prolonger l'existence de cette ancienne colonie par rapport aux autres forteresses de l'ancien Khorezm. <br><br>\n\nLa forteresse a continu\u00e9 \u00e0 fonctionner jusqu'\u00e0 l'arriv\u00e9e des Mongols en Asie centrale en 1220. Le fils a\u00een\u00e9 de Genghis Khan, Juchi, a ordonn\u00e9 de d\u00e9truire la ville jusqu'au sol. Plus tard, les habitants de la ville ont d\u00e9m\u00e9nag\u00e9 et ont fond\u00e9 une nouvelle colonie pr\u00e8s des ruines de Gyaur-Kala.<\/p>\n\n\t\t<\/div>\n\t<\/div>\n<\/div><\/div><\/div><\/div><div class=\"vc_row wpb_row vc_row-fluid\"><div class=\"wpb_column vc_column_container vc_col-sm-12\"><div class=\"vc_column-inner\"><div class=\"wpb_wrapper\"><\/div><\/div><\/div><\/div>","protected":false},"excerpt":{"rendered":"Guyar Kala \"The Fortress of Infidels\" \u2013 this is how the name of this ancient settlement is translated. This fortress was built approximately in the...","protected":false},"author":1,"featured_media":0,"parent":23564,"menu_order":0,"comment_status":"closed","ping_status":"closed","template":"","meta":[],"_links":{"self":[{"href":"https:\/\/sacredeasttravel.com\/fr\/wp-json\/wp\/v2\/pages\/23871"}],"collection":[{"href":"https:\/\/sacredeasttravel.com\/fr\/wp-json\/wp\/v2\/pages"}],"about":[{"href":"https:\/\/sacredeasttravel.com\/fr\/wp-json\/wp\/v2\/types\/page"}],"author":[{"embeddable":true,"href":"https:\/\/sacredeasttravel.com\/fr\/wp-json\/wp\/v2\/users\/1"}],"replies":[{"embeddable":true,"href":"https:\/\/sacredeasttravel.com\/fr\/wp-json\/wp\/v2\/comments?post=23871"}],"version-history":[{"count":0,"href":"https:\/\/sacredeasttravel.com\/fr\/wp-json\/wp\/v2\/pages\/23871\/revisions"}],"up":[{"embeddable":true,"href":"https:\/\/sacredeasttravel.com\/fr\/wp-json\/wp\/v2\/pages\/23564"}],"wp:attachment":[{"href":"https:\/\/sacredeasttravel.com\/fr\/wp-json\/wp\/v2\/media?parent=23871"}],"curies":[{"name":"wp","href":"https:\/\/api.w.org\/{rel}","templated":true}]}}