{"id":23875,"date":"2021-04-21T17:47:19","date_gmt":"2021-04-21T17:47:19","guid":{"rendered":"https:\/\/sacredeasttravel.com\/?page_id=23875"},"modified":"2021-06-29T18:42:49","modified_gmt":"2021-06-29T18:42:49","slug":"koy-krylgan-kala","status":"publish","type":"page","link":"https:\/\/sacredeasttravel.com\/fr\/uzbekistan\/nukus\/koy-krylgan-kala\/","title":{"rendered":"Koi Krilgan kala"},"content":{"rendered":"<div class=\"vc_row wpb_row vc_row-fluid\"><div class=\"wpb_column vc_column_container vc_col-sm-12\"><div class=\"vc_column-inner\"><div class=\"wpb_wrapper\">\n\t<div  class=\"wpb_single_image wpb_content_element vc_align_left\">\n\t\t\n\t\t<figure class=\"wpb_wrapper vc_figure\">\n\t\t\t<div class=\"vc_single_image-wrapper   vc_box_border_grey\"><img width=\"900\" height=\"600\" src=\"https:\/\/sacredeasttravel.com\/wp-content\/uploads\/2021\/04\/28031027562_dc70937dcb_k.jpg\" class=\"vc_single_image-img attachment-full\" alt=\"\" decoding=\"async\" loading=\"lazy\" srcset=\"https:\/\/sacredeasttravel.com\/wp-content\/uploads\/2021\/04\/28031027562_dc70937dcb_k.jpg 900w, https:\/\/sacredeasttravel.com\/wp-content\/uploads\/2021\/04\/28031027562_dc70937dcb_k-300x200.jpg 300w, https:\/\/sacredeasttravel.com\/wp-content\/uploads\/2021\/04\/28031027562_dc70937dcb_k-768x512.jpg 768w, https:\/\/sacredeasttravel.com\/wp-content\/uploads\/2021\/04\/28031027562_dc70937dcb_k-16x12.jpg 16w, https:\/\/sacredeasttravel.com\/wp-content\/uploads\/2021\/04\/28031027562_dc70937dcb_k-600x400.jpg 600w\" sizes=\"(max-width: 900px) 100vw, 900px\" \/><\/div>\n\t\t<\/figure>\n\t<\/div>\n\n\t<div class=\"wpb_text_column wpb_content_element\" >\n\t\t<div class=\"wpb_wrapper\">\n\t\t\t<h2><strong>Koi Krilgan kala<\/strong><\/h2>\n<hr class=\"divider active horizontal-break small\" \/>\n\n\t\t<\/div>\n\t<\/div>\n\n\t<div class=\"wpb_text_column wpb_content_element\" >\n\t\t<div class=\"wpb_wrapper\">\n\t\t\t<p>Koi Krilgan Kala est l\u2019un des rares et des plus grands sites antiques enti\u00e8rement mis au jour au Karakalpakistan. Cette forteresse se distingue des autres monuments par son plan initial. \u00c0 l\u2019origine, il s\u2019agissait d\u2019un b\u00e2timent rond \u00e0 deux \u00e9tages, renforc\u00e9 par un double mur d\u2019enceinte rehauss\u00e9 de tours et de cr\u00e9neaux. En outre, Koi Krilgan Kala \u00e9tait entour\u00e9e de douves de 15 m\u00e8tres de largeur et de 3 m\u00e8tres de profondeur.\n\nDes scientifiques estiment que Koi Krilgan Kala \u00e9tait \u00e0 l\u2019origine consid\u00e9r\u00e9e comme un b\u00e2timent sacr\u00e9 utilis\u00e9 pour mener des observations astronomiques. Il se peut qu\u2019elle ait \u00e9t\u00e9 d\u00e9di\u00e9e \u00e0 l\u2019\u00e9toile Fomalhaut.\n\n\u00c0 l\u2019origine, Koi Krilgan Kala (IVe \u2013 IIIe si\u00e8cle avant J.-C.) se caract\u00e9risait par un aspect monumental, notamment de son b\u00e2timent central, un syst\u00e8me de d\u00e9fense sophistiqu\u00e9 et par la pr\u00e9sence de grands entrep\u00f4ts. Les provisions \u00e9taient conserv\u00e9es dans des fosses \u00e0 grains, parfois scell\u00e9es. Malheureusement, les pi\u00e8ces n\u2019ont pas r\u00e9sist\u00e9 au passage du temps.<\/p>\n<p>Cependant, les d\u00e9couvertes arch\u00e9ologiques mises au jour dans la forteresse d\u2019origine, incluent des pi\u00e8ces de poterie, dont certaines orn\u00e9es de sc\u00e8nes mythologiques, des encensoirs, des autels sur\u00e9lev\u00e9s et des figurines en terre cuite, certaines repr\u00e9sentant des divinit\u00e9s appartenant au panth\u00e9on khorezmien. Durant les longues p\u00e9riodes de d\u00e9labrement du site, les gens ont tout de m\u00eame r\u00e9ussi \u00e0 pr\u00e9server leurs traditions culturelles. L\u2019ancien site \u00e9tait utilis\u00e9 pour entreposer des ossuaires.\n\nDes nouvelles enceintes externes (Ie si\u00e8cle avant J.-C. \u2013 IVe si\u00e8cle apr\u00e8s J.-C.) abritaient des complexes r\u00e9sidentiels isol\u00e9s les uns des autres, des cuisines et des celliers s\u00e9par\u00e9s ainsi que des pi\u00e8ces d\u00e9di\u00e9es aux c\u00e9r\u00e9monies religieuses abritant diff\u00e9rents foyers.\n\nLes statues d\u2019alb\u00e2tre et de terre cuite, les ornements d\u2019amphores en c\u00e9ramique, les tombes, les urnes et ossuaires sculpt\u00e9s en c\u00e9ramique ainsi que les fragments de peintures murales mis au jour, sont repr\u00e9sentatifs de l\u2019art unique de l\u2019antique Khorezm. D\u2019anciens documents \u00e9crits d\u2019Asie centrale figurent \u00e9galement au nombre des d\u00e9couvertes.<\/p>\n\n\t\t<\/div>\n\t<\/div>\n<\/div><\/div><\/div><\/div><div class=\"vc_row wpb_row vc_row-fluid\"><div class=\"wpb_column vc_column_container vc_col-sm-12\"><div class=\"vc_column-inner\"><div class=\"wpb_wrapper\"><\/div><\/div><\/div><\/div>","protected":false},"excerpt":{"rendered":"Krylgan-kala Ruins of thousands of fortresses are disseminated at boundless open spaces of the Khorezm steppes, but the remnants of Koy-Krylgan-kala, the Fortress of Lost...","protected":false},"author":1,"featured_media":0,"parent":23564,"menu_order":0,"comment_status":"closed","ping_status":"closed","template":"","meta":[],"_links":{"self":[{"href":"https:\/\/sacredeasttravel.com\/fr\/wp-json\/wp\/v2\/pages\/23875"}],"collection":[{"href":"https:\/\/sacredeasttravel.com\/fr\/wp-json\/wp\/v2\/pages"}],"about":[{"href":"https:\/\/sacredeasttravel.com\/fr\/wp-json\/wp\/v2\/types\/page"}],"author":[{"embeddable":true,"href":"https:\/\/sacredeasttravel.com\/fr\/wp-json\/wp\/v2\/users\/1"}],"replies":[{"embeddable":true,"href":"https:\/\/sacredeasttravel.com\/fr\/wp-json\/wp\/v2\/comments?post=23875"}],"version-history":[{"count":0,"href":"https:\/\/sacredeasttravel.com\/fr\/wp-json\/wp\/v2\/pages\/23875\/revisions"}],"up":[{"embeddable":true,"href":"https:\/\/sacredeasttravel.com\/fr\/wp-json\/wp\/v2\/pages\/23564"}],"wp:attachment":[{"href":"https:\/\/sacredeasttravel.com\/fr\/wp-json\/wp\/v2\/media?parent=23875"}],"curies":[{"name":"wp","href":"https:\/\/api.w.org\/{rel}","templated":true}]}}