{"id":24011,"date":"2021-04-23T19:34:38","date_gmt":"2021-04-23T19:34:38","guid":{"rendered":"https:\/\/sacredeasttravel.com\/?page_id=24011"},"modified":"2021-04-23T19:39:50","modified_gmt":"2021-04-23T19:39:50","slug":"fergana","status":"publish","type":"page","link":"https:\/\/sacredeasttravel.com\/fr\/uzbekistan\/ferghana-valley\/fergana\/","title":{"rendered":"Fergana"},"content":{"rendered":"<div class=\"vc_row wpb_row vc_row-fluid\"><div class=\"wpb_column vc_column_container vc_col-sm-12\"><div class=\"vc_column-inner\"><div class=\"wpb_wrapper\">\n\t<div  class=\"wpb_single_image wpb_content_element vc_align_left\">\n\t\t\n\t\t<figure class=\"wpb_wrapper vc_figure\">\n\t\t\t<div class=\"vc_single_image-wrapper   vc_box_border_grey\"><img width=\"900\" height=\"600\" src=\"https:\/\/sacredeasttravel.com\/wp-content\/uploads\/2021\/04\/jmj_0706.jpg\" class=\"vc_single_image-img attachment-full\" alt=\"\" decoding=\"async\" loading=\"lazy\" srcset=\"https:\/\/sacredeasttravel.com\/wp-content\/uploads\/2021\/04\/jmj_0706.jpg 900w, https:\/\/sacredeasttravel.com\/wp-content\/uploads\/2021\/04\/jmj_0706-300x200.jpg 300w, https:\/\/sacredeasttravel.com\/wp-content\/uploads\/2021\/04\/jmj_0706-768x512.jpg 768w, https:\/\/sacredeasttravel.com\/wp-content\/uploads\/2021\/04\/jmj_0706-16x12.jpg 16w, https:\/\/sacredeasttravel.com\/wp-content\/uploads\/2021\/04\/jmj_0706-600x400.jpg 600w\" sizes=\"(max-width: 900px) 100vw, 900px\" \/><\/div>\n\t\t<\/figure>\n\t<\/div>\n\n\t<div class=\"wpb_text_column wpb_content_element\" >\n\t\t<div class=\"wpb_wrapper\">\n\t\t\t<h2><strong>Fergana<\/strong><\/h2>\n<hr class=\"divider active horizontal-break small\" \/>\n\n\t\t<\/div>\n\t<\/div>\n\n\t<div class=\"wpb_text_column wpb_content_element\" >\n\t\t<div class=\"wpb_wrapper\">\n\t\t\t<p>La ville de Fergana, au sud de la vall\u00e9e de Fergana, est l'une des plus jeunes villes d'Ouzb\u00e9kistan. Il a \u00e9t\u00e9 fond\u00e9 en 1876, apr\u00e8s que Kokand Khanate ait \u00e9t\u00e9 inclus dans l'Empire russe. Une nouvelle ville, nomm\u00e9e New Margilan a \u00e9t\u00e9 construite \u00e0 une distance de 12 kilom\u00e8tres de Margilan et est devenue le centre de la r\u00e9gion de Fergana.<\/p>\n<p>Le b\u00e2timent principal de la nouvelle ville est devenu une forteresse militaire, qui occupait une grande superficie. De nouvelles rues en ont \u00e9t\u00e9 trac\u00e9es en demi-cercle. L'immense parc \u00e9tait couvert dans le centre-ville. Les premiers sites architecturaux de la ville \u00e9taient la Maison du Gouverneur (maintenant le b\u00e2timent du th\u00e9\u00e2tre dramatique), la Chambre du Gouverneur adjoint, l'Assembl\u00e9e militaire (Chambre des officiers). En 1907, la ville a \u00e9t\u00e9 rebaptis\u00e9e Skobelev et en 1924, Ferghana.<\/p>\n<p>Une augmentation marqu\u00e9e de la ville n'a commenc\u00e9 qu'au XXe si\u00e8cle et surtout apr\u00e8s l'ind\u00e9pendance de la r\u00e9publique. Ferghana est aujourd'hui un important centre industriel en Ouzb\u00e9kistan. Au cours des derni\u00e8res ann\u00e9es, la ville compte de nombreuses installations modernes - des h\u00f4tels de luxe de grande hauteur, un beau court de tennis, un march\u00e9 urbain couvert, un stade, un grand parc avec des parterres de fleurs et des fontaines. Symboliquement, parmi les premi\u00e8res constructions construites pendant l'ind\u00e9pendance, en 1992, la porte de la ville a \u00e9t\u00e9 construite, appel\u00e9e \u00abPorte de l'ind\u00e9pendance\u00bb. Il a une hauteur de 14 m\u00e8tres, 26 m\u00e8tres de longueur.<\/p>\n<p>\u00c0 Fergana, il n'y a pas d'architecture ancienne et de monuments historiques, mais n\u00e9anmoins la ville est tr\u00e8s pittoresque et a son propre look unique. La d\u00e9coration principale de la ville est constitu\u00e9e d'arbres v\u00e9n\u00e9rables: platanes, peupliers, ch\u00eanes\u2026 Ils ont transform\u00e9 Ferghana en cit\u00e9-jardin.<\/p>\n<p>Les banlieues de Fergana sont \u00e9galement connues gr\u00e2ce \u00e0 de beaux endroits. Dans les contreforts de la cha\u00eene Alai, regorgeant de verdure de jardins et de vignobles, se trouve le village de Chimen, connu pour ses sources min\u00e9rales curatives, au pied desquelles la station thermale \u00abChimen\u00bb a \u00e9t\u00e9 ouverte. C'est la plus grande station thermale d'Asie centrale.<\/p>\n<p>A 55 kilom\u00e8tres de Fergana, il y a une r\u00e9gion pittoresque de l'Ouzb\u00e9kistan - Shakhimardan (\u00abSeigneur des peuples\u00bb). C'est le lieu traditionnel de r\u00e9cr\u00e9ation pour les citoyens de Margilan et Fergana.<\/p>\n\n\t\t<\/div>\n\t<\/div>\n<\/div><\/div><\/div><\/div><div class=\"vc_row wpb_row vc_row-fluid\"><div class=\"wpb_column vc_column_container vc_col-sm-12\"><div class=\"vc_column-inner\"><div class=\"wpb_wrapper\"><\/div><\/div><\/div><\/div>","protected":false},"excerpt":{"rendered":"Fergana The city of Fergana, in the south of the\u00a0Fergana Valley\u00a0is one of the youngest cities in Uzbekistan. It was founded in 1876, after Kokand...","protected":false},"author":1,"featured_media":0,"parent":23887,"menu_order":0,"comment_status":"closed","ping_status":"closed","template":"","meta":[],"_links":{"self":[{"href":"https:\/\/sacredeasttravel.com\/fr\/wp-json\/wp\/v2\/pages\/24011"}],"collection":[{"href":"https:\/\/sacredeasttravel.com\/fr\/wp-json\/wp\/v2\/pages"}],"about":[{"href":"https:\/\/sacredeasttravel.com\/fr\/wp-json\/wp\/v2\/types\/page"}],"author":[{"embeddable":true,"href":"https:\/\/sacredeasttravel.com\/fr\/wp-json\/wp\/v2\/users\/1"}],"replies":[{"embeddable":true,"href":"https:\/\/sacredeasttravel.com\/fr\/wp-json\/wp\/v2\/comments?post=24011"}],"version-history":[{"count":0,"href":"https:\/\/sacredeasttravel.com\/fr\/wp-json\/wp\/v2\/pages\/24011\/revisions"}],"up":[{"embeddable":true,"href":"https:\/\/sacredeasttravel.com\/fr\/wp-json\/wp\/v2\/pages\/23887"}],"wp:attachment":[{"href":"https:\/\/sacredeasttravel.com\/fr\/wp-json\/wp\/v2\/media?parent=24011"}],"curies":[{"name":"wp","href":"https:\/\/api.w.org\/{rel}","templated":true}]}}