{"id":24014,"date":"2021-04-23T19:37:28","date_gmt":"2021-04-23T19:37:28","guid":{"rendered":"https:\/\/sacredeasttravel.com\/?page_id=24014"},"modified":"2021-04-23T19:39:55","modified_gmt":"2021-04-23T19:39:55","slug":"kokand","status":"publish","type":"page","link":"https:\/\/sacredeasttravel.com\/fr\/uzbekistan\/ferghana-valley\/kokand\/","title":{"rendered":"Kokand"},"content":{"rendered":"<div class=\"vc_row wpb_row vc_row-fluid\"><div class=\"wpb_column vc_column_container vc_col-sm-12\"><div class=\"vc_column-inner\"><div class=\"wpb_wrapper\">\n\t<div  class=\"wpb_single_image wpb_content_element vc_align_left\">\n\t\t\n\t\t<figure class=\"wpb_wrapper vc_figure\">\n\t\t\t<div class=\"vc_single_image-wrapper   vc_box_border_grey\"><img width=\"900\" height=\"600\" src=\"https:\/\/sacredeasttravel.com\/wp-content\/uploads\/2021\/04\/Khudayar_Khan_Palace_Kokand_01.jpg\" class=\"vc_single_image-img attachment-full\" alt=\"\" decoding=\"async\" loading=\"lazy\" srcset=\"https:\/\/sacredeasttravel.com\/wp-content\/uploads\/2021\/04\/Khudayar_Khan_Palace_Kokand_01.jpg 900w, https:\/\/sacredeasttravel.com\/wp-content\/uploads\/2021\/04\/Khudayar_Khan_Palace_Kokand_01-300x200.jpg 300w, https:\/\/sacredeasttravel.com\/wp-content\/uploads\/2021\/04\/Khudayar_Khan_Palace_Kokand_01-768x512.jpg 768w, https:\/\/sacredeasttravel.com\/wp-content\/uploads\/2021\/04\/Khudayar_Khan_Palace_Kokand_01-16x12.jpg 16w, https:\/\/sacredeasttravel.com\/wp-content\/uploads\/2021\/04\/Khudayar_Khan_Palace_Kokand_01-600x400.jpg 600w\" sizes=\"(max-width: 900px) 100vw, 900px\" \/><\/div>\n\t\t<\/figure>\n\t<\/div>\n\n\t<div class=\"wpb_text_column wpb_content_element\" >\n\t\t<div class=\"wpb_wrapper\">\n\t\t\t<h2><strong>Kokand<\/strong><\/h2>\n<hr class=\"divider active horizontal-break small\" \/>\n\n\t\t<\/div>\n\t<\/div>\n\n\t<div class=\"wpb_text_column wpb_content_element\" >\n\t\t<div class=\"wpb_wrapper\">\n\t\t\t<p>Kokand est une ville de la vall\u00e9e de Fergana situ\u00e9 dans sa partie de l\u2019ouest. C\u2019est un ancien centre de l\u2019Ouzb\u00e9kistan. Les premi\u00e8res preuves \u00e9crites sur \u00ab Khukand, Khavokanda \u00bb (anciens noms de la ville) se trouvent dans les chroniques du Xe si\u00e8cle. La ville \u00e9tait un important centre commercial sur la grande route de la soie et au XIIIe si\u00e8cle, comme la plupart des villes de l'Asie Centrale, elle a \u00e9t\u00e9 d\u00e9truite par les Mongols.<\/p>\n<p>La renomm\u00e9e mondiale est venue \u00e0 la ville au XVIII\u00e8me si\u00e8cle quand elle est devenue la capitale du khanat de Kokand, le plus riche et le plus d\u00e9velopp\u00e9. Dans la premi\u00e8re moiti\u00e9 du XVIIIe si\u00e8cle, pr\u00e8s de la ville actuelle (le territoire de l\u2019\u00e9mirat de Boukhara \u00e0 cette \u00e9poque-l\u00e0), le fondateur de la dynastie des khans de Kokand a construit la forteresse Eski-Kourgan (1732), qui a en fait donn\u00e9 naissance au nouveau Kokand. Bient\u00f4t il a re\u00e7u son ancien nom - \"Khuk-kand\" (\"ville des sangliers\"). A l'origine, c'\u00e9tait une petite possession, isol\u00e9e de l'\u00e9mirat de Boukhara, mais elle s'est progressivement \u00e9tendue g\u00e9ographiquement.<\/p>\n<p>Le khanat a atteint sa puissance dans la premi\u00e8re moiti\u00e9 du XIXe si\u00e8cle, lorsque son territoire comprenait la majeure partie de l'actuel Ouzb\u00e9kistan, une partie du sud du Kazakhstan, du Kirghizstan, du Tadjikistan et de la Chine. Le khanat de Kokand comprenait \u00e9galement Tachkent et Chymkent. C'\u00e9tait un grand et puissant \u00c9tat, un centre commercial et religieux. Il n'y a qu'au Kokand qu'il y avait plus de 300 mosqu\u00e9es et des dizaines de m\u00e9dersas.<\/p>\n<p>Au cours de l'histoire, le khanat de Kokand a chang\u00e9 29 gouverneurs, le khan le plus c\u00e9l\u00e8bre \u00e9tant le dernier est Khudayar Khan, qui est devenu c\u00e9l\u00e8bre pour sa cruaut\u00e9 et sa cupidit\u00e9. Au cours de son r\u00e8gne il a perdu son tr\u00f4ne quatre fois et l'a reconquis \u00e0 nouveau.<\/p>\n<p>Khudayar Khan a beaucoup fait pour embellir la ville : guzars, mosqu\u00e9es, m\u00e9dersas ont \u00e9t\u00e9 construits pendant son r\u00e8gne. A son \u00e9poque, dans la deuxi\u00e8me moiti\u00e9 du XIX\u00e8me si\u00e8cle la lutte pour le pouvoir a commenc\u00e9 entre les khanats de Boukhara, de Khiva et de Kokand. Profitant de cette situation, la Russie a entam\u00e9 une campagne de conqu\u00eate de l'Asie Centrale. En 1868, sur la base du trait\u00e9, le khan de Kokand a \u00e9t\u00e9 assimil\u00e9 \u00e0 un vassal de l'Empire de la Russie. Ce fut la fin de l'histoire du khanat de Kokand qui a exist\u00e9 pr\u00e8s de 170 ans.<\/p>\n<p>Apr\u00e8s que le Kokand a \u00e9t\u00e9 devenu partie int\u00e9grante de la Russie le palais du Khan a \u00e9t\u00e9 transform\u00e9 en forteresse et de nouvelles routes ont \u00e9t\u00e9 construites \u00e0 travers les quartiers des r\u00e9sidents - les makhallas, le long desquels des b\u00e2timents d'architecture europ\u00e9enne ont \u00e9t\u00e9 construits. La ville est rapidement devenue un centre majeur de l'activit\u00e9 capitaliste au Turkestan, surpassant m\u00eame Tachkent en nombre de banques.<br><br>\nTous les monuments de la p\u00e9riode du khan datant des XVIII-XIXe si\u00e8cles, sont parfaitement conserv\u00e9s dans l'actuel Kokand.<\/p>\n<p><strong>Sites:<\/strong><\/p>\n<p><strong><em><u>Palais Khudoyar-Khan<\/u><\/em><\/strong><\/p>\n<p>La Perle de Kokand est le palais du dernier souverain du Khudoyar Khan de Kokand Khanate. Le magnifique complexe de palais, construit en 1871, est d'une grandeur stup\u00e9fiante. Le palais a \u00e9t\u00e9 construit dans les traditions de l'architecture d'Asie centrale avec un haut portail au milieu, d\u00e9cor\u00e9 d'un grand arc d'entr\u00e9e et de quatre minarets: les deux se tiennent des deux c\u00f4t\u00e9s du portail, les deux sont des ailes de la fa\u00e7ade.<\/p>\n<p>Le palais Khudoyar Khan, entour\u00e9 d'un mur de pierre sculpt\u00e9, se composait de sept petites cours et de 119 chambres. La superficie totale du palais \u00e9tait de 4 acres, sa fondation soulev\u00e9e de trois m\u00e8tres. Au-dessus de la porte principale \u00e9tait inscrite l'inscription arabe: \u00abGrand Seyed Mohammad Khudoyar Khan\u00bb. 16 mille personnes, 80 ma\u00eetres, ont travaill\u00e9 sur sa construction et 1000 charrettes. ont \u00e9t\u00e9 utilis\u00e9s pour cela. Les gens ont \u00e9t\u00e9 pouss\u00e9s ici par la force. Ils ont d\u00fb travailler dans des conditions insupportablement difficiles, pour la moindre infraction, ils ont \u00e9t\u00e9 punis d'une amende, un ch\u00e2timent corporel. Mais les efforts n'ont pas \u00e9t\u00e9 vains. Le palais Khudoyar Khan s'est av\u00e9r\u00e9 excellent. Il \u00e9tonne toujours sa richesse et la magnificence de la d\u00e9coration. La fa\u00e7ade du b\u00e2timent \u00e9blouit litt\u00e9ralement les visiteurs par des couleurs vari\u00e9es et des ornements riches: dessins g\u00e9om\u00e9triques, arabesques, motifs floraux - tous fabriqu\u00e9s \u00e0 partir de carreaux de c\u00e9ramique. Les motifs, remplissent une niche, repr\u00e9sentent des non-r\u00e9currents apr\u00e8s un dessin de la composition. La palette de couleurs de la fa\u00e7ade est tr\u00e8s lumineuse et color\u00e9e, ce qui lui donne une ressemblance avec le palais des contes orientaux.<\/p>\n<p>Malheureusement, de nos jours, seuls deux de la cour et 19 chambres ont surv\u00e9cu \u00e0 l'ensemble du grand palais. Un art de la sculpture et de la peinture ganch prend une grande place dans la d\u00e9coration des int\u00e9rieurs de palais de c\u00e9r\u00e9monie. Les panneaux Ganch sont remplis de compositions d'arbres stylis\u00e9s (cypr\u00e8s, saule pleureur), de plantes aux branches et tiges entrelac\u00e9es, de feuilles et de rosaces florales.<\/p>\n<p>Aujourd'hui, le palais est le mus\u00e9e d'histoire locale, dont les expositions racontent le pass\u00e9 et le pr\u00e9sent de Kokand.<\/p>\n<p><strong><em><u>Damoi Shakhon<\/u><\/em><\/strong><strong><em><u>:<\/u><\/em><\/strong><\/p>\n<p>Dans la tombe de table de Damoi Shakhon reposent les dirigeants de Kokand, personnalit\u00e9s c\u00e9l\u00e8bres de la ville. Les tombes des khans Kokand ont \u00e9t\u00e9 construites \u00e0 l'\u00e9poque d'Umarkhan, en 1825. L'ensemble se compose de trois parties: une salle en d\u00f4me avec un portail, des mosqu\u00e9es, un aivan \u00e0 deux colonnes et un cimeti\u00e8re familial. Le sanctuaire de Lady Shakhon entour\u00e9 d'une cl\u00f4ture, en son centre sont regroup\u00e9s un certain nombre de tombes et de tombes, dont une dalle de marbre au-dessus de la tombe Umarkhan. La fa\u00e7ade du mausol\u00e9e Umarkhan est tr\u00e8s pittoresque. Portes d'entr\u00e9e tombes sculpt\u00e9es sur un arbre avec des extraits du Coran en arabe, et des \u00e9chantillons de po\u00e9sie Umarkhan. Formes s\u00e9v\u00e8res du mausol\u00e9e et de son d\u00f4me trapu attach\u00e9 \u00e0 la crypte au caract\u00e8re aust\u00e8re des Khans. La richesse et la vari\u00e9t\u00e9 des motifs ornementaux appliqu\u00e9s aux techniques de rev\u00eatement soulignent la beaut\u00e9 de la tombe. La beaut\u00e9 du d\u00e9cor est compl\u00e9t\u00e9e par deux portes sculpt\u00e9es - une dans le portail, la seconde - \u00e0 l'entr\u00e9e de la mosqu\u00e9e.<\/p>\n<p><strong><em><u>Mosqu\u00e9e Jami<\/u><\/em><\/strong><\/p>\n<p>La mosqu\u00e9e Jami est la v\u00e9ritable d\u00e9coration de la place Chorsu de Kokand. Les citoyens ne peuvent imaginer leur ville sans cette magnifique mosqu\u00e9e. Il semble que ce soit toujours sur ce site. Et en effet, dans les chroniques historiques des IX-XII si\u00e8cles, il y a des mentions de la mosqu\u00e9e de Kokand, qui se trouvait au m\u00eame endroit sur la place Chorsu. Mais lors des invasions mongoles, la mosqu\u00e9e Jami, ainsi que toute la ville, ont \u00e9t\u00e9 d\u00e9truites.<\/p>\n<p>Cependant, la mosqu\u00e9e actuelle a \u00e9t\u00e9 construite au XIXe si\u00e8cle. En 1805, Kokand Olimhan commen\u00e7a \u00e0 construire une mosqu\u00e9e, mais la construction fut suspendue: le sup\u00e9rieur de la mosqu\u00e9e se dressa contre la construction de la mosqu\u00e9e aux d\u00e9pens des fonds collect\u00e9s de force aupr\u00e8s des gens du commun. Et ce n'est qu'en 1814 que le dirigeant \u00e9clair\u00e9 et humain du Kokand Khanat - Umarkhan (fr\u00e8re Olimhana) a renouvel\u00e9 la construction de la mosqu\u00e9e Jami. Il a invit\u00e9 le talentueux architecte d'Ura-Tube \u00e0 superviser la construction. Il avait plus de 200 constructeurs talentueux sous sa supervision. Deux ans plus tard, la mosqu\u00e9e Jami a \u00e9t\u00e9 construite. C'\u00e9tait une structure vraiment monumentale. La renomm\u00e9e de sa beaut\u00e9 s'est dispers\u00e9e bien au-del\u00e0 de Kokand. La partie ouest de la vaste cour de la mosqu\u00e9e est occup\u00e9e par des khanaka et des grands aivan dont le toit est soutenu par 98 colonnes. Les colonnes d'aivan sont une \u0153uvre d'art sp\u00e9ciale. Ils sont finement peints en couleurs avec l'ajout d'or. Un khanaka se distingue par son haut plafond peint. Les murs de la mosqu\u00e9e ont conserv\u00e9 encore aujourd'hui la sculpture en filigrane du ganch. Sur le p\u00e9rim\u00e8tre de la cour, il y a des khujdras, des salles de classe, car la mosqu\u00e9e comprenait \u00e9galement des madrassah. La madrassa a fonctionn\u00e9 jusqu'en 1918 et la mosqu\u00e9e - jusqu'en 1930.<\/p>\n<p>Au centre de la cour se dresse un minaret de 22.5 m\u00e8tres de haut, d'o\u00f9 le muezzin a appel\u00e9 les fid\u00e8les ici pour prier. Minaret en pierre avec une brique cuite circulaire lisse couronn\u00e9e d'un d\u00f4me \u00e0 facettes. Du haut du minaret, on peut voir l'ensemble de Kokand. Selon la l\u00e9gende, des criminels et des \u00e9pouses d\u00e9loyales ont \u00e9t\u00e9 jet\u00e9s de ce minaret. Sans aucun doute, la beaut\u00e9 et la noblesse de l'architecture de la mosqu\u00e9e Jami s'aligne avec les monuments architecturaux de Boukhara et Samarkand.<\/p>\n<p>On the perimeter of the yard there are khujdras, classrooms, because the mosque also included madrassah. The madrassa operated until 1918, and the mosque &#8211; until 1930.<\/p>\n<p><strong><em><u>Mausol\u00e9e Madari Khan<\/u><\/em><\/strong><strong><em><u>:<\/u><\/em><\/strong><\/p>\n<p>Ce complexe religieux a \u00e9t\u00e9 construit en 1825 pour la m\u00e8re Kokand Umarkhan. Il a \u00e9galement li\u00e9 avec le nom du po\u00e8te Nadira - \u00e9pouses Umarkhan. Le sort de Nadira - \u00e9pouse du souverain et du po\u00e8te Umarkhan - fut tragique: elle fut ex\u00e9cut\u00e9e sur les ordres de l'\u00e9mir de Boukhara - Nasrallah. En m\u00e9moire de la po\u00e9tesse pr\u00e8s du mausol\u00e9e, un monument de marbre blanc et de bronze a \u00e9t\u00e9 construit.<\/p>\n<p>Le mausol\u00e9e de Madari Khan est une tombe de petite taille \u00e0 d\u00f4me en forme de portail avec de petits minarets \u00e0 facettes, situ\u00e9e derri\u00e8re le cimeti\u00e8re. D\u00e9cor inhabituel, portail doubl\u00e9 de briques. Les motifs de tuiles \u00e9crasent, les colorant diff\u00e9remment des autres monuments de l'Est par la pr\u00e9sence de jaune, rouge, vert. Son attention principalement des ma\u00eetres s'est d\u00e9plac\u00e9e vers la d\u00e9coration des b\u00e2timents. C'est pourquoi le sanctuaire n'est pas consid\u00e9r\u00e9 comme une \u0153uvre de ma\u00eetrise architecturale, mais comme un produit des mains d'art des artisans - potiers.<\/p>\n\n\t\t<\/div>\n\t<\/div>\n<\/div><\/div><\/div><\/div><div class=\"vc_row wpb_row vc_row-fluid\"><div class=\"wpb_column vc_column_container vc_col-sm-12\"><div class=\"vc_column-inner\"><div class=\"wpb_wrapper\"><\/div><\/div><\/div><\/div>","protected":false},"excerpt":{"rendered":"Kokand Kokand city, located in the western part of the Fergana Valley, is one of the most ancient cities of Uzbekistan. The first written records...","protected":false},"author":1,"featured_media":0,"parent":23887,"menu_order":0,"comment_status":"closed","ping_status":"closed","template":"","meta":[],"_links":{"self":[{"href":"https:\/\/sacredeasttravel.com\/fr\/wp-json\/wp\/v2\/pages\/24014"}],"collection":[{"href":"https:\/\/sacredeasttravel.com\/fr\/wp-json\/wp\/v2\/pages"}],"about":[{"href":"https:\/\/sacredeasttravel.com\/fr\/wp-json\/wp\/v2\/types\/page"}],"author":[{"embeddable":true,"href":"https:\/\/sacredeasttravel.com\/fr\/wp-json\/wp\/v2\/users\/1"}],"replies":[{"embeddable":true,"href":"https:\/\/sacredeasttravel.com\/fr\/wp-json\/wp\/v2\/comments?post=24014"}],"version-history":[{"count":0,"href":"https:\/\/sacredeasttravel.com\/fr\/wp-json\/wp\/v2\/pages\/24014\/revisions"}],"up":[{"embeddable":true,"href":"https:\/\/sacredeasttravel.com\/fr\/wp-json\/wp\/v2\/pages\/23887"}],"wp:attachment":[{"href":"https:\/\/sacredeasttravel.com\/fr\/wp-json\/wp\/v2\/media?parent=24014"}],"curies":[{"name":"wp","href":"https:\/\/api.w.org\/{rel}","templated":true}]}}