{"id":24019,"date":"2021-04-23T19:42:26","date_gmt":"2021-04-23T19:42:26","guid":{"rendered":"https:\/\/sacredeasttravel.com\/?page_id=24019"},"modified":"2021-07-04T11:09:40","modified_gmt":"2021-07-04T11:09:40","slug":"rishtan","status":"publish","type":"page","link":"https:\/\/sacredeasttravel.com\/fr\/uzbekistan\/ferghana-valley\/rishtan\/","title":{"rendered":"Richtan"},"content":{"rendered":"<div class=\"vc_row wpb_row vc_row-fluid\"><div class=\"wpb_column vc_column_container vc_col-sm-12\"><div class=\"vc_column-inner\"><div class=\"wpb_wrapper\">\n\t<div  class=\"wpb_single_image wpb_content_element vc_align_left\">\n\t\t\n\t\t<figure class=\"wpb_wrapper vc_figure\">\n\t\t\t<div class=\"vc_single_image-wrapper   vc_box_border_grey\"><img width=\"900\" height=\"600\" src=\"https:\/\/sacredeasttravel.com\/wp-content\/uploads\/2021\/07\/rishtan4.jpg\" class=\"vc_single_image-img attachment-full\" alt=\"\" decoding=\"async\" loading=\"lazy\" srcset=\"https:\/\/sacredeasttravel.com\/wp-content\/uploads\/2021\/07\/rishtan4.jpg 900w, https:\/\/sacredeasttravel.com\/wp-content\/uploads\/2021\/07\/rishtan4-300x200.jpg 300w, https:\/\/sacredeasttravel.com\/wp-content\/uploads\/2021\/07\/rishtan4-768x512.jpg 768w, https:\/\/sacredeasttravel.com\/wp-content\/uploads\/2021\/07\/rishtan4-16x12.jpg 16w, https:\/\/sacredeasttravel.com\/wp-content\/uploads\/2021\/07\/rishtan4-600x400.jpg 600w\" sizes=\"(max-width: 900px) 100vw, 900px\" \/><\/div>\n\t\t<\/figure>\n\t<\/div>\n\n\t<div class=\"wpb_text_column wpb_content_element\" >\n\t\t<div class=\"wpb_wrapper\">\n\t\t\t<h2><strong>Richtan<\/strong><\/h2>\n<hr class=\"divider active horizontal-break small\" \/>\n\n\t\t<\/div>\n\t<\/div>\n\n\t<div class=\"wpb_text_column wpb_content_element\" >\n\t\t<div class=\"wpb_wrapper\">\n\t\t\t<p>\u00c0 50 km \u00e0 l'ouest de Fergana, il y a un village de Richtan, dont les habitants sont connus pour leur poterie. \u00c0 partir de sources historiques, nous savons qu'il y a encore 800 ans des artisans talentueux produisaient de la poterie \u00e0 Richtan. La poterie Richtan diff\u00e8re par la richesse du d\u00e9cor, qui est domin\u00e9e par le bleu.\nCette gla\u00e7ure bleue unique \u00abishkor\u00bb est produite \u00e0 la main \u00e0 partir de pigments min\u00e9raux naturels et de plantes de montagne de fr\u00eane. Les produits sont fabriqu\u00e9s \u00e0 partir d'argile rouge qui est extraite uniquement ici. De g\u00e9n\u00e9ration en g\u00e9n\u00e9ration, les artisans transmettent les secrets de leur habile ma\u00eetrise. Grands plats - \u00ablagans\u00bb, bol profond \u00abkosa\u00bb, cruches \u00e0 eau crach\u00e9es, r\u00e9cipients \u00e0 lait, orn\u00e9s de gla\u00e7ure \u00abishkor\u00bb d'inoubliables couleurs turquoise et outremer, ont rendu Rishtan et ses ma\u00eetres c\u00e9l\u00e8bres lors de nombreuses expositions internationales. Ils d\u00e9corent l'exposition de nombreux mus\u00e9es dans le monde et des collections priv\u00e9es.<\/p>\n\n\t\t<\/div>\n\t<\/div>\n<\/div><\/div><\/div><\/div><div class=\"vc_row wpb_row vc_row-fluid\"><div class=\"wpb_column vc_column_container vc_col-sm-12\"><div class=\"vc_column-inner\"><div class=\"wpb_wrapper\"><\/div><\/div><\/div><\/div>","protected":false},"excerpt":{"rendered":"Rishtan Rishtan is situated 50 km farther from Fergana. Since the IX century AC Rishtani people have been famous for their pottery. Over 1100 years...","protected":false},"author":1,"featured_media":0,"parent":23887,"menu_order":0,"comment_status":"closed","ping_status":"closed","template":"","meta":[],"_links":{"self":[{"href":"https:\/\/sacredeasttravel.com\/fr\/wp-json\/wp\/v2\/pages\/24019"}],"collection":[{"href":"https:\/\/sacredeasttravel.com\/fr\/wp-json\/wp\/v2\/pages"}],"about":[{"href":"https:\/\/sacredeasttravel.com\/fr\/wp-json\/wp\/v2\/types\/page"}],"author":[{"embeddable":true,"href":"https:\/\/sacredeasttravel.com\/fr\/wp-json\/wp\/v2\/users\/1"}],"replies":[{"embeddable":true,"href":"https:\/\/sacredeasttravel.com\/fr\/wp-json\/wp\/v2\/comments?post=24019"}],"version-history":[{"count":0,"href":"https:\/\/sacredeasttravel.com\/fr\/wp-json\/wp\/v2\/pages\/24019\/revisions"}],"up":[{"embeddable":true,"href":"https:\/\/sacredeasttravel.com\/fr\/wp-json\/wp\/v2\/pages\/23887"}],"wp:attachment":[{"href":"https:\/\/sacredeasttravel.com\/fr\/wp-json\/wp\/v2\/media?parent=24019"}],"curies":[{"name":"wp","href":"https:\/\/api.w.org\/{rel}","templated":true}]}}