{"id":24025,"date":"2021-04-23T19:49:06","date_gmt":"2021-04-23T19:49:06","guid":{"rendered":"https:\/\/sacredeasttravel.com\/?page_id=24025"},"modified":"2021-04-23T19:49:06","modified_gmt":"2021-04-23T19:49:06","slug":"namangan","status":"publish","type":"page","link":"https:\/\/sacredeasttravel.com\/fr\/uzbekistan\/ferghana-valley\/namangan\/","title":{"rendered":"Namangan"},"content":{"rendered":"<div class=\"vc_row wpb_row vc_row-fluid\"><div class=\"wpb_column vc_column_container vc_col-sm-12\"><div class=\"vc_column-inner\"><div class=\"wpb_wrapper\">\n\t<div  class=\"wpb_single_image wpb_content_element vc_align_left\">\n\t\t\n\t\t<figure class=\"wpb_wrapper vc_figure\">\n\t\t\t<div class=\"vc_single_image-wrapper   vc_box_border_grey\"><img width=\"900\" height=\"600\" src=\"https:\/\/sacredeasttravel.com\/wp-content\/uploads\/2021\/04\/namangan.html-n.jpg\" class=\"vc_single_image-img attachment-full\" alt=\"\" decoding=\"async\" loading=\"lazy\" srcset=\"https:\/\/sacredeasttravel.com\/wp-content\/uploads\/2021\/04\/namangan.html-n.jpg 900w, https:\/\/sacredeasttravel.com\/wp-content\/uploads\/2021\/04\/namangan.html-n-300x200.jpg 300w, https:\/\/sacredeasttravel.com\/wp-content\/uploads\/2021\/04\/namangan.html-n-768x512.jpg 768w, https:\/\/sacredeasttravel.com\/wp-content\/uploads\/2021\/04\/namangan.html-n-16x12.jpg 16w, https:\/\/sacredeasttravel.com\/wp-content\/uploads\/2021\/04\/namangan.html-n-600x400.jpg 600w\" sizes=\"(max-width: 900px) 100vw, 900px\" \/><\/div>\n\t\t<\/figure>\n\t<\/div>\n\n\t<div class=\"wpb_text_column wpb_content_element\" >\n\t\t<div class=\"wpb_wrapper\">\n\t\t\t<h2><strong>Namangan<\/strong><\/h2>\n<hr class=\"divider active horizontal-break small\" \/>\n\n\t\t<\/div>\n\t<\/div>\n\n\t<div class=\"wpb_text_column wpb_content_element\" >\n\t\t<div class=\"wpb_wrapper\">\n\t\t\t<p>La ville de Namangan remonte au 17\u00e8me si\u00e8cle, lorsque, dans le nord de la vall\u00e9e de Ferghana, une colonie pour les mineurs de sel locaux (naman kann) est apparue. Au 17\u00e8me si\u00e8cle, apr\u00e8s le tremblement de terre d\u00e9vastateur, les habitants d'Aksikent (Ahsykenta) ont d\u00e9m\u00e9nag\u00e9 ici. Aksikent est la ville antique, qui \u00e9tait autrefois le centre de la vall\u00e9e de Fergana. Au milieu du XVIIIe si\u00e8cle, la ville devient le centre administratif de la province (viloyat).<\/p>\n<p>En 1875, Namangan est devenu la partie de la Russie. A cette \u00e9poque, la nouvelle ville a \u00e9t\u00e9 construite selon le plan r\u00e9gulier. La ville nouvelle \u00e9tait s\u00e9par\u00e9e de la partie ancienne par la forteresse, \u00e0 partir de laquelle, selon l'ordre \u00e9tabli, les rues \u00e9taient dispos\u00e9es en demi-cercle. Au d\u00e9but du XXe si\u00e8cle, Namangan \u00e9tait la deuxi\u00e8me ville la plus peupl\u00e9e et le centre de transformation du coton de la vall\u00e9e de Fergana, puis la troisi\u00e8me du pays, apr\u00e8s Tachkent et Samarkand.<\/p>\n<p>Actuellement, Namangan est d\u00e9velopp\u00e9 comme le centre des industries l\u00e9g\u00e8res et alimentaires. La ville regorge de vergers verts et de parcs. Non loin de Namangan se trouvent les ruines de l'ancienne ville d'Aksikent. Les recherches arch\u00e9ologiques indiquent que la ville avait une citadelle et de fortes fortifications. Le commerce et la production artisanale y \u00e9taient bien d\u00e9velopp\u00e9s. Avant le XIIIe si\u00e8cle, Aksikent \u00e9tait la capitale de la vall\u00e9e de Fergana. Mais ensuite, il a \u00e9t\u00e9 d\u00e9truit par les Mongols, et au XVIIe si\u00e8cle, le tremblement de terre le plus violent l'a d\u00e9truit au sol.<\/p>\n<p>At the beginning of the XX century Namangan was the second biggest city and the cotton processing center for the Fergana valley. Many religious buildings were constructed at that time of which Khodja Amin mausoleum, madrasah Mullo-Kirgiz and others still remain.<\/p>\n\n\t\t<\/div>\n\t<\/div>\n<\/div><\/div><\/div><\/div><div class=\"vc_row wpb_row vc_row-fluid\"><div class=\"wpb_column vc_column_container vc_col-sm-12\"><div class=\"vc_column-inner\"><div class=\"wpb_wrapper\"><\/div><\/div><\/div><\/div>","protected":false},"excerpt":{"rendered":"Namangan Namangan city dates back to the 17th century, when, in the north of the Ferghana Valley, a settlement for local salt miners of ores...","protected":false},"author":1,"featured_media":0,"parent":23887,"menu_order":0,"comment_status":"closed","ping_status":"closed","template":"","meta":[],"_links":{"self":[{"href":"https:\/\/sacredeasttravel.com\/fr\/wp-json\/wp\/v2\/pages\/24025"}],"collection":[{"href":"https:\/\/sacredeasttravel.com\/fr\/wp-json\/wp\/v2\/pages"}],"about":[{"href":"https:\/\/sacredeasttravel.com\/fr\/wp-json\/wp\/v2\/types\/page"}],"author":[{"embeddable":true,"href":"https:\/\/sacredeasttravel.com\/fr\/wp-json\/wp\/v2\/users\/1"}],"replies":[{"embeddable":true,"href":"https:\/\/sacredeasttravel.com\/fr\/wp-json\/wp\/v2\/comments?post=24025"}],"version-history":[{"count":0,"href":"https:\/\/sacredeasttravel.com\/fr\/wp-json\/wp\/v2\/pages\/24025\/revisions"}],"up":[{"embeddable":true,"href":"https:\/\/sacredeasttravel.com\/fr\/wp-json\/wp\/v2\/pages\/23887"}],"wp:attachment":[{"href":"https:\/\/sacredeasttravel.com\/fr\/wp-json\/wp\/v2\/media?parent=24025"}],"curies":[{"name":"wp","href":"https:\/\/api.w.org\/{rel}","templated":true}]}}