{"id":24028,"date":"2021-04-23T19:51:35","date_gmt":"2021-04-23T19:51:35","guid":{"rendered":"https:\/\/sacredeasttravel.com\/?page_id=24028"},"modified":"2021-04-23T19:51:35","modified_gmt":"2021-04-23T19:51:35","slug":"kuva","status":"publish","type":"page","link":"https:\/\/sacredeasttravel.com\/fr\/uzbekistan\/ferghana-valley\/kuva\/","title":{"rendered":"Kuva"},"content":{"rendered":"<div class=\"vc_row wpb_row vc_row-fluid\"><div class=\"wpb_column vc_column_container vc_col-sm-12\"><div class=\"vc_column-inner\"><div class=\"wpb_wrapper\">\n\t<div  class=\"wpb_single_image wpb_content_element vc_align_left\">\n\t\t\n\t\t<figure class=\"wpb_wrapper vc_figure\">\n\t\t\t<div class=\"vc_single_image-wrapper   vc_box_border_grey\"><img width=\"900\" height=\"600\" src=\"https:\/\/sacredeasttravel.com\/wp-content\/uploads\/2021\/04\/photo_2020-06-26_12-51-20-0-0-0-0-1593158145.jpg\" class=\"vc_single_image-img attachment-full\" alt=\"\" decoding=\"async\" loading=\"lazy\" srcset=\"https:\/\/sacredeasttravel.com\/wp-content\/uploads\/2021\/04\/photo_2020-06-26_12-51-20-0-0-0-0-1593158145.jpg 900w, https:\/\/sacredeasttravel.com\/wp-content\/uploads\/2021\/04\/photo_2020-06-26_12-51-20-0-0-0-0-1593158145-300x200.jpg 300w, https:\/\/sacredeasttravel.com\/wp-content\/uploads\/2021\/04\/photo_2020-06-26_12-51-20-0-0-0-0-1593158145-768x512.jpg 768w, https:\/\/sacredeasttravel.com\/wp-content\/uploads\/2021\/04\/photo_2020-06-26_12-51-20-0-0-0-0-1593158145-16x12.jpg 16w, https:\/\/sacredeasttravel.com\/wp-content\/uploads\/2021\/04\/photo_2020-06-26_12-51-20-0-0-0-0-1593158145-600x400.jpg 600w\" sizes=\"(max-width: 900px) 100vw, 900px\" \/><\/div>\n\t\t<\/figure>\n\t<\/div>\n\n\t<div class=\"wpb_text_column wpb_content_element\" >\n\t\t<div class=\"wpb_wrapper\">\n\t\t\t<h2><strong>Kuva<\/strong><\/h2>\n<hr class=\"divider active horizontal-break small\" \/>\n\n\t\t<\/div>\n\t<\/div>\n\n\t<div class=\"wpb_text_column wpb_content_element\" >\n\t\t<div class=\"wpb_wrapper\">\n\t\t\t<p>La ville antique se composait de trois parties: une citadelle, shakhristan (partie int\u00e9rieure de la ville) et enrag\u00e9e (partie r\u00e9sidentielle de la ville). Au Moyen \u00c2ge, Kuva joua un r\u00f4le \u00e9conomique et politique important dans la vall\u00e9e de Fergana qui \u00e0 cette \u00e9poque avait d\u00e9velopp\u00e9 des objets artisanaux tels que la poterie et l'or, le traitement des m\u00e9taux.\nLes premi\u00e8res \u00e9tudes arch\u00e9ologiques de la ville ont commenc\u00e9 d\u00e8s les ann\u00e9es 50 du XXe si\u00e8cle lors de la construction du grand canal de Fergana, mais l'exp\u00e9dition de 1956-57 a \u00e9t\u00e9 le plus grand succ\u00e8s dans les d\u00e9couvertes.<\/p>\n<p class=\" translation-block\">Les fouilles \u00e0 Kuva ont r\u00e9v\u00e9l\u00e9 un bloc r\u00e9sidentiel entier, mais la principale d\u00e9couverte de cette exp\u00e9dition \u00e9tait un temple bouddhiste culte. Le temple contenait des fragments de sculptures monumentales, des statuts de diff\u00e9rentes divinit\u00e9s d'un panth\u00e9on bouddhiste et d\u00e9truisit \u00e9galement des statuts d'argile de Bouddha, confirmant la diffusion du bouddhisme sur le territoire de la vall\u00e9e de Fergana. Des images de dieux - les antipodes de Bouddha y ont \u00e9galement \u00e9t\u00e9 trouv\u00e9es. Leurs apparitions impressionnantes ont effray\u00e9 les gens des passions terrestres, ce qui a fait ressentir de l'aversion aux croyants. Certains d'entre eux sont expos\u00e9s au Mus\u00e9e national d'histoire de l'Ouzb\u00e9kistan.<\/p>\n<p>Alfraganus \u00e9tait le fondateur de plusieurs grandes universit\u00e9s \u00e0 Damas et d'observatoires dans de nombreuses villes de l'Est. En 1998, un complexe comm\u00e9moratif a \u00e9t\u00e9 \u00e9rig\u00e9 \u00e0 Kuva en l'honneur du 1200 anniversaire du grand savant.<\/p>\n<p>Le complexe comm\u00e9moratif al-Fergani jouxte le territoire de l'ancien shakhristan avec un fragment de fouille arch\u00e9ologique. Au cours de la construction de ce complexe, le shakhristan vallum a \u00e9t\u00e9 restaur\u00e9 et un grand jardin de 350 m de long avec une fontaine a \u00e9t\u00e9 ouvert \u00e0 proximit\u00e9. Il y a deux escaliers menant \u00e0 un pavillon avec un monument \u00e0 al-Fergani \u00e9rig\u00e9 sur la colline de shakhristan.<\/p>\n<p>Aujourd'hui Kuva n'est pas seulement une belle ville engloutie dans les verts des jardins et des vignobles avec les fruits les plus juteux de tout l'Ouzb\u00e9kistan, mais aussi un c\u00e9l\u00e8bre complexe comm\u00e9moratif qui est devenu un spectacle lumineux enrichissant l'itin\u00e9raire touristique de la vall\u00e9e de Fergana.<\/p>\n<p>Alfraganus was a founder of several large Universities in Damascus and observatories in many cities of the East. In 1998 a memorial complex was erected in Kuva in honor of 1200 anniversary of the great scholar.<\/p>\n<p>The al-Fergani memorial complex adjoins to the territory of the ancient shakhristan with a fragment of archeological dig. In the course of the construction of this complex the shakhristan vallum was restored and a large 350-m long garden with a fountain was opened near it. There are two stairs leading to a pavilion with a monument to al-Fergani erected on the shakhristan hill.<\/p>\n<p>Today Kuva is not only a beautiful city sunk in the greens of the gardens and vineyards with the most juicy fruits in whole Uzbekistan but also a famous memorial complex which became a bright sight enriching the touristic route in the Fergana Valley.<\/p>\n\n\t\t<\/div>\n\t<\/div>\n<\/div><\/div><\/div><\/div><div class=\"vc_row wpb_row vc_row-fluid\"><div class=\"wpb_column vc_column_container vc_col-sm-12\"><div class=\"vc_column-inner\"><div class=\"wpb_wrapper\"><\/div><\/div><\/div><\/div>","protected":false},"excerpt":{"rendered":"Kuva Kuva is one of the ancient cities of Fergana valley. The remains found in the settlement of ancient Kuva were traced back to the...","protected":false},"author":1,"featured_media":0,"parent":23887,"menu_order":0,"comment_status":"closed","ping_status":"closed","template":"","meta":[],"_links":{"self":[{"href":"https:\/\/sacredeasttravel.com\/fr\/wp-json\/wp\/v2\/pages\/24028"}],"collection":[{"href":"https:\/\/sacredeasttravel.com\/fr\/wp-json\/wp\/v2\/pages"}],"about":[{"href":"https:\/\/sacredeasttravel.com\/fr\/wp-json\/wp\/v2\/types\/page"}],"author":[{"embeddable":true,"href":"https:\/\/sacredeasttravel.com\/fr\/wp-json\/wp\/v2\/users\/1"}],"replies":[{"embeddable":true,"href":"https:\/\/sacredeasttravel.com\/fr\/wp-json\/wp\/v2\/comments?post=24028"}],"version-history":[{"count":0,"href":"https:\/\/sacredeasttravel.com\/fr\/wp-json\/wp\/v2\/pages\/24028\/revisions"}],"up":[{"embeddable":true,"href":"https:\/\/sacredeasttravel.com\/fr\/wp-json\/wp\/v2\/pages\/23887"}],"wp:attachment":[{"href":"https:\/\/sacredeasttravel.com\/fr\/wp-json\/wp\/v2\/media?parent=24028"}],"curies":[{"name":"wp","href":"https:\/\/api.w.org\/{rel}","templated":true}]}}