{"id":24031,"date":"2021-04-23T19:54:53","date_gmt":"2021-04-23T19:54:53","guid":{"rendered":"https:\/\/sacredeasttravel.com\/?page_id=24031"},"modified":"2021-04-23T19:54:53","modified_gmt":"2021-04-23T19:54:53","slug":"shakhimardan","status":"publish","type":"page","link":"https:\/\/sacredeasttravel.com\/fr\/uzbekistan\/ferghana-valley\/shakhimardan\/","title":{"rendered":"Shakhimardan"},"content":{"rendered":"<div class=\"vc_row wpb_row vc_row-fluid\"><div class=\"wpb_column vc_column_container vc_col-sm-12\"><div class=\"vc_column-inner\"><div class=\"wpb_wrapper\">\n\t<div  class=\"wpb_single_image wpb_content_element vc_align_left\">\n\t\t\n\t\t<figure class=\"wpb_wrapper vc_figure\">\n\t\t\t<div class=\"vc_single_image-wrapper   vc_box_border_grey\"><img width=\"900\" height=\"600\" src=\"https:\/\/sacredeasttravel.com\/wp-content\/uploads\/2021\/04\/SHahimardan.jpg\" class=\"vc_single_image-img attachment-full\" alt=\"\" decoding=\"async\" loading=\"lazy\" srcset=\"https:\/\/sacredeasttravel.com\/wp-content\/uploads\/2021\/04\/SHahimardan.jpg 900w, https:\/\/sacredeasttravel.com\/wp-content\/uploads\/2021\/04\/SHahimardan-300x200.jpg 300w, https:\/\/sacredeasttravel.com\/wp-content\/uploads\/2021\/04\/SHahimardan-768x512.jpg 768w, https:\/\/sacredeasttravel.com\/wp-content\/uploads\/2021\/04\/SHahimardan-16x12.jpg 16w, https:\/\/sacredeasttravel.com\/wp-content\/uploads\/2021\/04\/SHahimardan-600x400.jpg 600w\" sizes=\"(max-width: 900px) 100vw, 900px\" \/><\/div>\n\t\t<\/figure>\n\t<\/div>\n\n\t<div class=\"wpb_text_column wpb_content_element\" >\n\t\t<div class=\"wpb_wrapper\">\n\t\t\t<h2><strong>Shakhimardan<\/strong><\/h2>\n<hr class=\"divider active horizontal-break small\" \/>\n\n\t\t<\/div>\n\t<\/div>\n\n\t<div class=\"wpb_text_column wpb_content_element\" >\n\t\t<div class=\"wpb_wrapper\">\n\t\t\t<p>La station baln\u00e9aire de Shakhimardan se trouve dans la pittoresque r\u00e9gion montagneuse (1500 m d'altitude), \u00e0 55 km de Ferghana. C'est le lieu d'une grande beaut\u00e9, perdu dans les montagnes de la cha\u00eene d'Alai et baign\u00e9 par les ruisseaux d'Oak-Su et de Kok-Su des deux c\u00f4t\u00e9s. \u00c0 sept kilom\u00e8tres au sud-est de Shakhimardan se trouve le lac Kulikubbon ou Blue Lake. Il a \u00e9t\u00e9 form\u00e9 apr\u00e8s une s\u00e9rie de forts tremblements de terre en 1766. Le lac se trouve \u00e0 une altitude de 1,724 170 m\u00e8tres au-dessus du niveau de la mer. Sa longueur est de 60 m, sa largeur de 5 m, sa profondeur de 10 \u00e0 XNUMX m. Un t\u00e9l\u00e9ph\u00e9rique de deux kilom\u00e8tres m\u00e8ne au lac.<\/p>\n<p>L'air frais, les rivi\u00e8res tumultueuses et les lacs de montagne font de cette r\u00e9gion un endroit merveilleux pour les loisirs et les voyages. De plus, Shakhimardan est \u00e9galement consid\u00e9r\u00e9 comme la zone sacr\u00e9e, un lieu de p\u00e8lerinage religieux.<\/p>\n<p>La tradition musulmane affirme que Hazrat Ali lui-m\u00eame, le quatri\u00e8me calife, gendre du proph\u00e8te Mahomet, a visit\u00e9 Shakhimardan, et l'une de ses sept tombes possibles se trouve ici. \u00abShakhimardan\u00bb en persan signifie \u00abSeigneur du peuple\u00bb, ce qui correspond \u00e9galement au nom de Hazrat-Ali. Dans 20-s au centre de Shakhimardan il y avait la mosqu\u00e9e et le mausol\u00e9e de Hazrat-Ali, o\u00f9 les croyants venaient prier. Cependant, \u00e0 l'\u00e9poque de la pers\u00e9cution religieuse, les autorit\u00e9s sovi\u00e9tiques ont d\u00e9truit le mausol\u00e9e d'Ali. Et seulement lorsque l'Ouzb\u00e9kistan a acc\u00e9d\u00e9 \u00e0 l'ind\u00e9pendance en 1993, le mausol\u00e9e de Hazrat-Ali a \u00e9t\u00e9 reconstruit au m\u00eame endroit et a conserv\u00e9 sa forme ext\u00e9rieure.<\/p>\n<p>Dans les ann\u00e9es 1930, \u00e0 la suite de l'\u00e9change de territoires entre l'Ouzb\u00e9kistan et le Kirghizistan, Shakhimardan est devenu la partie de l'Ouzb\u00e9kistan. Pendant une courte p\u00e9riode, Shakhimardan a \u00e9t\u00e9 appel\u00e9 Hamzaabad, en l'honneur du po\u00e8te et fondateur du drame ouzbek Khamza Hakim-zade Niyazi. En mars 1929, dans le village de Shakhimardan Khamza a \u00e9t\u00e9 tu\u00e9. Dans les ann\u00e9es 60, le mus\u00e9e et le mausol\u00e9e de Khamza ont \u00e9t\u00e9 construits en son honneur, et en 1989, lors de la c\u00e9l\u00e9bration du centenaire de la naissance de Khamza, le nouveau mus\u00e9e et un monument \u00e0 ce personnage talentueux ont \u00e9t\u00e9 ouverts \u00e0 Shakhimardan.<\/p>\n<p><strong>\u00a0<\/strong><\/p>\n\n\t\t<\/div>\n\t<\/div>\n<\/div><\/div><\/div><\/div><div class=\"vc_row wpb_row vc_row-fluid\"><div class=\"wpb_column vc_column_container vc_col-sm-12\"><div class=\"vc_column-inner\"><div class=\"wpb_wrapper\"><\/div><\/div><\/div><\/div>","protected":false},"excerpt":{"rendered":"Shakhimardan The city-resort Shakhimardan lies in the picturesque mountainous region (1500 m above sea level), 55 km from Ferghana. This is the place of great...","protected":false},"author":1,"featured_media":0,"parent":23887,"menu_order":0,"comment_status":"closed","ping_status":"closed","template":"","meta":[],"_links":{"self":[{"href":"https:\/\/sacredeasttravel.com\/fr\/wp-json\/wp\/v2\/pages\/24031"}],"collection":[{"href":"https:\/\/sacredeasttravel.com\/fr\/wp-json\/wp\/v2\/pages"}],"about":[{"href":"https:\/\/sacredeasttravel.com\/fr\/wp-json\/wp\/v2\/types\/page"}],"author":[{"embeddable":true,"href":"https:\/\/sacredeasttravel.com\/fr\/wp-json\/wp\/v2\/users\/1"}],"replies":[{"embeddable":true,"href":"https:\/\/sacredeasttravel.com\/fr\/wp-json\/wp\/v2\/comments?post=24031"}],"version-history":[{"count":0,"href":"https:\/\/sacredeasttravel.com\/fr\/wp-json\/wp\/v2\/pages\/24031\/revisions"}],"up":[{"embeddable":true,"href":"https:\/\/sacredeasttravel.com\/fr\/wp-json\/wp\/v2\/pages\/23887"}],"wp:attachment":[{"href":"https:\/\/sacredeasttravel.com\/fr\/wp-json\/wp\/v2\/media?parent=24031"}],"curies":[{"name":"wp","href":"https:\/\/api.w.org\/{rel}","templated":true}]}}