{"id":24468,"date":"2021-06-16T18:51:43","date_gmt":"2021-06-16T18:51:43","guid":{"rendered":"https:\/\/sacredeasttravel.com\/?page_id=24468"},"modified":"2021-06-16T19:12:28","modified_gmt":"2021-06-16T19:12:28","slug":"tillya-sheikh-mosque","status":"publish","type":"page","link":"https:\/\/sacredeasttravel.com\/fr\/uzbekistan\/tashkent\/tillya-sheikh-mosque\/","title":{"rendered":"Mosquee Tillya Sheikh"},"content":{"rendered":"<div class=\"vc_row wpb_row vc_row-fluid\"><div class=\"wpb_column vc_column_container vc_col-sm-12\"><div class=\"vc_column-inner\"><div class=\"wpb_wrapper\">\n\t<div  class=\"wpb_single_image wpb_content_element vc_align_left\">\n\t\t\n\t\t<figure class=\"wpb_wrapper vc_figure\">\n\t\t\t<div class=\"vc_single_image-wrapper   vc_box_border_grey\"><img width=\"900\" height=\"450\" src=\"https:\/\/sacredeasttravel.com\/wp-content\/uploads\/2021\/06\/tillya-sheikh.jpg\" class=\"vc_single_image-img attachment-full\" alt=\"\" decoding=\"async\" loading=\"lazy\" srcset=\"https:\/\/sacredeasttravel.com\/wp-content\/uploads\/2021\/06\/tillya-sheikh.jpg 900w, https:\/\/sacredeasttravel.com\/wp-content\/uploads\/2021\/06\/tillya-sheikh-300x150.jpg 300w, https:\/\/sacredeasttravel.com\/wp-content\/uploads\/2021\/06\/tillya-sheikh-768x384.jpg 768w, https:\/\/sacredeasttravel.com\/wp-content\/uploads\/2021\/06\/tillya-sheikh-16x8.jpg 16w, https:\/\/sacredeasttravel.com\/wp-content\/uploads\/2021\/06\/tillya-sheikh-600x300.jpg 600w\" sizes=\"(max-width: 900px) 100vw, 900px\" \/><\/div>\n\t\t<\/figure>\n\t<\/div>\n\n\t<div class=\"wpb_text_column wpb_content_element\" >\n\t\t<div class=\"wpb_wrapper\">\n\t\t\t<h2>Mosquee Tillya Sheikh<\/h2>\n<hr class=\"divider active horizontal-break small\" \/>\n\n\t\t<\/div>\n\t<\/div>\n\n\t<div class=\"wpb_text_column wpb_content_element\" >\n\t\t<div class=\"wpb_wrapper\">\n\t\t\t<p>La mosqu\u00e9e du vendredi du 19\u00e8me si\u00e8cle est la mosqu\u00e9e Tillya Sheikh, l'une des plus grandes mosqu\u00e9es de Tachkent. Il se compose du b\u00e2timent d'hiver, de la cour d'\u00e9t\u00e9, du d\u00f4me au centre et de la galerie du d\u00f4me.<\/p>\n<p>Les immenses minarets de la mosqu\u00e9e jouaient un r\u00f4le de pendules pour les caravanes, dont le chemin \u00e9tait pass\u00e9 par Tachkent. \u00c0 l'int\u00e9rieur du minaret, il y a un escalier en colima\u00e7on, \u00e0 monter pour appeler tous les fid\u00e8les \u00e0 la pri\u00e8re.<\/p>\n\n\t\t<\/div>\n\t<\/div>\n<\/div><\/div><\/div><\/div>","protected":false},"excerpt":{"rendered":"Tillya Sheikh Mosque Friday mosque of the 19th century is Tillya Sheikh Mosque, one of the largest mosques in Tashkent.\u00a0It consists of the winter building,...","protected":false},"author":1,"featured_media":0,"parent":23235,"menu_order":0,"comment_status":"closed","ping_status":"closed","template":"","meta":[],"_links":{"self":[{"href":"https:\/\/sacredeasttravel.com\/fr\/wp-json\/wp\/v2\/pages\/24468"}],"collection":[{"href":"https:\/\/sacredeasttravel.com\/fr\/wp-json\/wp\/v2\/pages"}],"about":[{"href":"https:\/\/sacredeasttravel.com\/fr\/wp-json\/wp\/v2\/types\/page"}],"author":[{"embeddable":true,"href":"https:\/\/sacredeasttravel.com\/fr\/wp-json\/wp\/v2\/users\/1"}],"replies":[{"embeddable":true,"href":"https:\/\/sacredeasttravel.com\/fr\/wp-json\/wp\/v2\/comments?post=24468"}],"version-history":[{"count":0,"href":"https:\/\/sacredeasttravel.com\/fr\/wp-json\/wp\/v2\/pages\/24468\/revisions"}],"up":[{"embeddable":true,"href":"https:\/\/sacredeasttravel.com\/fr\/wp-json\/wp\/v2\/pages\/23235"}],"wp:attachment":[{"href":"https:\/\/sacredeasttravel.com\/fr\/wp-json\/wp\/v2\/media?parent=24468"}],"curies":[{"name":"wp","href":"https:\/\/api.w.org\/{rel}","templated":true}]}}