{"id":24475,"date":"2021-06-16T19:00:44","date_gmt":"2021-06-16T19:00:44","guid":{"rendered":"https:\/\/sacredeasttravel.com\/?page_id=24475"},"modified":"2021-06-16T19:14:57","modified_gmt":"2021-06-16T19:14:57","slug":"tv-tower","status":"publish","type":"page","link":"https:\/\/sacredeasttravel.com\/fr\/uzbekistan\/tashkent\/tv-tower\/","title":{"rendered":"Tour de t\u00e9l\u00e9vision"},"content":{"rendered":"<div class=\"vc_row wpb_row vc_row-fluid\"><div class=\"wpb_column vc_column_container vc_col-sm-12\"><div class=\"vc_column-inner\"><div class=\"wpb_wrapper\">\n\t<div  class=\"wpb_single_image wpb_content_element vc_align_left\">\n\t\t\n\t\t<figure class=\"wpb_wrapper vc_figure\">\n\t\t\t<div class=\"vc_single_image-wrapper   vc_box_border_grey\"><img width=\"2000\" height=\"1334\" src=\"https:\/\/sacredeasttravel.com\/wp-content\/uploads\/2021\/06\/AdobeStock_268642811.jpg\" class=\"vc_single_image-img attachment-full\" alt=\"\" decoding=\"async\" loading=\"lazy\" srcset=\"https:\/\/sacredeasttravel.com\/wp-content\/uploads\/2021\/06\/AdobeStock_268642811.jpg 2000w, https:\/\/sacredeasttravel.com\/wp-content\/uploads\/2021\/06\/AdobeStock_268642811-300x200.jpg 300w, https:\/\/sacredeasttravel.com\/wp-content\/uploads\/2021\/06\/AdobeStock_268642811-1024x683.jpg 1024w, https:\/\/sacredeasttravel.com\/wp-content\/uploads\/2021\/06\/AdobeStock_268642811-768x512.jpg 768w, https:\/\/sacredeasttravel.com\/wp-content\/uploads\/2021\/06\/AdobeStock_268642811-1536x1025.jpg 1536w, https:\/\/sacredeasttravel.com\/wp-content\/uploads\/2021\/06\/AdobeStock_268642811-16x12.jpg 16w, https:\/\/sacredeasttravel.com\/wp-content\/uploads\/2021\/06\/AdobeStock_268642811-600x400.jpg 600w\" sizes=\"(max-width: 2000px) 100vw, 2000px\" \/><\/div>\n\t\t<\/figure>\n\t<\/div>\n\n\t<div class=\"wpb_text_column wpb_content_element\" >\n\t\t<div class=\"wpb_wrapper\">\n\t\t\t<h2>Tour de t\u00e9l\u00e9vision<\/h2>\n<hr class=\"divider active horizontal-break small\" \/>\n\n\t\t<\/div>\n\t<\/div>\n\n\t<div class=\"wpb_text_column wpb_content_element\" >\n\t\t<div class=\"wpb_wrapper\">\n\t\t\t<p>La tour de t\u00e9l\u00e9vision est la plus haute construction d'Asie centrale. Il a une hauteur totale de 375 m\u00e8tres. Sa construction a commenc\u00e9 en 1979 et s'est achev\u00e9e en 1981. Le projet unique de la tour a \u00e9t\u00e9 cr\u00e9\u00e9 par les architectes DJ Semashko, NG Terziev-Tzarukova, les ing\u00e9nieurs EP Morozova, MD Musheeva. Sa construction int\u00e8gre une capacit\u00e9 \u00e0 r\u00e9sister au s\u00e9isme de magnitude 9 de Richter. Le tronc de la tour de style treillis est soutenu par trois glissi\u00e8res inclin\u00e9es, qui assurent la stabilit\u00e9 du b\u00e2timent et donnent une impression de l\u00e9g\u00e8ret\u00e9.\n\n220 m\u00e8tres de hauteur de la tour sont utilis\u00e9s pour organiser les moyens de communication les plus modernes: TV satellite, communication cellulaire et radiomessagerie. La tour de t\u00e9l\u00e9vision de Tachkent diffuse 5 programmes de t\u00e9l\u00e9vision et 4 programmes de radio. La tour de t\u00e9l\u00e9vision de Tachkent poss\u00e8de la plus haute station m\u00e9t\u00e9orologique.<\/p>\n<p>Le lobby est d\u00e9cor\u00e9 de panneaux de mosa\u00efque de style florentin et romain, qui ont \u00e9t\u00e9 cr\u00e9\u00e9s par le ma\u00eetre A. Buharbaev. Il y a une salle bleue \u00e0 une hauteur de 150 m\u00e8tres. Chaque salle est pr\u00e9vue pour 60 places. La plate-forme avec des si\u00e8ges dans les deux restaurants tourne sur le tronc de la tour.\nLes restaurants servent une cuisine ouzb\u00e8ke et europ\u00e9enne. Les bars des restaurants proposent une large gamme de boissons. Il y a aussi une terrasse d'observation, o\u00f9 vous pourrez profiter d'une vue magnifique sur la ville. La tour est \u00e9quip\u00e9e de 3 ascenseurs \u00e0 grande vitesse de la soci\u00e9t\u00e9 suisse Shindler. La vitesse de l'\u00e9l\u00e9vation est de 4 m\u00e8tres par seconde.<\/p>\n<p class=\" translation-block\">Lobby is decorated with mosaic panel in Florentine and Roman style, which was created by master A. Buharbaev. There is a Blue hall at a height of 150 meters. Each hall is intended for 60 seats. Platform with seats in both restaurants revolve on the trunk of the tower.<br>\nRestaurants serve Uzbek as well as European cuisine. Bars of the restaurants have a wide range of drinks. There is also an observation deck, where you can enjoy magnificent views of the city. Tower is equipped with 3 high speed elevators from the Swiss company Shindler. The speed of the elevation is 4 meters per second.<\/p>\n\n\t\t<\/div>\n\t<\/div>\n<\/div><\/div><\/div><\/div>","protected":false},"excerpt":{"rendered":"TV Tower The TV Tower is the highest construction in the Central Asia. It has an overall height of 375 meters. Its construction began in...","protected":false},"author":1,"featured_media":0,"parent":23235,"menu_order":0,"comment_status":"closed","ping_status":"closed","template":"","meta":[],"_links":{"self":[{"href":"https:\/\/sacredeasttravel.com\/fr\/wp-json\/wp\/v2\/pages\/24475"}],"collection":[{"href":"https:\/\/sacredeasttravel.com\/fr\/wp-json\/wp\/v2\/pages"}],"about":[{"href":"https:\/\/sacredeasttravel.com\/fr\/wp-json\/wp\/v2\/types\/page"}],"author":[{"embeddable":true,"href":"https:\/\/sacredeasttravel.com\/fr\/wp-json\/wp\/v2\/users\/1"}],"replies":[{"embeddable":true,"href":"https:\/\/sacredeasttravel.com\/fr\/wp-json\/wp\/v2\/comments?post=24475"}],"version-history":[{"count":0,"href":"https:\/\/sacredeasttravel.com\/fr\/wp-json\/wp\/v2\/pages\/24475\/revisions"}],"up":[{"embeddable":true,"href":"https:\/\/sacredeasttravel.com\/fr\/wp-json\/wp\/v2\/pages\/23235"}],"wp:attachment":[{"href":"https:\/\/sacredeasttravel.com\/fr\/wp-json\/wp\/v2\/media?parent=24475"}],"curies":[{"name":"wp","href":"https:\/\/api.w.org\/{rel}","templated":true}]}}