{"id":24478,"date":"2021-06-16T19:04:49","date_gmt":"2021-06-16T19:04:49","guid":{"rendered":"https:\/\/sacredeasttravel.com\/?page_id=24478"},"modified":"2021-06-16T19:13:29","modified_gmt":"2021-06-16T19:13:29","slug":"palace-of-prince-romanov","status":"publish","type":"page","link":"https:\/\/sacredeasttravel.com\/fr\/uzbekistan\/tashkent\/palace-of-prince-romanov\/","title":{"rendered":"Palace of Prince Romanov"},"content":{"rendered":"<div class=\"vc_row wpb_row vc_row-fluid\"><div class=\"wpb_column vc_column_container vc_col-sm-12\"><div class=\"vc_column-inner\"><div class=\"wpb_wrapper\">\n\t<div  class=\"wpb_single_image wpb_content_element vc_align_left\">\n\t\t\n\t\t<figure class=\"wpb_wrapper vc_figure\">\n\t\t\t<div class=\"vc_single_image-wrapper   vc_box_border_grey\"><img width=\"900\" height=\"450\" src=\"https:\/\/sacredeasttravel.com\/wp-content\/uploads\/2021\/06\/romanov-palace.jpg\" class=\"vc_single_image-img attachment-full\" alt=\"\" decoding=\"async\" loading=\"lazy\" srcset=\"https:\/\/sacredeasttravel.com\/wp-content\/uploads\/2021\/06\/romanov-palace.jpg 900w, https:\/\/sacredeasttravel.com\/wp-content\/uploads\/2021\/06\/romanov-palace-300x150.jpg 300w, https:\/\/sacredeasttravel.com\/wp-content\/uploads\/2021\/06\/romanov-palace-768x384.jpg 768w, https:\/\/sacredeasttravel.com\/wp-content\/uploads\/2021\/06\/romanov-palace-16x8.jpg 16w, https:\/\/sacredeasttravel.com\/wp-content\/uploads\/2021\/06\/romanov-palace-600x300.jpg 600w\" sizes=\"(max-width: 900px) 100vw, 900px\" \/><\/div>\n\t\t<\/figure>\n\t<\/div>\n\n\t<div class=\"wpb_text_column wpb_content_element\" >\n\t\t<div class=\"wpb_wrapper\">\n\t\t\t<h2>Palace of Prince Romanov<\/h2>\n<hr class=\"divider active horizontal-break small\" \/>\n\n\t\t<\/div>\n\t<\/div>\n\n\t<div class=\"wpb_text_column wpb_content_element\" >\n\t\t<div class=\"wpb_wrapper\">\n\t\t\t<p>L'un des monuments insolites de Tachkent est la r\u00e9sidence du prince Romanov, construite en 1891 dans le centre de la ville, sous le projet des architectes AL Benoit et VS Geyntseltsman. Il s'agit d'une r\u00e9sidence priv\u00e9e d'un \u00e9tage de Nikolay Konstantinovich Romanov, petit-fils de l'empereur Nicholay Ier, et qui a \u00e9t\u00e9 exil\u00e9 par ses parents royaux \u00e0 Tachkent en 1877 pour y vivre jusqu'\u00e0 sa mort en 1918.<\/p>\n<p>La r\u00e9sidence du prince Romanov a \u00e9t\u00e9 construite dans un style \u00abmoderne\u00bb, tendance \u00e0 cette \u00e9poque. L'\u00e9l\u00e9gant b\u00e2timent \u00e9tait richement d\u00e9cor\u00e9 de grilles sculpt\u00e9es, de fen\u00eatres de forme inhabituelle, de tours et d'autres \u00e9l\u00e9ments d\u00e9coratifs. Le duc \u00e9tait un chasseur passionn\u00e9, c'est pourquoi l'entr\u00e9e principale de la r\u00e9sidence priv\u00e9e \u00e9tait d\u00e9cor\u00e9e de figures en bronze de cerfs et de chiens de chasse. \u00c0 l'arri\u00e8re du b\u00e2timent, il y avait un grand jardin, am\u00e9nag\u00e9 par le c\u00e9l\u00e8bre botaniste et pharmacien de Tachkent II Krause.<\/p>\n<p>Une attention particuli\u00e8re a \u00e9t\u00e9 accord\u00e9e \u00e0 la d\u00e9coration int\u00e9rieure du palais. Les salles de la r\u00e9sidence priv\u00e9e \u00e9taient bord\u00e9es de ch\u00eane fonc\u00e9, d\u00e9cor\u00e9es de corniches sculpt\u00e9es et de peintures dor\u00e9es. Depuis le hall principal, les trois portes menaient aux appartements du prince et de sa femme. Le c\u00f4t\u00e9 gauche de la r\u00e9sidence abritait une salle de billard, une biblioth\u00e8que, une salle \u00e0 manger, tandis que celui de droite - une serre et un jardin japonais. Dans l'une des ailes du b\u00e2timent, le prince russe a am\u00e9nag\u00e9 une m\u00e9nagerie pour garder les animaux sauvages, h\u00e9berg\u00e9s dans les localit\u00e9s \u00e0 cette \u00e9poque. Le dimanche, la m\u00e9nagerie \u00e9tait ouverte au public.<\/p>\n<p>Nikolay Konstantinovich \u00e9tait extr\u00eamement populaire dans la communaut\u00e9 locale. Il a ouvert le premier cin\u00e9ma de la ville et une boulangerie, construit une banlieue de soldats ducaux au centre de la ville, pos\u00e9 des canaux d'irrigation dans la steppe de Golodny. Au cours des ann\u00e9es pass\u00e9es \u00e0 Tachkent, Prince a amass\u00e9 une collection unique d'antiquit\u00e9s et de livres, l\u00e9gu\u00e9e plus tard \u00e0 la ville.<\/p>\n<p>Apr\u00e8s sa mort, le b\u00e2timent abrita le Mus\u00e9e des Arts d'Ouzb\u00e9kistan, puis le Mus\u00e9e des Antiquit\u00e9s et des Bijoux d'Ouzb\u00e9kistan, et \u00e0 l'\u00e9poque sovi\u00e9tique, il fut utilis\u00e9 pour le Palais des Pionniers. \u00c0 la fin du XXe si\u00e8cle, le b\u00e2timent a \u00e9t\u00e9 restaur\u00e9 et est maintenant utilis\u00e9 comme maison d'accueil du MAE d'Ouzb\u00e9kistan.<\/p>\n\n\t\t<\/div>\n\t<\/div>\n<\/div><\/div><\/div><\/div>","protected":false},"excerpt":{"rendered":"Palace of Prince Romanov One of the unusual monuments of Tashkent is the Prince Romanov residence, built in 1891 in the center of the city,...","protected":false},"author":1,"featured_media":0,"parent":23235,"menu_order":0,"comment_status":"closed","ping_status":"closed","template":"","meta":[],"_links":{"self":[{"href":"https:\/\/sacredeasttravel.com\/fr\/wp-json\/wp\/v2\/pages\/24478"}],"collection":[{"href":"https:\/\/sacredeasttravel.com\/fr\/wp-json\/wp\/v2\/pages"}],"about":[{"href":"https:\/\/sacredeasttravel.com\/fr\/wp-json\/wp\/v2\/types\/page"}],"author":[{"embeddable":true,"href":"https:\/\/sacredeasttravel.com\/fr\/wp-json\/wp\/v2\/users\/1"}],"replies":[{"embeddable":true,"href":"https:\/\/sacredeasttravel.com\/fr\/wp-json\/wp\/v2\/comments?post=24478"}],"version-history":[{"count":0,"href":"https:\/\/sacredeasttravel.com\/fr\/wp-json\/wp\/v2\/pages\/24478\/revisions"}],"up":[{"embeddable":true,"href":"https:\/\/sacredeasttravel.com\/fr\/wp-json\/wp\/v2\/pages\/23235"}],"wp:attachment":[{"href":"https:\/\/sacredeasttravel.com\/fr\/wp-json\/wp\/v2\/media?parent=24478"}],"curies":[{"name":"wp","href":"https:\/\/api.w.org\/{rel}","templated":true}]}}