{"id":24495,"date":"2021-06-19T19:07:52","date_gmt":"2021-06-19T19:07:52","guid":{"rendered":"https:\/\/sacredeasttravel.com\/?page_id=24495"},"modified":"2021-06-19T19:10:54","modified_gmt":"2021-06-19T19:10:54","slug":"hazrat-hyzr-mosque","status":"publish","type":"page","link":"https:\/\/sacredeasttravel.com\/fr\/uzbekistan\/samarkand\/hazrat-hyzr-mosque\/","title":{"rendered":"Mosqu\u00e9e Hazrat Hyzr"},"content":{"rendered":"<div class=\"vc_row wpb_row vc_row-fluid\"><div class=\"wpb_column vc_column_container vc_col-sm-12\"><div class=\"vc_column-inner\"><div class=\"wpb_wrapper\">\n\t<div  class=\"wpb_single_image wpb_content_element vc_align_left\">\n\t\t\n\t\t<figure class=\"wpb_wrapper vc_figure\">\n\t\t\t<div class=\"vc_single_image-wrapper   vc_box_border_grey\"><img width=\"1280\" height=\"960\" src=\"https:\/\/sacredeasttravel.com\/wp-content\/uploads\/2021\/06\/photo_2021-06-20_00-09-11.jpg\" class=\"vc_single_image-img attachment-full\" alt=\"\" decoding=\"async\" loading=\"lazy\" srcset=\"https:\/\/sacredeasttravel.com\/wp-content\/uploads\/2021\/06\/photo_2021-06-20_00-09-11.jpg 1280w, https:\/\/sacredeasttravel.com\/wp-content\/uploads\/2021\/06\/photo_2021-06-20_00-09-11-300x225.jpg 300w, https:\/\/sacredeasttravel.com\/wp-content\/uploads\/2021\/06\/photo_2021-06-20_00-09-11-1024x768.jpg 1024w, https:\/\/sacredeasttravel.com\/wp-content\/uploads\/2021\/06\/photo_2021-06-20_00-09-11-768x576.jpg 768w, https:\/\/sacredeasttravel.com\/wp-content\/uploads\/2021\/06\/photo_2021-06-20_00-09-11-16x12.jpg 16w, https:\/\/sacredeasttravel.com\/wp-content\/uploads\/2021\/06\/photo_2021-06-20_00-09-11-600x450.jpg 600w\" sizes=\"(max-width: 1280px) 100vw, 1280px\" \/><\/div>\n\t\t<\/figure>\n\t<\/div>\n\n\t<div class=\"wpb_text_column wpb_content_element\" >\n\t\t<div class=\"wpb_wrapper\">\n\t\t\t<h2 class=\"elementor-heading-title elementor-size-default\">Mosqu\u00e9e Hazrat Hyzr<\/h2>\n<hr class=\"divider active horizontal-break small\" \/>\n\n\t\t<\/div>\n\t<\/div>\n\n\t<div class=\"wpb_text_column wpb_content_element\" >\n\t\t<div class=\"wpb_wrapper\">\n\t\t\t<p>La mosqu\u00e9e Hazrat Hyzr est situ\u00e9e au sud du fort Afrasiab. La superficie de la mosqu\u00e9e est de 30 x 16 m. Il se dresse sur une \u00e9l\u00e9vation naturelle o\u00f9 m\u00e8ne un escalier raide. La mosqu\u00e9e se compose d'aivan et de khanaka. Le aivan de la mosqu\u00e9e (un auvent int\u00e9rieur pos\u00e9 sur les colonnes) est richement d\u00e9cor\u00e9 d'ornements. Il y a une entr\u00e9e d'Aivan au khanaka (un monast\u00e8re pour les derviches). Hanaka est carr\u00e9, avec une niche mihrabi avec la direction de La Mecque au milieu et deux hudzhry (cellules de moines) sur les c\u00f4t\u00e9s. Le minaret est situ\u00e9 s\u00e9par\u00e9ment. Il se compose d'un coffre avec un escalier en colima\u00e7on et d'une lanterne couronnante \u00e0 d\u00f4me nervur\u00e9.<\/p>\n<p>La fa\u00e7ade de la mosqu\u00e9e Hazrat Hyzr se compose d'une base \u00e9lev\u00e9e avec des niches vo\u00fbt\u00e9es, de coing, sur laquelle est ferm\u00e9 le guldastoy ouest (demi-tour d'angle) avec le parement en brique. Le dessus de l'Aivan comprend un certain nombre de briques. \u00c0 l'est, le syst\u00e8me comprend une mosqu\u00e9e \u00e0 portail organique darvazahany avec guldastami et de belles portes sculpt\u00e9es. Cette s\u00e9rie ferme le minaret oriental. Sensation subtile manifest\u00e9e dans la performance de la porte sculpt\u00e9e principale. Ici, la division et l'ornementation sont faites avec un profil peu profond, ce qui dans ce cas bien, car l'ombre de contraste r\u00e9v\u00e8le assez clairement la forme de l'ornement, tout en pr\u00e9servant la base d'int\u00e9grit\u00e9. Le b\u00e2timent regorge de dates qui indiquent principalement l'heure de la restauration; la majorit\u00e9 d'entre eux appartiennent aux XIXe et 19e si\u00e8cles.<\/p>\n\n\t\t<\/div>\n\t<\/div>\n<\/div><\/div><\/div><\/div>","protected":false},"excerpt":{"rendered":"Hazrat Hyzr Mosque Hazrat Hyzr mosque is located on the south of Afrasiab fort. The area of the Mosque is 30 x 16 m. It...","protected":false},"author":1,"featured_media":0,"parent":23200,"menu_order":0,"comment_status":"closed","ping_status":"closed","template":"","meta":[],"_links":{"self":[{"href":"https:\/\/sacredeasttravel.com\/fr\/wp-json\/wp\/v2\/pages\/24495"}],"collection":[{"href":"https:\/\/sacredeasttravel.com\/fr\/wp-json\/wp\/v2\/pages"}],"about":[{"href":"https:\/\/sacredeasttravel.com\/fr\/wp-json\/wp\/v2\/types\/page"}],"author":[{"embeddable":true,"href":"https:\/\/sacredeasttravel.com\/fr\/wp-json\/wp\/v2\/users\/1"}],"replies":[{"embeddable":true,"href":"https:\/\/sacredeasttravel.com\/fr\/wp-json\/wp\/v2\/comments?post=24495"}],"version-history":[{"count":2,"href":"https:\/\/sacredeasttravel.com\/fr\/wp-json\/wp\/v2\/pages\/24495\/revisions"}],"predecessor-version":[{"id":24501,"href":"https:\/\/sacredeasttravel.com\/fr\/wp-json\/wp\/v2\/pages\/24495\/revisions\/24501"}],"up":[{"embeddable":true,"href":"https:\/\/sacredeasttravel.com\/fr\/wp-json\/wp\/v2\/pages\/23200"}],"wp:attachment":[{"href":"https:\/\/sacredeasttravel.com\/fr\/wp-json\/wp\/v2\/media?parent=24495"}],"curies":[{"name":"wp","href":"https:\/\/api.w.org\/{rel}","templated":true}]}}