{"id":24507,"date":"2021-06-19T19:36:24","date_gmt":"2021-06-19T19:36:24","guid":{"rendered":"https:\/\/sacredeasttravel.com\/?page_id=24507"},"modified":"2021-06-19T19:36:24","modified_gmt":"2021-06-19T19:36:24","slug":"afrasiab-museum","status":"publish","type":"page","link":"https:\/\/sacredeasttravel.com\/fr\/uzbekistan\/samarkand\/afrasiab-museum\/","title":{"rendered":"Mus\u00e9e Afrasiab"},"content":{"rendered":"<div class=\"vc_row wpb_row vc_row-fluid\"><div class=\"wpb_column vc_column_container vc_col-sm-12\"><div class=\"vc_column-inner\"><div class=\"wpb_wrapper\">\n\t<div  class=\"wpb_single_image wpb_content_element vc_align_left\">\n\t\t\n\t\t<figure class=\"wpb_wrapper vc_figure\">\n\t\t\t<div class=\"vc_single_image-wrapper   vc_box_border_grey\"><img width=\"900\" height=\"600\" src=\"https:\/\/sacredeasttravel.com\/wp-content\/uploads\/2021\/06\/afrasiab-museum2.jpg\" class=\"vc_single_image-img attachment-full\" alt=\"\" decoding=\"async\" loading=\"lazy\" srcset=\"https:\/\/sacredeasttravel.com\/wp-content\/uploads\/2021\/06\/afrasiab-museum2.jpg 900w, https:\/\/sacredeasttravel.com\/wp-content\/uploads\/2021\/06\/afrasiab-museum2-300x200.jpg 300w, https:\/\/sacredeasttravel.com\/wp-content\/uploads\/2021\/06\/afrasiab-museum2-768x512.jpg 768w, https:\/\/sacredeasttravel.com\/wp-content\/uploads\/2021\/06\/afrasiab-museum2-16x12.jpg 16w, https:\/\/sacredeasttravel.com\/wp-content\/uploads\/2021\/06\/afrasiab-museum2-600x400.jpg 600w\" sizes=\"(max-width: 900px) 100vw, 900px\" \/><\/div>\n\t\t<\/figure>\n\t<\/div>\n\n\t<div class=\"wpb_text_column wpb_content_element\" >\n\t\t<div class=\"wpb_wrapper\">\n\t\t\t<h2 style=\"text-align: center;\">Mus\u00e9e Afrasiab<\/h2>\n<hr class=\"divider active horizontal-break small\" \/>\n\n\t\t<\/div>\n\t<\/div>\n\n\t<div class=\"wpb_text_column wpb_content_element\" >\n\t\t<div class=\"wpb_wrapper\">\n\t\t\t<p>Le mus\u00e9e Afrasiab de Samarkand est un mus\u00e9e de Samarkand d\u00e9di\u00e9 \u00e0 l'histoire de la ville. Le mus\u00e9e est situ\u00e9 dans la partie nord de Samarkand, autour du bazar central, pr\u00e8s des collines de l'ancienne colonie d'Afrasiab.<\/p>\n<p>Afrasiab, autrefois situ\u00e9 au c\u0153ur de l'ancien Samarkand, a \u00e9t\u00e9 d\u00e9truit par les Mongols au d\u00e9but du XIIIe si\u00e8cle. Les expositions du mus\u00e9e illustrent l'histoire du d\u00e9veloppement de Samarkand depuis la conqu\u00eate d'Alexandre le Grand.<\/p>\n<p>Les d\u00e9couvertes d\u00e9couvertes lors des fouilles arch\u00e9ologiques \u00e0 Afrasiab, dont chacune appartient \u00e0 une p\u00e9riode diff\u00e9rente de l'histoire de la colonie, sont l'un des artefacts les plus pr\u00e9cieux du mus\u00e9e. Il s'agit notamment d'ossuaires, de fragments d'\u00e9p\u00e9es anciennes, de couteaux, de fl\u00e8ches, de pi\u00e8ces de monnaie, de poteries et de fresques du palais de Samarkand appartenant \u00e0 la dynastie Ikhshidid (7-8\u00e8me si\u00e8cles).<\/p>\n<p>Les fouilles arch\u00e9ologiques et l'\u00e9tude de la ville antique ont commenc\u00e9 \u00e0 la fin du XIXe si\u00e8cle et sont en cours jusqu'\u00e0 nos jours. Les expositions les plus pr\u00e9cieuses du mus\u00e9e Afrasiab comprennent \u00e9galement des pi\u00e8ces uniques de peintures murales datant des 19e et 7e si\u00e8cles, repr\u00e9sentant des sc\u00e8nes de chasse et des c\u00e9l\u00e9brations de vacances. Le b\u00e2timent du mus\u00e9e con\u00e7u par l'architecte arm\u00e9nien Bagdasar Arzumanyan en 8 a plus de 1970 ans.<\/p>\n\n\t\t<\/div>\n\t<\/div>\n<\/div><\/div><\/div><\/div>","protected":false},"excerpt":{"rendered":"Afrasiab Museum Afrasiab Museum in Samarkand is a museum in Samarkand dedicated to the history of the city. The museum is located in the northern...","protected":false},"author":1,"featured_media":0,"parent":23200,"menu_order":0,"comment_status":"closed","ping_status":"closed","template":"","meta":[],"_links":{"self":[{"href":"https:\/\/sacredeasttravel.com\/fr\/wp-json\/wp\/v2\/pages\/24507"}],"collection":[{"href":"https:\/\/sacredeasttravel.com\/fr\/wp-json\/wp\/v2\/pages"}],"about":[{"href":"https:\/\/sacredeasttravel.com\/fr\/wp-json\/wp\/v2\/types\/page"}],"author":[{"embeddable":true,"href":"https:\/\/sacredeasttravel.com\/fr\/wp-json\/wp\/v2\/users\/1"}],"replies":[{"embeddable":true,"href":"https:\/\/sacredeasttravel.com\/fr\/wp-json\/wp\/v2\/comments?post=24507"}],"version-history":[{"count":1,"href":"https:\/\/sacredeasttravel.com\/fr\/wp-json\/wp\/v2\/pages\/24507\/revisions"}],"predecessor-version":[{"id":24509,"href":"https:\/\/sacredeasttravel.com\/fr\/wp-json\/wp\/v2\/pages\/24507\/revisions\/24509"}],"up":[{"embeddable":true,"href":"https:\/\/sacredeasttravel.com\/fr\/wp-json\/wp\/v2\/pages\/23200"}],"wp:attachment":[{"href":"https:\/\/sacredeasttravel.com\/fr\/wp-json\/wp\/v2\/media?parent=24507"}],"curies":[{"name":"wp","href":"https:\/\/api.w.org\/{rel}","templated":true}]}}