{"id":24510,"date":"2021-06-19T19:39:18","date_gmt":"2021-06-19T19:39:18","guid":{"rendered":"https:\/\/sacredeasttravel.com\/?page_id=24510"},"modified":"2021-06-19T19:39:18","modified_gmt":"2021-06-19T19:39:18","slug":"meros-paper-mill-near-samarkand","status":"publish","type":"page","link":"https:\/\/sacredeasttravel.com\/fr\/uzbekistan\/samarkand\/meros-paper-mill-near-samarkand\/","title":{"rendered":"Moulin \u00e0 papier de Meros"},"content":{"rendered":"<div class=\"vc_row wpb_row vc_row-fluid\"><div class=\"wpb_column vc_column_container vc_col-sm-12\"><div class=\"vc_column-inner\"><div class=\"wpb_wrapper\">\n\t<div  class=\"wpb_single_image wpb_content_element vc_align_left\">\n\t\t\n\t\t<figure class=\"wpb_wrapper vc_figure\">\n\t\t\t<div class=\"vc_single_image-wrapper   vc_box_border_grey\"><img width=\"900\" height=\"600\" src=\"https:\/\/sacredeasttravel.com\/wp-content\/uploads\/2021\/06\/meros-paper2.jpg\" class=\"vc_single_image-img attachment-full\" alt=\"\" decoding=\"async\" loading=\"lazy\" srcset=\"https:\/\/sacredeasttravel.com\/wp-content\/uploads\/2021\/06\/meros-paper2.jpg 900w, https:\/\/sacredeasttravel.com\/wp-content\/uploads\/2021\/06\/meros-paper2-300x200.jpg 300w, https:\/\/sacredeasttravel.com\/wp-content\/uploads\/2021\/06\/meros-paper2-768x512.jpg 768w, https:\/\/sacredeasttravel.com\/wp-content\/uploads\/2021\/06\/meros-paper2-16x12.jpg 16w, https:\/\/sacredeasttravel.com\/wp-content\/uploads\/2021\/06\/meros-paper2-600x400.jpg 600w\" sizes=\"(max-width: 900px) 100vw, 900px\" \/><\/div>\n\t\t<\/figure>\n\t<\/div>\n\n\t<div class=\"wpb_text_column wpb_content_element\" >\n\t\t<div class=\"wpb_wrapper\">\n\t\t\t<h2 style=\"text-align: center;\">Moulin \u00e0 papier de Meros<\/h2>\n<hr class=\"divider active horizontal-break small\" \/>\n\n\t\t<\/div>\n\t<\/div>\n\n\t<div class=\"wpb_text_column wpb_content_element\" >\n\t\t<div class=\"wpb_wrapper\">\n\t\t\t<p>Aujourd'hui, Konigil, un village pr\u00e8s de Samarkand poss\u00e8de la papeterie \u00abMeros\u00bb, fond\u00e9e par des ma\u00eetres bien connus les fr\u00e8res Mukhtarov. Gr\u00e2ce \u00e0 leurs efforts, l'usine locale a relanc\u00e9 une ancienne tradition bas\u00e9e sur les anciennes technologies de Samarkand. Chose int\u00e9ressante, mais la production est manuelle et les visiteurs peuvent regarder un processus de fabrication du papier de leurs propres yeux. Ils doivent payer un paiement symbolique de 3,000 10 UZS \u00e0 titre d'admission et de visite de l'usine. Le territoire du moulin est vraiment pittoresque: arbres ombrag\u00e9s, rivi\u00e8re Siab aux eaux bouillonnantes, petite maison de th\u00e9 \u00e0 l'entr\u00e9e pour r\u00e9galer les visiteurs avec un d\u00e9licieux pilaf de Samarkand et des fruits, charkhpalak - une roue \u00e0 eau, d\u00e9cor\u00e9e de vases antiques coulant d'eau . Les propri\u00e9taires de l'usine disent que la restauration de la technologie de production de papier de Samarkand leur a pris XNUMX ans. Divers mat\u00e9riaux ont \u00e9t\u00e9 essay\u00e9s pour \u00e9tablir empiriquement que la mati\u00e8re premi\u00e8re du papier \u00e9tait l'\u00e9corce de m\u00fbrier.<\/p>\n<p>La technologie de fabrication du papier Samarkand est la suivante. L'\u00e9corce de m\u00fbrier est consid\u00e9r\u00e9e comme mati\u00e8re premi\u00e8re. L'\u00e9corce est nettoy\u00e9e de l'ext\u00e9rieur et bouillie dans une grande casserole pendant un long moment. Ensuite, il est battu dans de grands stupas pour faire une pur\u00e9e homog\u00e8ne semblable \u00e0 la p\u00e2te en consistance. La \u00abp\u00e2te\u00bb obtenue est ensuite plac\u00e9e dans une cuve avec de l'eau et filtr\u00e9e sur une grande feuille de flaz\u00e9line. Un blanc est press\u00e9, puis recouvert d'une feuille de flazeline suivante et d'un peu d'infusion de m\u00fbrier tamis\u00e9, et ainsi de suite. Le papier est retir\u00e9 des plaques et s\u00e9ch\u00e9 en position verticale pendant une journ\u00e9e. Le papier s\u00e9ch\u00e9 obtenu est plut\u00f4t solide. Pour \u00e9liminer la rugosit\u00e9 du papier, le ma\u00eetre le polit sur une table en granit avec un morceau de granit ou de corne d'os, ainsi le papier Samarkand obtient sa fameuse douceur.<\/p>\n<p>Il est \u00e0 noter que le papier Samarkand a une couleur jaune caract\u00e9ristique. Il n'est pas blanchi avec des produits chimiques et sa dur\u00e9e de conservation est donc des dizaines de fois plus longue que celle d'un papier blanc ordinaire. Par exemple, si un papier blanc ordinaire de bonne qualit\u00e9 dure 40 \u00e0 50 ans, alors le papier Samarkand - 300 \u00e0 400 ans. La papeterie de Samarkand fabrique non seulement des cartes postales, des blocs-notes, des masques, mais aussi des robes, des poup\u00e9es et des sacs \u00e0 main. Tous ces cadeaux peuvent \u00eatre achet\u00e9s dans un magasin d'usine. Aujourd'hui, le papier Samarkand fabriqu\u00e9 \u00e0 Kongil Factory est largement utilis\u00e9 dans les manuscrits anciens, les travaux de restauration \u00e0 la fois en Ouzb\u00e9kistan et dans d'autres pays du monde. De plus, gr\u00e2ce \u00e0 la restauration de la production, les artistes ouzbeks peuvent reproduire des miniatures authentiquement anciennes. Pas \u00e0 pas, le journal Samarkand retrouve son ancienne renomm\u00e9e en Ouzb\u00e9kistan et \u00e0 l'\u00e9tranger.<\/p>\n\n\t\t<\/div>\n\t<\/div>\n<\/div><\/div><\/div><\/div>","protected":false},"excerpt":{"rendered":"Meros Paper Mill near Samarkand Today, Konigil, a village near Samarkand has the \u201cMeros\u201d paper mill, founded by well-known masters the Mukhtarov brothers. Thanks to...","protected":false},"author":1,"featured_media":0,"parent":23200,"menu_order":0,"comment_status":"closed","ping_status":"closed","template":"","meta":[],"_links":{"self":[{"href":"https:\/\/sacredeasttravel.com\/fr\/wp-json\/wp\/v2\/pages\/24510"}],"collection":[{"href":"https:\/\/sacredeasttravel.com\/fr\/wp-json\/wp\/v2\/pages"}],"about":[{"href":"https:\/\/sacredeasttravel.com\/fr\/wp-json\/wp\/v2\/types\/page"}],"author":[{"embeddable":true,"href":"https:\/\/sacredeasttravel.com\/fr\/wp-json\/wp\/v2\/users\/1"}],"replies":[{"embeddable":true,"href":"https:\/\/sacredeasttravel.com\/fr\/wp-json\/wp\/v2\/comments?post=24510"}],"version-history":[{"count":1,"href":"https:\/\/sacredeasttravel.com\/fr\/wp-json\/wp\/v2\/pages\/24510\/revisions"}],"predecessor-version":[{"id":24512,"href":"https:\/\/sacredeasttravel.com\/fr\/wp-json\/wp\/v2\/pages\/24510\/revisions\/24512"}],"up":[{"embeddable":true,"href":"https:\/\/sacredeasttravel.com\/fr\/wp-json\/wp\/v2\/pages\/23200"}],"wp:attachment":[{"href":"https:\/\/sacredeasttravel.com\/fr\/wp-json\/wp\/v2\/media?parent=24510"}],"curies":[{"name":"wp","href":"https:\/\/api.w.org\/{rel}","templated":true}]}}