{"id":24519,"date":"2021-06-21T18:33:21","date_gmt":"2021-06-21T18:33:21","guid":{"rendered":"https:\/\/sacredeasttravel.com\/?page_id=24519"},"modified":"2021-06-21T18:33:21","modified_gmt":"2021-06-21T18:33:21","slug":"crypt-of-tamerlane","status":"publish","type":"page","link":"https:\/\/sacredeasttravel.com\/fr\/uzbekistan\/shakhrisabz\/crypt-of-tamerlane\/","title":{"rendered":"Crypte de Tamerlan"},"content":{"rendered":"<div class=\"vc_row wpb_row vc_row-fluid\"><div class=\"wpb_column vc_column_container vc_col-sm-12\"><div class=\"vc_column-inner\"><div class=\"wpb_wrapper\">\n\t<div  class=\"wpb_single_image wpb_content_element vc_align_left\">\n\t\t\n\t\t<figure class=\"wpb_wrapper vc_figure\">\n\t\t\t<div class=\"vc_single_image-wrapper   vc_box_border_grey\"><img width=\"900\" height=\"600\" src=\"https:\/\/sacredeasttravel.com\/wp-content\/uploads\/2021\/06\/10615480_811931092184410_8970628596732825154_n.jpg\" class=\"vc_single_image-img attachment-full\" alt=\"\" decoding=\"async\" loading=\"lazy\" srcset=\"https:\/\/sacredeasttravel.com\/wp-content\/uploads\/2021\/06\/10615480_811931092184410_8970628596732825154_n.jpg 900w, https:\/\/sacredeasttravel.com\/wp-content\/uploads\/2021\/06\/10615480_811931092184410_8970628596732825154_n-300x200.jpg 300w, https:\/\/sacredeasttravel.com\/wp-content\/uploads\/2021\/06\/10615480_811931092184410_8970628596732825154_n-768x512.jpg 768w, https:\/\/sacredeasttravel.com\/wp-content\/uploads\/2021\/06\/10615480_811931092184410_8970628596732825154_n-16x12.jpg 16w, https:\/\/sacredeasttravel.com\/wp-content\/uploads\/2021\/06\/10615480_811931092184410_8970628596732825154_n-600x400.jpg 600w\" sizes=\"(max-width: 900px) 100vw, 900px\" \/><\/div>\n\t\t<\/figure>\n\t<\/div>\n\n\t<div class=\"wpb_text_column wpb_content_element\" >\n\t\t<div class=\"wpb_wrapper\">\n\t\t\t<h2 style=\"text-align: center;\">Crypte de Tamerlan<\/h2>\n<hr class=\"divider active horizontal-break small\" \/>\n\n\t\t<\/div>\n\t<\/div>\n\n\t<div class=\"wpb_text_column wpb_content_element\" >\n\t\t<div class=\"wpb_wrapper\">\n\t\t\t<p>Apr\u00e8s le complexe Dor-out-Siadat il y a une crypte de Tamerlan, qu'on a d\u00e9couvert en 1943, quand un enfant en jouant au football, est tomb\u00e9 sous  la terre. Dans la chambre on a trouv\u00e9 un cercueil en pierre avec les citations du Koran. L'une des inscriptions sur la pierre est li\u00e9e avec la vie de Tamerlan, qui voulait \u00eatre dans cette crypte.<\/p>\n\n\t\t<\/div>\n\t<\/div>\n<\/div><\/div><\/div><\/div>","protected":false},"excerpt":{"rendered":"Crypt of Tamerlane Behind the Dorus Siadat is a bunker with a wooden door leading to the crypt of Tamerlane, discovered in 1943, when a...","protected":false},"author":1,"featured_media":0,"parent":23437,"menu_order":0,"comment_status":"closed","ping_status":"closed","template":"","meta":[],"_links":{"self":[{"href":"https:\/\/sacredeasttravel.com\/fr\/wp-json\/wp\/v2\/pages\/24519"}],"collection":[{"href":"https:\/\/sacredeasttravel.com\/fr\/wp-json\/wp\/v2\/pages"}],"about":[{"href":"https:\/\/sacredeasttravel.com\/fr\/wp-json\/wp\/v2\/types\/page"}],"author":[{"embeddable":true,"href":"https:\/\/sacredeasttravel.com\/fr\/wp-json\/wp\/v2\/users\/1"}],"replies":[{"embeddable":true,"href":"https:\/\/sacredeasttravel.com\/fr\/wp-json\/wp\/v2\/comments?post=24519"}],"version-history":[{"count":1,"href":"https:\/\/sacredeasttravel.com\/fr\/wp-json\/wp\/v2\/pages\/24519\/revisions"}],"predecessor-version":[{"id":24521,"href":"https:\/\/sacredeasttravel.com\/fr\/wp-json\/wp\/v2\/pages\/24519\/revisions\/24521"}],"up":[{"embeddable":true,"href":"https:\/\/sacredeasttravel.com\/fr\/wp-json\/wp\/v2\/pages\/23437"}],"wp:attachment":[{"href":"https:\/\/sacredeasttravel.com\/fr\/wp-json\/wp\/v2\/media?parent=24519"}],"curies":[{"name":"wp","href":"https:\/\/api.w.org\/{rel}","templated":true}]}}