{"id":24522,"date":"2021-06-21T18:37:06","date_gmt":"2021-06-21T18:37:06","guid":{"rendered":"https:\/\/sacredeasttravel.com\/?page_id=24522"},"modified":"2021-06-21T18:38:30","modified_gmt":"2021-06-21T18:38:30","slug":"langar-settlement-near-shakhrisabz","status":"publish","type":"page","link":"https:\/\/sacredeasttravel.com\/fr\/uzbekistan\/shakhrisabz\/langar-settlement-near-shakhrisabz\/","title":{"rendered":"Colonie de Langar pr\u00e8s de Shakhrisabz"},"content":{"rendered":"<div class=\"vc_row wpb_row vc_row-fluid\"><div class=\"wpb_column vc_column_container vc_col-sm-12\"><div class=\"vc_column-inner\"><div class=\"wpb_wrapper\">\n\t<div  class=\"wpb_single_image wpb_content_element vc_align_left\">\n\t\t\n\t\t<figure class=\"wpb_wrapper vc_figure\">\n\t\t\t<div class=\"vc_single_image-wrapper   vc_box_border_grey\"><img width=\"900\" height=\"600\" src=\"https:\/\/sacredeasttravel.com\/wp-content\/uploads\/2021\/06\/langar3.jpg\" class=\"vc_single_image-img attachment-full\" alt=\"\" decoding=\"async\" loading=\"lazy\" srcset=\"https:\/\/sacredeasttravel.com\/wp-content\/uploads\/2021\/06\/langar3.jpg 900w, https:\/\/sacredeasttravel.com\/wp-content\/uploads\/2021\/06\/langar3-300x200.jpg 300w, https:\/\/sacredeasttravel.com\/wp-content\/uploads\/2021\/06\/langar3-768x512.jpg 768w, https:\/\/sacredeasttravel.com\/wp-content\/uploads\/2021\/06\/langar3-16x12.jpg 16w, https:\/\/sacredeasttravel.com\/wp-content\/uploads\/2021\/06\/langar3-600x400.jpg 600w\" sizes=\"(max-width: 900px) 100vw, 900px\" \/><\/div>\n\t\t<\/figure>\n\t<\/div>\n\n\t<div class=\"wpb_text_column wpb_content_element\" >\n\t\t<div class=\"wpb_wrapper\">\n\t\t\t<h2 style=\"text-align: center;\">Colonie de Langar pr\u00e8s de Shakhrisabz<\/h2>\n<hr class=\"divider active horizontal-break small\" \/>\n\n\t\t<\/div>\n\t<\/div>\n\n\t<div class=\"wpb_text_column wpb_content_element\" >\n\t\t<div class=\"wpb_wrapper\">\n\t\t\t<p>Si vous recherchez Langar, vous trouverez des colonies en Ouzb\u00e9kistan, au Tadjikistan, en Iran et dans d'autres pays portant ce nom. Parmi ceux-ci se distingue un petit village Langar dans les environs de Shakhrisabz, c\u00e9l\u00e8bre pour le mausol\u00e9e de Mukhammad Sodiq, l'un des grands soufis.<\/p>\n<p>Le mot Langar (comme destination) vient du farsi, qui a emprunt\u00e9 ce mot au grec signifiant \u00abancre\u00bb. La transformation s'est d\u00e9roul\u00e9e de la mani\u00e8re suivante: anchor-angor-langor-langar. \u00c0 propos, la ville turque d'Ankara est \u00e9galement traduite par \u00abancre\u00bb. Tous ces Langars \u00e9taient des arr\u00eats de caravane sur la Grande Route de la Soie o\u00f9 les marchands avaient un bref arr\u00eat, jetaient \u00abl'ancre\u00bb; et donc les colonies portant ce nom sont dispers\u00e9es en Asie centrale.<\/p>\n<p>Cependant, le nom de ce Langar particulier est apparu dans un contexte plut\u00f4t diff\u00e9rent et est li\u00e9 \u00e0 une l\u00e9gende. Il \u00e9tait une fois, au 15\u00e8me si\u00e8cle, Sheykh Mukhammad Sodiq, qui \u00e9tait un disciple du c\u00e9l\u00e8bre soufi Ishqiya Babe, le fondateur de l'ordre soufi Ishqiya. Une fois par une froide matin\u00e9e d'hiver, Mukhammad Sodiq a dormi trop longtemps et n'a pas r\u00e9ussi \u00e0 faire bouillir l'eau pour la c\u00e9r\u00e9monie de lavage de son professeur. Pour faire amende honorable, il serra la cruche contre sa poitrine. Quand il a pass\u00e9 la cruche \u00e0 Ishqiya Baba, l'eau s'est av\u00e9r\u00e9e bouillante. L\u00e0, le professeur a dit \u00e0 son apprenti qu'il avait atteint tous les niveaux d'illumination et que leurs voies \u00e9taient s\u00e9par\u00e9es de maintenant et lui a ordonn\u00e9 de prendre le chameau et de monter jusqu'\u00e0 ce qu'il soit si fatigu\u00e9 que le jeune soufi devrait \u00abjeter l'ancre\u00bb. C'est l'histoire comment Mukhammad Sodiq a quitt\u00e9 son professeur et a atteint les endroits dans les environs de Shakhrisabz et au point o\u00f9 le chameau ne pouvait plus aller, la colonie de Langar est apparue.<\/p>\n<div class=\"elementor-element elementor-element-ae320f2 elementor-widget elementor-widget-heading\" data-id=\"ae320f2\" data-element_type=\"widget\" data-widget_type=\"heading.default\">\n<div class=\"elementor-widget-container\">\n<p class=\"elementor-heading-title elementor-size-default\"><strong>Comment s'y rendre<\/strong><\/p>\n<\/div>\n<\/div>\n<div class=\"elementor-element elementor-element-538c57b elementor-widget elementor-widget-text-editor\" data-id=\"538c57b\" data-element_type=\"widget\" data-widget_type=\"text-editor.default\">\n<div class=\"elementor-widget-container\">\n<div class=\"elementor-text-editor elementor-clearfix\">\n<p>Aujourd'hui, si vous souhaitez visiter ce lieu color\u00e9 et unique, il vous faudra parcourir environ 60 km depuis Shakhrisabz d'abord par l'autoroute, puis tourner \u00e0 l'est en direction des contreforts de la cha\u00eene de montagnes Hissar. Langar appara\u00eet \u00e0 l'improviste: vous traversez d'abord le profond canyon en passant par de petites collines, puis soudain un petit village avec des maisons en terre cuite appara\u00eet du coin, sous le lacet. Il y a un mausol\u00e9e mont\u00e9 sur une colline s\u00e9par\u00e9e. C'est le mausol\u00e9e de Mukhammad Sodiq qui a plus de 500 ans. Il y a aussi une mosqu\u00e9e vieille de 400 ans dans le village. Pourtant, tout le Langar ressemble \u00e0 un temps o\u00f9 le temps s'est arr\u00eat\u00e9 \u00e0 l'\u00e9poque de la construction de la mosqu\u00e9e et du mausol\u00e9e.<\/p>\n<div class=\"elementor-element elementor-element-f8010af elementor-widget elementor-widget-heading\" data-id=\"f8010af\" data-element_type=\"widget\" data-widget_type=\"heading.default\">\n<div class=\"elementor-widget-container\">\n<p class=\"elementor-heading-title elementor-size-default\"><strong>Mausol\u00e9e de Mukhammad Sodiq<\/strong><\/p>\n<\/div>\n<\/div>\n<div class=\"elementor-element elementor-element-9d3dcf6 elementor-widget elementor-widget-text-editor\" data-id=\"9d3dcf6\" data-element_type=\"widget\" data-widget_type=\"text-editor.default\">\n<div class=\"elementor-widget-container\">\n<div class=\"elementor-text-editor elementor-clearfix\">\n<p>L'attraction principale et le but de la plupart des p\u00e8lerins est le mausol\u00e9e de Mukhammad Sodiq situ\u00e9 au sommet de la colline. Vous devrez monter les escaliers pour y arriver; les escaliers sont \u00e9galement appel\u00e9s \u00abescaliers vers le ciel\u00bb ou \u00abescaliers vers Dieu\u00bb. Il est int\u00e9ressant de noter que les escaliers traversent le cimeti\u00e8re, et en \u00e9tudiant les tombes, nous pouvons dire que la majorit\u00e9 des habitants ont v\u00e9cu longtemps, jusqu'\u00e0 80 ans, voire plus de 100 ans.<\/p>\n<p>Le mausol\u00e9e de Mukhammad Sodiq a \u00e9t\u00e9 construit au 15\u00e8me si\u00e8cle et a \u00e9t\u00e9 r\u00e9cemment, en 2007, restaur\u00e9. C'est une construction simple avec un d\u00f4me recouvert de briques sur le c\u00f4t\u00e9 ext\u00e9rieur. Ce qui est remarquable, c'est qu'il y a une fl\u00e8che avec quatre sph\u00e8res au-dessus du d\u00f4me. Ils symbolisent quatre chemins vers Dieu: la charia - la loi islamique, le tariqat - la v\u00e9rit\u00e9 ultime, le marifat - la connaissance mystique et le haqiqat - la v\u00e9rit\u00e9 mystique, \u00eatre un avec Dieu.<\/p>\n<p>L'int\u00e9rieur int\u00e9rieur du mausol\u00e9e allie \u00e0 la fois \u00e9l\u00e9gance et rigidit\u00e9. Les murs et le d\u00f4me sont peints avec des dictons du Coran et d\u00e9cor\u00e9s de diff\u00e9rents motifs. La petite salle abrite quatre tombes: celle de Mukhammad Sodiq, son fils, le cheikh y\u00e9m\u00e9nite Abul-Khasan qui a abdiqu\u00e9 et est devenu un ermite, et une femme qui est suppos\u00e9e \u00eatre la fille d'Amir Temur (Tamerlan). En dehors de cela dans les premiers jours, le mausol\u00e9e avait un coffre qui stockait quelques pages du Coran bien connu de Khalif Osman. Certains disent qu'il y avait 7 pages, d'autres pensent qu'il y en avait jusqu'\u00e0 12, et certains disent m\u00eame que jusqu'\u00e0 143 pages du Coran y ont \u00e9t\u00e9 stock\u00e9es.<\/p>\n<p>Autour du mausol\u00e9e, vous trouverez un mazaristan - un petit cimeti\u00e8re entourant le mausol\u00e9e. Certaines tombes diff\u00e8rent par une sculpture exquise. Les soufis qui voulaient \u00eatre proches de leur professeur apr\u00e8s sa mort y sont enterr\u00e9s. On pense que Mukhammad Sodiq avait atteint le stade le plus \u00e9lev\u00e9 de l'illumination o\u00f9 les souhaits qui y \u00e9taient formul\u00e9s se r\u00e9aliseraient. Les Piligrims marchent trois fois autour du mausol\u00e9e en pensant constamment \u00e0 leur demande \u00e0 Dieu et rentrent chez eux en attendant et en esp\u00e9rant que leurs r\u00eaves deviennent r\u00e9alit\u00e9.<\/p>\n<\/div>\n<\/div>\n<\/div>\n<\/div>\n<\/div>\n<\/div>\n\n\t\t<\/div>\n\t<\/div>\n<\/div><\/div><\/div><\/div>","protected":false},"excerpt":{"rendered":"Langar settlement near Shakhrisabz If you search for Langar, you will find settlements in Uzbekistan, Tajikistan, Iran and other countries with this name. Among these...","protected":false},"author":1,"featured_media":0,"parent":23437,"menu_order":0,"comment_status":"closed","ping_status":"closed","template":"","meta":[],"_links":{"self":[{"href":"https:\/\/sacredeasttravel.com\/fr\/wp-json\/wp\/v2\/pages\/24522"}],"collection":[{"href":"https:\/\/sacredeasttravel.com\/fr\/wp-json\/wp\/v2\/pages"}],"about":[{"href":"https:\/\/sacredeasttravel.com\/fr\/wp-json\/wp\/v2\/types\/page"}],"author":[{"embeddable":true,"href":"https:\/\/sacredeasttravel.com\/fr\/wp-json\/wp\/v2\/users\/1"}],"replies":[{"embeddable":true,"href":"https:\/\/sacredeasttravel.com\/fr\/wp-json\/wp\/v2\/comments?post=24522"}],"version-history":[{"count":2,"href":"https:\/\/sacredeasttravel.com\/fr\/wp-json\/wp\/v2\/pages\/24522\/revisions"}],"predecessor-version":[{"id":24525,"href":"https:\/\/sacredeasttravel.com\/fr\/wp-json\/wp\/v2\/pages\/24522\/revisions\/24525"}],"up":[{"embeddable":true,"href":"https:\/\/sacredeasttravel.com\/fr\/wp-json\/wp\/v2\/pages\/23437"}],"wp:attachment":[{"href":"https:\/\/sacredeasttravel.com\/fr\/wp-json\/wp\/v2\/media?parent=24522"}],"curies":[{"name":"wp","href":"https:\/\/api.w.org\/{rel}","templated":true}]}}