{"id":24538,"date":"2021-06-23T20:22:16","date_gmt":"2021-06-23T20:22:16","guid":{"rendered":"https:\/\/sacredeasttravel.com\/?page_id=24538"},"modified":"2021-06-23T20:22:16","modified_gmt":"2021-06-23T20:22:16","slug":"varakhsha-fortress","status":"publish","type":"page","link":"https:\/\/sacredeasttravel.com\/fr\/uzbekistan\/bukhara\/varakhsha-fortress\/","title":{"rendered":"Forteresse de Varakhsha"},"content":{"rendered":"<div class=\"vc_row wpb_row vc_row-fluid\"><div class=\"wpb_column vc_column_container vc_col-sm-12\"><div class=\"vc_column-inner\"><div class=\"wpb_wrapper\">\n\t<div  class=\"wpb_single_image wpb_content_element vc_align_left\">\n\t\t\n\t\t<figure class=\"wpb_wrapper vc_figure\">\n\t\t\t<div class=\"vc_single_image-wrapper   vc_box_border_grey\"><img width=\"900\" height=\"600\" src=\"https:\/\/sacredeasttravel.com\/wp-content\/uploads\/2021\/06\/Varakhsha-Palace.jpg\" class=\"vc_single_image-img attachment-full\" alt=\"\" decoding=\"async\" loading=\"lazy\" srcset=\"https:\/\/sacredeasttravel.com\/wp-content\/uploads\/2021\/06\/Varakhsha-Palace.jpg 900w, https:\/\/sacredeasttravel.com\/wp-content\/uploads\/2021\/06\/Varakhsha-Palace-300x200.jpg 300w, https:\/\/sacredeasttravel.com\/wp-content\/uploads\/2021\/06\/Varakhsha-Palace-768x512.jpg 768w, https:\/\/sacredeasttravel.com\/wp-content\/uploads\/2021\/06\/Varakhsha-Palace-16x12.jpg 16w, https:\/\/sacredeasttravel.com\/wp-content\/uploads\/2021\/06\/Varakhsha-Palace-600x400.jpg 600w\" sizes=\"(max-width: 900px) 100vw, 900px\" \/><\/div>\n\t\t<\/figure>\n\t<\/div>\n\n\t<div class=\"wpb_text_column wpb_content_element\" >\n\t\t<div class=\"wpb_wrapper\">\n\t\t\t<h2 style=\"text-align: center;\">Forteresse de Varakhsha<\/h2>\n<hr class=\"divider active horizontal-break small\" \/>\n\n\t\t<\/div>\n\t<\/div>\n\n\t<div class=\"wpb_text_column wpb_content_element\" >\n\t\t<div class=\"wpb_wrapper\">\n\t\t\t<p>Le nom de l\u2019ancienne Forteresse de Varakhsha \u00e0 Boukhara en dit long sur le c\u0153ur et l\u2019esprit des arch\u00e9ologues, des restaurateurs, des architectes, des historiens de l\u2019art, des touristes et des historiens locaux. En 1937, des fouilles ont commenc\u00e9 dans l\u2019ancienne capitale des Boukhara, les souverains pr\u00e9arabes de Boukhara.<\/p>\n<p>Depuis lors, le monde a pris connaissance des valeurs artistiques exceptionnelles, qui ont donn\u00e9 une vision diff\u00e9rente du r\u00f4le et de l\u2019importance de la culture des peuples d\u2019Asie centrale et du d\u00e9veloppement de la civilisation mondiale.<\/p>\n<p>Des peintures murales d\u2019Asie centrale datant de l\u2019\u00e9poque pr\u00e9islamique ont \u00e9t\u00e9 d\u00e9couvertes dans la Forteresse de Varakhsha \u00e0 Boukhara. Les peintures murales repr\u00e9sentent les humains et les animaux \u2013 le monde vivant et respirant.<\/p>\n<p>Les peintures murales de Varakhsha repr\u00e9sentent \u201cle style de la peinture, plat et conventionnel, mais avec des \u00e9l\u00e9ments r\u00e9alistes significatifs\u201d. Les fresques murales qui subsistent sont dat\u00e9es par les chercheurs du VIIe au VIIIe si\u00e8cle apr\u00e8s J.-C.<\/p>\n<p>On pense que le tableau a \u00e9t\u00e9 cr\u00e9\u00e9 pendant le r\u00e8gne de Boukhara Khudat Buaniyat, qui a \u00e9t\u00e9 tu\u00e9 pour avoir soutenu la r\u00e9bellion de Mukanna. Il ne fait aucun doute qu\u2019il existe un b\u00e2timent sp\u00e9cial \u00e0 Boukhara \u2013 le palais du souverain.<\/p>\n<p>Sa construction a \u00e9t\u00e9 favoris\u00e9e par la situation politique du pays au cours des derniers si\u00e8cles avant la conqu\u00eate arabe \u2013 l\u2019\u00e9mergence de nombreux dominions ind\u00e9pendants.<\/p>\n<p>Parmi les r\u00e9cits de sources \u00e9crites, le plus c\u00e9l\u00e8bre est celui de Narshakhi sur le palais des souverains de Boukhara Khudats \u00e0 Varakhch, qui, selon l\u2019auteur, \u201cn\u2019avait pas d\u2019\u00e9gal\u201d.<\/p>\n<p>Le palais Varakhsha est situ\u00e9 directement sur les remparts sud de la forteresse, \u00e0 l\u2019ouest de la citadelle. Le b\u00e2timent du palais, comme l\u2019ont montr\u00e9 les fouilles, est n\u00e9 au Ve si\u00e8cle apr\u00e8s J.-C. et a exist\u00e9 jusqu\u2019\u00e0 la fin du VIIIe ou au d\u00e9but du IXe si\u00e8cle.<\/p>\n<p>Au fil du temps, il a \u00e9t\u00e9 reconstruit en profondeur. Trois \u00e9tapes de son histoire ont \u00e9t\u00e9 not\u00e9es, accompagn\u00e9es de reconstructions majeures, sans compter les petites r\u00e9parations.<\/p>\n<p>Au moment de son apog\u00e9e, c\u2019\u00e9tait une construction clairement organis\u00e9e. Dans la structure du b\u00e2timent du palais, il y avait principalement trois grandes salles de c\u00e9r\u00e9monie dispos\u00e9es en ligne \u2013 la salle Est, la salle Rouge et la salle Ouest, chacune ayant les m\u00eames dimensions: 17 x 2,5, 12 x 8,5, 7,25 x 6,6, avec une hauteur de mur d\u2019au moins 6,5 m\u00e8tres pour la plus grande salle Est.<\/p>\n<p>Dans ces salles, il y avait des sufa en argile (plate-forme de terre pour se reposer) le long de tous les murs. Dans le hall Est, le souflet s\u2019est \u00e9largi le long du mur honorable (sud) et a form\u00e9 une large plate-forme. Dans la Salle Rouge, devant le canap\u00e9, il y avait une \u00e9l\u00e9vation sp\u00e9ciale pour les lampes ou les braseros.<\/p>\n<p>Les plafonds des salles \u00e9taient en bois de type darbaza (porte). Les murs des salles de c\u00e9r\u00e9monie \u00e9taient abondamment d\u00e9cor\u00e9s de repr\u00e9sentations pittoresques de divers contenus. L\u2019image de la r\u00e9ception royale avec le roi lui-m\u00eame assis sur le tr\u00f4ne sur le mur sud de la salle orientale, ainsi que la pr\u00e9sence de la plate-forme susmentionn\u00e9e, permettent d\u2019identifier la salle du tr\u00f4ne dans cette derni\u00e8re.<\/p>\n<p>Dans la Salle Rouge, les murs \u00e9taient peints avec des sc\u00e8nes de chasse de proies et de fantaisie. La pr\u00e9sence de peintures murales a \u00e9galement \u00e9t\u00e9 constat\u00e9e dans la salle Ouest. \u00c0 l\u2019ouest, les salles de c\u00e9r\u00e9monie \u00e9taient entour\u00e9es d\u2019une large cour de 30 x 9 m\u00e8tres.<\/p>\n<p>Toute la zone de la cour \u00e9tait pav\u00e9e de briques br\u00fbl\u00e9es. La partie sud de la cour \u00e9tait sur\u00e9lev\u00e9e par rapport au reste de la zone, formant une corniche sur laquelle il y avait trois marches.<\/p>\n<p>Le b\u00e2timent principal du palais, qui a \u00e9t\u00e9 construit sur une haute plate-forme, s\u2019\u00e9levait clairement au-dessus du reste des b\u00e2timents du Shahristan.<\/p>\n\n\t\t<\/div>\n\t<\/div>\n<\/div><\/div><\/div><\/div>","protected":false},"excerpt":{"rendered":"Varakhsha Fortress The name of the ancient Fortress Varakhsha in Bukhara speaks volumes to the hearts and minds of archaeologists, restorers, architects, art historians, tourists...","protected":false},"author":1,"featured_media":0,"parent":23258,"menu_order":0,"comment_status":"closed","ping_status":"closed","template":"","meta":[],"_links":{"self":[{"href":"https:\/\/sacredeasttravel.com\/fr\/wp-json\/wp\/v2\/pages\/24538"}],"collection":[{"href":"https:\/\/sacredeasttravel.com\/fr\/wp-json\/wp\/v2\/pages"}],"about":[{"href":"https:\/\/sacredeasttravel.com\/fr\/wp-json\/wp\/v2\/types\/page"}],"author":[{"embeddable":true,"href":"https:\/\/sacredeasttravel.com\/fr\/wp-json\/wp\/v2\/users\/1"}],"replies":[{"embeddable":true,"href":"https:\/\/sacredeasttravel.com\/fr\/wp-json\/wp\/v2\/comments?post=24538"}],"version-history":[{"count":0,"href":"https:\/\/sacredeasttravel.com\/fr\/wp-json\/wp\/v2\/pages\/24538\/revisions"}],"up":[{"embeddable":true,"href":"https:\/\/sacredeasttravel.com\/fr\/wp-json\/wp\/v2\/pages\/23258"}],"wp:attachment":[{"href":"https:\/\/sacredeasttravel.com\/fr\/wp-json\/wp\/v2\/media?parent=24538"}],"curies":[{"name":"wp","href":"https:\/\/api.w.org\/{rel}","templated":true}]}}