{"id":24541,"date":"2021-06-23T20:34:02","date_gmt":"2021-06-23T20:34:02","guid":{"rendered":"https:\/\/sacredeasttravel.com\/?page_id=24541"},"modified":"2021-06-23T20:34:02","modified_gmt":"2021-06-23T20:34:02","slug":"kosh-madrasah-ensemble","status":"publish","type":"page","link":"https:\/\/sacredeasttravel.com\/fr\/uzbekistan\/bukhara\/kosh-madrasah-ensemble\/","title":{"rendered":"Kosh-Madrasah ensemble"},"content":{"rendered":"<div class=\"vc_row wpb_row vc_row-fluid\"><div class=\"wpb_column vc_column_container vc_col-sm-12\"><div class=\"vc_column-inner\"><div class=\"wpb_wrapper\">\n\t<div  class=\"wpb_single_image wpb_content_element vc_align_left\">\n\t\t\n\t\t<figure class=\"wpb_wrapper vc_figure\">\n\t\t\t<div class=\"vc_single_image-wrapper   vc_box_border_grey\"><img width=\"900\" height=\"600\" src=\"https:\/\/sacredeasttravel.com\/wp-content\/uploads\/2021\/06\/kosh-madrasah2.jpg\" class=\"vc_single_image-img attachment-full\" alt=\"\" decoding=\"async\" loading=\"lazy\" srcset=\"https:\/\/sacredeasttravel.com\/wp-content\/uploads\/2021\/06\/kosh-madrasah2.jpg 900w, https:\/\/sacredeasttravel.com\/wp-content\/uploads\/2021\/06\/kosh-madrasah2-300x200.jpg 300w, https:\/\/sacredeasttravel.com\/wp-content\/uploads\/2021\/06\/kosh-madrasah2-768x512.jpg 768w, https:\/\/sacredeasttravel.com\/wp-content\/uploads\/2021\/06\/kosh-madrasah2-16x12.jpg 16w, https:\/\/sacredeasttravel.com\/wp-content\/uploads\/2021\/06\/kosh-madrasah2-600x400.jpg 600w\" sizes=\"(max-width: 900px) 100vw, 900px\" \/><\/div>\n\t\t<\/figure>\n\t<\/div>\n\n\t<div class=\"wpb_text_column wpb_content_element\" >\n\t\t<div class=\"wpb_wrapper\">\n\t\t\t<h2 style=\"text-align: center;\">Kosh-Madrasah ensemble<\/h2>\n<hr class=\"divider active horizontal-break small\" \/>\n\n\t\t<\/div>\n\t<\/div>\n\n\t<div class=\"wpb_text_column wpb_content_element\" >\n\t\t<div class=\"wpb_wrapper\">\n\t\t\t<p>Kosh signifie \u00abdouble\u00bb. L'ensemble comprend 2 b\u00e2timents: Modari-khan Madrasah et Abdullah-khan Madrasah. Les b\u00e2timents se dressent sur des c\u00f4t\u00e9s de rue \u00e9troits, face \u00e0 face. Modari-khan Madrasah a \u00e9t\u00e9 construit en 974 de hydjr ou 1566 - 1567. La date est indiqu\u00e9e avec des po\u00e8mes sur des peintures en majolique sur l'entr\u00e9e. C'est le modeste mod\u00e8le de Madrasah avec une fa\u00e7ade principale magnifique. Il a construit la m\u00e9dersa abdull-khan en 1558 - 1590. C'est l'une des \u0153uvres architecturales exceptionnelles d'Asie centrale. Ici, l'architecte a bravement d\u00e9vi\u00e9 des r\u00e8gles canoniques en mati\u00e8re de planification, d\u00e9pla\u00e7ant les capacit\u00e9s de mani\u00e8re assim\u00e9trique au-del\u00e0 des contours de b\u00e2timents rectangulaires, y compris de nouvelles formes dans la composition habituelle. Donc, il est apparu \u00e0 l'int\u00e9rieur de la cour spacieuse salle avec coupole sur tambour lumineux \u00e0 douze c\u00f4t\u00e9s, il est connu sous le nom de \u00abciel-lumi\u00e8re Abdullah-khan\u00bb. Le hall combine 20 hydjrs, situ\u00e9s sur 2 niveaux.<\/p>\n\n\t\t<\/div>\n\t<\/div>\n<\/div><\/div><\/div><\/div>","protected":false},"excerpt":{"rendered":"Kosh-Madrasah ensemble Kosh means \u00abdouble\u00bb. Ensemble includes 2 buildings: Modari-khan Madrasah and Abdullah-khan Madrasah. The buildings stand on narrow street sides, faced partal to each...","protected":false},"author":1,"featured_media":0,"parent":23258,"menu_order":0,"comment_status":"closed","ping_status":"closed","template":"","meta":[],"_links":{"self":[{"href":"https:\/\/sacredeasttravel.com\/fr\/wp-json\/wp\/v2\/pages\/24541"}],"collection":[{"href":"https:\/\/sacredeasttravel.com\/fr\/wp-json\/wp\/v2\/pages"}],"about":[{"href":"https:\/\/sacredeasttravel.com\/fr\/wp-json\/wp\/v2\/types\/page"}],"author":[{"embeddable":true,"href":"https:\/\/sacredeasttravel.com\/fr\/wp-json\/wp\/v2\/users\/1"}],"replies":[{"embeddable":true,"href":"https:\/\/sacredeasttravel.com\/fr\/wp-json\/wp\/v2\/comments?post=24541"}],"version-history":[{"count":0,"href":"https:\/\/sacredeasttravel.com\/fr\/wp-json\/wp\/v2\/pages\/24541\/revisions"}],"up":[{"embeddable":true,"href":"https:\/\/sacredeasttravel.com\/fr\/wp-json\/wp\/v2\/pages\/23258"}],"wp:attachment":[{"href":"https:\/\/sacredeasttravel.com\/fr\/wp-json\/wp\/v2\/media?parent=24541"}],"curies":[{"name":"wp","href":"https:\/\/api.w.org\/{rel}","templated":true}]}}