{"id":24546,"date":"2021-06-24T18:58:32","date_gmt":"2021-06-24T18:58:32","guid":{"rendered":"https:\/\/sacredeasttravel.com\/?page_id=24546"},"modified":"2021-06-24T18:58:32","modified_gmt":"2021-06-24T18:58:32","slug":"kibla-tozabog","status":"publish","type":"page","link":"https:\/\/sacredeasttravel.com\/fr\/uzbekistan\/khiva\/kibla-tozabog\/","title":{"rendered":"Kibla Tozabog"},"content":{"rendered":"<div class=\"vc_row wpb_row vc_row-fluid\"><div class=\"wpb_column vc_column_container vc_col-sm-12\"><div class=\"vc_column-inner\"><div class=\"wpb_wrapper\">\n\t<div  class=\"wpb_single_image wpb_content_element vc_align_left\">\n\t\t\n\t\t<figure class=\"wpb_wrapper vc_figure\">\n\t\t\t<div class=\"vc_single_image-wrapper   vc_box_border_grey\"><img width=\"900\" height=\"600\" src=\"https:\/\/sacredeasttravel.com\/wp-content\/uploads\/2021\/06\/tozabog3.jpg\" class=\"vc_single_image-img attachment-full\" alt=\"\" decoding=\"async\" loading=\"lazy\" srcset=\"https:\/\/sacredeasttravel.com\/wp-content\/uploads\/2021\/06\/tozabog3.jpg 900w, https:\/\/sacredeasttravel.com\/wp-content\/uploads\/2021\/06\/tozabog3-300x200.jpg 300w, https:\/\/sacredeasttravel.com\/wp-content\/uploads\/2021\/06\/tozabog3-768x512.jpg 768w, https:\/\/sacredeasttravel.com\/wp-content\/uploads\/2021\/06\/tozabog3-16x12.jpg 16w, https:\/\/sacredeasttravel.com\/wp-content\/uploads\/2021\/06\/tozabog3-600x400.jpg 600w\" sizes=\"(max-width: 900px) 100vw, 900px\" \/><\/div>\n\t\t<\/figure>\n\t<\/div>\n\n\t<div class=\"wpb_text_column wpb_content_element\" >\n\t\t<div class=\"wpb_wrapper\">\n\t\t\t<h2 style=\"text-align: center;\">Kibla Tozabog<\/h2>\n<hr class=\"divider active horizontal-break small\" \/>\n\n\t\t<\/div>\n\t<\/div>\n\n\t<div class=\"wpb_text_column wpb_content_element\" >\n\t\t<div class=\"wpb_wrapper\">\n\t\t\t<p>A deux kilom\u00e8tres au sud-ouest de Khiva sur le territoire de 0,5 ha se trouve l'une des r\u00e9sidences d'\u00e9t\u00e9 de Khiva Khans de la dynastie Kungrat. La r\u00e9sidence d'\u00e9t\u00e9 a \u00e9t\u00e9 construite en 1897 sur ordre du Khiva Khan Muhammad Rahimhan II.<\/p>\n<p>Muhammad Rahimhan II est le onzi\u00e8me souverain de Khiva de la dynastie Kungrat. Il est n\u00e9 en 1845 et est arriv\u00e9 au pouvoir \u00e0 Khiva en 1864. Son r\u00e9giment \u00e0 Khiva se distinguait par la construction de nombreuses mosqu\u00e9es, madrassah, bains publics et autres structures d'architecture civile. Le monument le plus c\u00e9l\u00e8bre construit par ordre de Mukammad Rakimhan II \u00e0 ce jour est la m\u00e9dersa Muhammad Rahimhan II, la plus grande madrassah d'Asie centrale.<\/p>\n<p>Muhammad Rahimhan a commenc\u00e9 la construction de sa r\u00e9sidence d'\u00e9t\u00e9 Kibla Tozabog en 1897. La r\u00e9sidence d'\u00e9t\u00e9 est un complexe de palais compos\u00e9 de trois m\u00e8tres de tailles diff\u00e9rentes. Dans chaque cour, il y avait de grandes maisons \u00e0 deux \u00e9tages d\u00e9cor\u00e9es de l'ext\u00e9rieur avec des colonnes en bois sculpt\u00e9es. Sur le territoire de chaque cour, il y a de grands ayvans avec des mains courantes et des pieds sculpt\u00e9s o\u00f9 le khan et ses serviteurs se reposaient pendant les jours les plus chauds de l'\u00e9t\u00e9. Le complexe du palais est entour\u00e9 de d\u00e9pendances construites le long de son p\u00e9rim\u00e8tre.<\/p>\n<p>Chacun des palais de la r\u00e9sidence est c\u00e9l\u00e8bre pour sa caract\u00e9ristique architecturale. Au centre du premier palais se trouve un bassin en forme de fontaine entour\u00e9 de parterres de fleurs. En outre, il y a une salle d'audience d\u00e9cor\u00e9e dans un style europ\u00e9en. L'une des caract\u00e9ristiques de cette salle est de grandes fen\u00eatres qui en principe ne sont pas conventionnelles pour l'architecture orientale.<\/p>\n<p>Deux autres cours abritent la chambre personnelle d'un khan et ses harems ainsi que des mosqu\u00e9es d'hiver et d'\u00e9t\u00e9, des madrassah, des \u00e9curies et des structures domestiques. Tous sont construits dans un style semi-europ\u00e9en. L'application d'\u00e9l\u00e9ments d'architecture europ\u00e9enne est courante pour l'architecture de Khiva et de Boukhara \u00e0 la fin du XIXe si\u00e8cle. Les khanats de Khiva et de Boukhara \u00e9taient sous le protectorat de l'Empire russe \u00e0 cette \u00e9poque. En m\u00eame temps, l'architecture du palais Kibla Tozabog pr\u00e9serve les meilleures traditions de l'Est et le b\u00e2timent lui-m\u00eame est entour\u00e9 de beaux jardins ombrag\u00e9s assurant l'ombre et la fra\u00eecheur par temps chaud.<\/p>\n<p>Le palais de Tozabog a \u00e9t\u00e9 enti\u00e8rement construit en brique br\u00fbl\u00e9e. Les murs de la r\u00e9sidence sont d\u00e9cor\u00e9s de ganch sculpt\u00e9s et plaqu\u00e9s or. Les portes des halls et des chambres ont \u00e9t\u00e9 fabriqu\u00e9es sur commande sp\u00e9ciale des ma\u00eetres attir\u00e9s de Russie. Tozabog - la r\u00e9sidence d'\u00e9t\u00e9 des \u00e9mirs de Khiva est l'un des plus beaux monuments de Khiva du XIXe si\u00e8cle.<\/p>\n\n\t\t<\/div>\n\t<\/div>\n<\/div><\/div><\/div><\/div>","protected":false},"excerpt":{"rendered":"Kibla Tozabog Two kilometers to south-west from Khiva in the territory of 0,5 ha there is one of the summer residences of Khiva Khans of...","protected":false},"author":1,"featured_media":0,"parent":23451,"menu_order":0,"comment_status":"closed","ping_status":"closed","template":"","meta":[],"_links":{"self":[{"href":"https:\/\/sacredeasttravel.com\/fr\/wp-json\/wp\/v2\/pages\/24546"}],"collection":[{"href":"https:\/\/sacredeasttravel.com\/fr\/wp-json\/wp\/v2\/pages"}],"about":[{"href":"https:\/\/sacredeasttravel.com\/fr\/wp-json\/wp\/v2\/types\/page"}],"author":[{"embeddable":true,"href":"https:\/\/sacredeasttravel.com\/fr\/wp-json\/wp\/v2\/users\/1"}],"replies":[{"embeddable":true,"href":"https:\/\/sacredeasttravel.com\/fr\/wp-json\/wp\/v2\/comments?post=24546"}],"version-history":[{"count":1,"href":"https:\/\/sacredeasttravel.com\/fr\/wp-json\/wp\/v2\/pages\/24546\/revisions"}],"predecessor-version":[{"id":24548,"href":"https:\/\/sacredeasttravel.com\/fr\/wp-json\/wp\/v2\/pages\/24546\/revisions\/24548"}],"up":[{"embeddable":true,"href":"https:\/\/sacredeasttravel.com\/fr\/wp-json\/wp\/v2\/pages\/23451"}],"wp:attachment":[{"href":"https:\/\/sacredeasttravel.com\/fr\/wp-json\/wp\/v2\/media?parent=24546"}],"curies":[{"name":"wp","href":"https:\/\/api.w.org\/{rel}","templated":true}]}}